{"id":21947,"date":"2025-12-02T17:20:03","date_gmt":"2025-12-02T16:20:03","guid":{"rendered":"https:\/\/limage-et-le-livre.com\/?post_type=product&#038;p=21947"},"modified":"2026-04-08T14:10:59","modified_gmt":"2026-04-08T12:10:59","slug":"les-bonnes-idees-de-becassine","status":"publish","type":"product","link":"https:\/\/limage-et-le-livre.com\/en\/livres\/enfantina\/les-bonnes-idees-de-becassine\/","title":{"rendered":"Les Bonnes Id\u00e9es de B\u00e9cassine"},"content":{"rendered":"<p><strong>Paris, Editions Gautier-Languereau, 1930<\/strong><\/p>\n<p><p>Paris, Editions Gautier-Languereau, 1930 ; in-4 de 63 pages. Cartonnage d&#8217;\u00e9diteur, illustr\u00e9 en couleurs, dos en toile bleue. Quelques pliures sur le premier plat. L&#8217;int\u00e9rieur est tr\u00e8s frais. Tr\u00e8s bel exemplaire malgr\u00e9 le d\u00e9faut signal\u00e9.<\/p>\n<\/p>\n<p><small>Le prix du port est calcule selon la destination et le poids du colis.<\/small><\/p>\n","protected":false},"excerpt":{"rendered":"<p>Les Bonnes Id\u00e9es de B\u00e9cassine. Caumery. 1930.<\/p>\n","protected":false},"featured_media":23672,"template":"","meta":[],"product_brand":[],"product_cat":[5225,5114],"product_tag":[5606,3145,5605,5607],"class_list":{"0":"post-21947","1":"product","2":"type-product","3":"status-publish","4":"has-post-thumbnail","6":"product_cat-enfantina","7":"product_cat-livres","8":"product_tag-becassine","9":"product_tag-enfance","10":"product_tag-enfantina","11":"product_tag-livres-illustres","12":"product_shipping_class-cat-livraison-2","13":"pa_annee-de-publication-2714","14":"pa_editeur-editions-gautier-languereau","15":"pa_illustrateur-pinchon","16":"pa_langue-fr","17":"pa_lieu-de-publication-paris","18":"pa_type-couverture-couverture-rigide","20":"first","21":"instock","22":"shipping-taxable","23":"purchasable","24":"product-type-simple"},"_links":{"self":[{"href":"https:\/\/limage-et-le-livre.com\/en\/wp-json\/wp\/v2\/product\/21947","targetHints":{"allow":["GET"]}}],"collection":[{"href":"https:\/\/limage-et-le-livre.com\/en\/wp-json\/wp\/v2\/product"}],"about":[{"href":"https:\/\/limage-et-le-livre.com\/en\/wp-json\/wp\/v2\/types\/product"}],"version-history":[{"count":3,"href":"https:\/\/limage-et-le-livre.com\/en\/wp-json\/wp\/v2\/product\/21947\/revisions"}],"predecessor-version":[{"id":23678,"href":"https:\/\/limage-et-le-livre.com\/en\/wp-json\/wp\/v2\/product\/21947\/revisions\/23678"}],"wp:featuredmedia":[{"embeddable":true,"href":"https:\/\/limage-et-le-livre.com\/en\/wp-json\/wp\/v2\/media\/23672"}],"wp:attachment":[{"href":"https:\/\/limage-et-le-livre.com\/en\/wp-json\/wp\/v2\/media?parent=21947"}],"wp:term":[{"taxonomy":"product_brand","embeddable":true,"href":"https:\/\/limage-et-le-livre.com\/en\/wp-json\/wp\/v2\/product_brand?post=21947"},{"taxonomy":"product_cat","embeddable":true,"href":"https:\/\/limage-et-le-livre.com\/en\/wp-json\/wp\/v2\/product_cat?post=21947"},{"taxonomy":"product_tag","embeddable":true,"href":"https:\/\/limage-et-le-livre.com\/en\/wp-json\/wp\/v2\/product_tag?post=21947"}],"curies":[{"name":"wp","href":"https:\/\/api.w.org\/{rel}","templated":true}]}}