{"id":21978,"date":"2025-12-04T15:30:58","date_gmt":"2025-12-04T14:30:58","guid":{"rendered":"https:\/\/limage-et-le-livre.com\/?post_type=product&#038;p=21978"},"modified":"2026-03-12T16:07:22","modified_gmt":"2026-03-12T15:07:22","slug":"beaute-magazine","status":"publish","type":"product","link":"https:\/\/limage-et-le-livre.com\/en\/varia-en\/beaute-magazine\/","title":{"rendered":"Beaut\u00e9 Magazine"},"content":{"rendered":"<p>Paris, H\u00e9lios-Archereau, 1929 &#8211; 1930 ; Paris, Les Deux tourelles, 1931 &#8211; 1932. Un volume in folio reli\u00e9 demi-toile \u00e0 coins regroupant 11 num\u00e9ros de la revue Beaut\u00e9 magazine, du n\u00b0 1 au n\u00b0 11 (1929 &#8211; 1930). Sont reli\u00e9s \u00e0 la suite 3 num\u00e9ros de &#8220;Formes de femme&#8221; de 1931 \u00e0 1932. Nombreuses illustrations photographiques et en h\u00e9liogravures.<\/p>\n","protected":false},"excerpt":{"rendered":"<p>Beaut\u00e9 magazine. 11 num\u00e9ros, du n\u00b01 au n\u00b0 11, 1929 &#8211; 1930.<\/p>\n","protected":false},"featured_media":21970,"template":"","meta":[],"product_brand":[],"product_cat":[5223],"product_tag":[9000,9882,10220,9880],"class_list":{"0":"post-21978","1":"product","2":"type-product","3":"status-publish","4":"has-post-thumbnail","6":"product_cat-varia","7":"product_tag-cabaret","8":"product_tag-erotique","9":"product_tag-heliogravure","10":"product_tag-revue","11":"product_shipping_class-cat-livraison-4","12":"pa_annee-de-publication-235","13":"pa_annee-de-publication-2714","14":"pa_dimension-in-folio","15":"pa_editeur-helios-archereau","16":"pa_etat-de-conservation-tres-bon","17":"pa_lieu-de-publication-paris","18":"pa_type-couverture-couverture-rigide","20":"first","21":"outofstock","22":"shipping-taxable","23":"purchasable","24":"product-type-simple"},"_links":{"self":[{"href":"https:\/\/limage-et-le-livre.com\/en\/wp-json\/wp\/v2\/product\/21978","targetHints":{"allow":["GET"]}}],"collection":[{"href":"https:\/\/limage-et-le-livre.com\/en\/wp-json\/wp\/v2\/product"}],"about":[{"href":"https:\/\/limage-et-le-livre.com\/en\/wp-json\/wp\/v2\/types\/product"}],"version-history":[{"count":2,"href":"https:\/\/limage-et-le-livre.com\/en\/wp-json\/wp\/v2\/product\/21978\/revisions"}],"predecessor-version":[{"id":21980,"href":"https:\/\/limage-et-le-livre.com\/en\/wp-json\/wp\/v2\/product\/21978\/revisions\/21980"}],"wp:featuredmedia":[{"embeddable":true,"href":"https:\/\/limage-et-le-livre.com\/en\/wp-json\/wp\/v2\/media\/21970"}],"wp:attachment":[{"href":"https:\/\/limage-et-le-livre.com\/en\/wp-json\/wp\/v2\/media?parent=21978"}],"wp:term":[{"taxonomy":"product_brand","embeddable":true,"href":"https:\/\/limage-et-le-livre.com\/en\/wp-json\/wp\/v2\/product_brand?post=21978"},{"taxonomy":"product_cat","embeddable":true,"href":"https:\/\/limage-et-le-livre.com\/en\/wp-json\/wp\/v2\/product_cat?post=21978"},{"taxonomy":"product_tag","embeddable":true,"href":"https:\/\/limage-et-le-livre.com\/en\/wp-json\/wp\/v2\/product_tag?post=21978"}],"curies":[{"name":"wp","href":"https:\/\/api.w.org\/{rel}","templated":true}]}}