{"id":21981,"date":"2025-12-04T15:38:14","date_gmt":"2025-12-04T14:38:14","guid":{"rendered":"https:\/\/limage-et-le-livre.com\/?post_type=product&#038;p=21981"},"modified":"2026-03-12T16:07:22","modified_gmt":"2026-03-12T15:07:22","slug":"paris-plaisirs","status":"publish","type":"product","link":"https:\/\/limage-et-le-livre.com\/en\/varia-en\/paris-plaisirs\/","title":{"rendered":"Paris Plaisirs"},"content":{"rendered":"<p>Paris, s.n., 1925 &#8211; 1927. Un volume in folio reli\u00e9 demi-toile \u00e0 coins regroupant 43 num\u00e9ros (sans les couvertures) de la revue mensuelle esth\u00e9tique et humoristique Paris-Plaisirs des ann\u00e9es 1920 (1925 \u00e0 1927). Nombreuses illustrations dont des photographiques.<\/p>\n","protected":false},"excerpt":{"rendered":"<p>Paris-Plaisirs. 43 num\u00e9ros de 1925 \u00e0 1927.<\/p>\n","protected":false},"featured_media":21954,"template":"","meta":[],"product_brand":[],"product_cat":[5223],"product_tag":[9000,9882,9880],"class_list":{"0":"post-21981","1":"product","2":"type-product","3":"status-publish","4":"has-post-thumbnail","6":"product_cat-varia","7":"product_tag-cabaret","8":"product_tag-erotique","9":"product_tag-revue","10":"product_shipping_class-cat-livraison-4","11":"pa_annee-de-publication-2594","12":"pa_annee-de-publication-224","13":"pa_annee-de-publication-1145","14":"pa_dimension-in-folio","15":"pa_etat-de-conservation-tres-bon","16":"pa_lieu-de-publication-paris","17":"pa_type-couverture-couverture-rigide","19":"first","20":"instock","21":"shipping-taxable","22":"purchasable","23":"product-type-simple"},"_links":{"self":[{"href":"https:\/\/limage-et-le-livre.com\/en\/wp-json\/wp\/v2\/product\/21981","targetHints":{"allow":["GET"]}}],"collection":[{"href":"https:\/\/limage-et-le-livre.com\/en\/wp-json\/wp\/v2\/product"}],"about":[{"href":"https:\/\/limage-et-le-livre.com\/en\/wp-json\/wp\/v2\/types\/product"}],"version-history":[{"count":2,"href":"https:\/\/limage-et-le-livre.com\/en\/wp-json\/wp\/v2\/product\/21981\/revisions"}],"predecessor-version":[{"id":21983,"href":"https:\/\/limage-et-le-livre.com\/en\/wp-json\/wp\/v2\/product\/21981\/revisions\/21983"}],"wp:featuredmedia":[{"embeddable":true,"href":"https:\/\/limage-et-le-livre.com\/en\/wp-json\/wp\/v2\/media\/21954"}],"wp:attachment":[{"href":"https:\/\/limage-et-le-livre.com\/en\/wp-json\/wp\/v2\/media?parent=21981"}],"wp:term":[{"taxonomy":"product_brand","embeddable":true,"href":"https:\/\/limage-et-le-livre.com\/en\/wp-json\/wp\/v2\/product_brand?post=21981"},{"taxonomy":"product_cat","embeddable":true,"href":"https:\/\/limage-et-le-livre.com\/en\/wp-json\/wp\/v2\/product_cat?post=21981"},{"taxonomy":"product_tag","embeddable":true,"href":"https:\/\/limage-et-le-livre.com\/en\/wp-json\/wp\/v2\/product_tag?post=21981"}],"curies":[{"name":"wp","href":"https:\/\/api.w.org\/{rel}","templated":true}]}}