{"id":22006,"date":"2025-12-10T16:11:56","date_gmt":"2025-12-10T15:11:56","guid":{"rendered":"https:\/\/limage-et-le-livre.com\/?post_type=product&#038;p=22006"},"modified":"2025-12-10T16:22:12","modified_gmt":"2025-12-10T15:22:12","slug":"un-reformateur-catholique-a-la-fin-du-xve-siecle-jean-geiler-de-kaysersberg-predicateur-a-la-cathedrale-de-strasbourg-1478-1510-etude-sur-sa-vie-et-son-temps-2","status":"publish","type":"product","link":"https:\/\/limage-et-le-livre.com\/en\/books\/alsatique-en\/un-reformateur-catholique-a-la-fin-du-xve-siecle-jean-geiler-de-kaysersberg-predicateur-a-la-cathedrale-de-strasbourg-1478-1510-etude-sur-sa-vie-et-son-temps-2\/","title":{"rendered":"Un r\u00e9formateur catholique \u00e0 la fin..."},"content":{"rendered":"<p>Paris et Strasbourg, Charles Delagrave et Derivaux, 1876 ; in-8 de 583 pages et XCV pages de pi\u00e8ces justificatives. Demi-toile, dos lisse avec filets \u00e0 froid, titre et auteur dor\u00e9s. Cachet de biblioth\u00e8que sur la page de titre et marque d&#8217;encre rouge sur la page de titre et le frontispice. Portrait de Geiler en frontispice et fac-simil\u00e9 d&#8217;un autographe de Geiler.<\/p>\n","protected":false},"excerpt":{"rendered":"<p>Un r\u00e9formateur catholique \u00e0 la fin du XVe si\u00e8cle. Jean Geiler de Kaysersberg, pr\u00e9dicateur \u00e0 la cath\u00e9drale de Strasbourg 1478 &#8211; 1510. Etude sur sa vie et son temps. Dacheux (L\u00e9on, Abb\u00e9). 1876.<\/p>\n","protected":false},"featured_media":22002,"template":"","meta":[],"product_brand":[],"product_cat":[5147,5128],"product_tag":[877,870,5573,2350],"class_list":{"0":"post-22006","1":"product","2":"type-product","3":"status-publish","4":"has-post-thumbnail","6":"product_cat-alsatique","7":"product_cat-histoire","8":"product_tag-alsace","9":"product_tag-alsatique","10":"product_tag-reforme","11":"product_tag-strasbourg","12":"product_shipping_class-cat-livraison-3","13":"pa_annee-de-publication-2688","14":"pa_dimension-in-8","15":"pa_editeur-charles-delagrave-et-derivaux","16":"pa_etat-de-conservation-bon","17":"pa_langue-francais","18":"pa_lieu-de-publication-paris-et-strasbourg","19":"pa_type-couverture-couverture-rigide","21":"first","22":"instock","23":"shipping-taxable","24":"purchasable","25":"product-type-simple"},"_links":{"self":[{"href":"https:\/\/limage-et-le-livre.com\/en\/wp-json\/wp\/v2\/product\/22006","targetHints":{"allow":["GET"]}}],"collection":[{"href":"https:\/\/limage-et-le-livre.com\/en\/wp-json\/wp\/v2\/product"}],"about":[{"href":"https:\/\/limage-et-le-livre.com\/en\/wp-json\/wp\/v2\/types\/product"}],"version-history":[{"count":2,"href":"https:\/\/limage-et-le-livre.com\/en\/wp-json\/wp\/v2\/product\/22006\/revisions"}],"predecessor-version":[{"id":22008,"href":"https:\/\/limage-et-le-livre.com\/en\/wp-json\/wp\/v2\/product\/22006\/revisions\/22008"}],"wp:featuredmedia":[{"embeddable":true,"href":"https:\/\/limage-et-le-livre.com\/en\/wp-json\/wp\/v2\/media\/22002"}],"wp:attachment":[{"href":"https:\/\/limage-et-le-livre.com\/en\/wp-json\/wp\/v2\/media?parent=22006"}],"wp:term":[{"taxonomy":"product_brand","embeddable":true,"href":"https:\/\/limage-et-le-livre.com\/en\/wp-json\/wp\/v2\/product_brand?post=22006"},{"taxonomy":"product_cat","embeddable":true,"href":"https:\/\/limage-et-le-livre.com\/en\/wp-json\/wp\/v2\/product_cat?post=22006"},{"taxonomy":"product_tag","embeddable":true,"href":"https:\/\/limage-et-le-livre.com\/en\/wp-json\/wp\/v2\/product_tag?post=22006"}],"curies":[{"name":"wp","href":"https:\/\/api.w.org\/{rel}","templated":true}]}}