{"id":22032,"date":"2026-01-06T16:26:34","date_gmt":"2026-01-06T15:26:34","guid":{"rendered":"https:\/\/limage-et-le-livre.com\/?post_type=product&#038;p=22032"},"modified":"2026-04-08T14:11:08","modified_gmt":"2026-04-08T12:11:08","slug":"testament-politique-du-cardinal-jules-alberoni-recueilli-de-divers-memoires-lettres-entretiens-de-son-eminence","status":"publish","type":"product","link":"https:\/\/limage-et-le-livre.com\/en\/books\/history\/testament-politique-du-cardinal-jules-alberoni-recueilli-de-divers-memoires-lettres-entretiens-de-son-eminence\/","title":{"rendered":"Testament Politique du Cardinal Jules Alberoni...."},"content":{"rendered":"<p><strong>Lausanne, Marc-Michel Bousquet, 1753<\/strong><\/p>\n<p><p>Lausanne, Chez Marc-Michel Bousquet &amp; Compagnie, 1753 ; in-12 de XXX + 460 pp. Plein veau de l&#8217;\u00e9poque, dos \u00e0 nerfs, pi\u00e8ce de titre, caissons orn\u00e9s de fleurons. \u00c9dition originale. Testament apocryphe de Giulio Alberoni (Plaisance, 1664 &#8211; Plaisance, 1752), cardinal et ministre de Philippe V d&#8217;Espagne, attribu\u00e9 \u00e0 Maubert de Gouvert ou \u00e0 Durey de Morsan.<\/p>\n<\/p>\n<p><small>Le prix du port est calcule selon la destination et le poids du colis.<\/small><\/p>\n","protected":false},"excerpt":{"rendered":"<p>Testament Politique du Cardinal Jules Alberoni. Recueilli de divers M\u00e9moires, Lettres &amp; Entretiens de Son Eminence. 1753.<\/p>\n","protected":false},"featured_media":23686,"template":"","meta":[],"product_brand":[],"product_cat":[5128,5114],"product_tag":[1117,652,857],"class_list":{"0":"post-22032","1":"product","2":"type-product","3":"status-publish","4":"has-post-thumbnail","6":"product_cat-histoire","7":"product_cat-livres","8":"product_tag-espagne","9":"product_tag-histoire","10":"product_tag-memoires","11":"product_shipping_class-cat-livraison-2","12":"pa_annee-de-publication-1037","13":"pa_editeur-marc-michel-bousquet","14":"pa_etat-de-conservation-bon","15":"pa_langue-francais","16":"pa_lieu-de-publication-lausanne","17":"pa_type-couverture-couverture-rigide","19":"first","20":"instock","21":"shipping-taxable","22":"purchasable","23":"product-type-simple"},"_links":{"self":[{"href":"https:\/\/limage-et-le-livre.com\/en\/wp-json\/wp\/v2\/product\/22032","targetHints":{"allow":["GET"]}}],"collection":[{"href":"https:\/\/limage-et-le-livre.com\/en\/wp-json\/wp\/v2\/product"}],"about":[{"href":"https:\/\/limage-et-le-livre.com\/en\/wp-json\/wp\/v2\/types\/product"}],"version-history":[{"count":3,"href":"https:\/\/limage-et-le-livre.com\/en\/wp-json\/wp\/v2\/product\/22032\/revisions"}],"predecessor-version":[{"id":23692,"href":"https:\/\/limage-et-le-livre.com\/en\/wp-json\/wp\/v2\/product\/22032\/revisions\/23692"}],"wp:featuredmedia":[{"embeddable":true,"href":"https:\/\/limage-et-le-livre.com\/en\/wp-json\/wp\/v2\/media\/23686"}],"wp:attachment":[{"href":"https:\/\/limage-et-le-livre.com\/en\/wp-json\/wp\/v2\/media?parent=22032"}],"wp:term":[{"taxonomy":"product_brand","embeddable":true,"href":"https:\/\/limage-et-le-livre.com\/en\/wp-json\/wp\/v2\/product_brand?post=22032"},{"taxonomy":"product_cat","embeddable":true,"href":"https:\/\/limage-et-le-livre.com\/en\/wp-json\/wp\/v2\/product_cat?post=22032"},{"taxonomy":"product_tag","embeddable":true,"href":"https:\/\/limage-et-le-livre.com\/en\/wp-json\/wp\/v2\/product_tag?post=22032"}],"curies":[{"name":"wp","href":"https:\/\/api.w.org\/{rel}","templated":true}]}}