{"id":22035,"date":"2026-01-06T16:33:27","date_gmt":"2026-01-06T15:33:27","guid":{"rendered":"https:\/\/limage-et-le-livre.com\/?post_type=product&#038;p=22035"},"modified":"2026-03-12T16:08:15","modified_gmt":"2026-03-12T15:08:15","slug":"bataille-daboukir","status":"publish","type":"product","link":"https:\/\/limage-et-le-livre.com\/en\/varia-en\/bataille-daboukir\/","title":{"rendered":"Bataille d&#8217;Aboukir"},"content":{"rendered":"<p>Bataille d&#8217;Aboukir. Lithographie de Charles Motte (1784 &#8211; 1836) d&#8217;apr\u00e8s Alexandre-Gabriel Decamps (1803 &#8211; 1860). Dimension du feuillet : 384 x 499 mm. Dimension du sujet : 297 x 412 mm. Epidermures marginales.<\/p>\n","protected":false},"excerpt":{"rendered":"<p>Bataille d&#8217;Aboukir. Lithographie de Charles Motte (1784 &#8211; 1836) d&#8217;apr\u00e8s Alexandre-Gabriel Decamps (1803 &#8211; 1860). 19\u00e8me si\u00e8cle.<\/p>\n","protected":false},"featured_media":22024,"template":"","meta":[],"product_brand":[],"product_cat":[5223],"product_tag":[1295,8236,8580],"class_list":{"0":"post-22035","1":"product","2":"type-product","3":"status-publish","4":"has-post-thumbnail","6":"product_cat-varia","7":"product_tag-campagnes-napoleonniennes","8":"product_tag-egypte","9":"product_tag-napoleon-ier","10":"product_shipping_class-cat-livraison-3","11":"pa_etat-de-conservation-assez-bon","12":"pa_illustrateur-alexandre-gabriel-decamps","13":"pa_type-couverture-pas-de-couverture","15":"first","16":"instock","17":"shipping-taxable","18":"purchasable","19":"product-type-simple"},"_links":{"self":[{"href":"https:\/\/limage-et-le-livre.com\/en\/wp-json\/wp\/v2\/product\/22035","targetHints":{"allow":["GET"]}}],"collection":[{"href":"https:\/\/limage-et-le-livre.com\/en\/wp-json\/wp\/v2\/product"}],"about":[{"href":"https:\/\/limage-et-le-livre.com\/en\/wp-json\/wp\/v2\/types\/product"}],"version-history":[{"count":2,"href":"https:\/\/limage-et-le-livre.com\/en\/wp-json\/wp\/v2\/product\/22035\/revisions"}],"predecessor-version":[{"id":22037,"href":"https:\/\/limage-et-le-livre.com\/en\/wp-json\/wp\/v2\/product\/22035\/revisions\/22037"}],"wp:featuredmedia":[{"embeddable":true,"href":"https:\/\/limage-et-le-livre.com\/en\/wp-json\/wp\/v2\/media\/22024"}],"wp:attachment":[{"href":"https:\/\/limage-et-le-livre.com\/en\/wp-json\/wp\/v2\/media?parent=22035"}],"wp:term":[{"taxonomy":"product_brand","embeddable":true,"href":"https:\/\/limage-et-le-livre.com\/en\/wp-json\/wp\/v2\/product_brand?post=22035"},{"taxonomy":"product_cat","embeddable":true,"href":"https:\/\/limage-et-le-livre.com\/en\/wp-json\/wp\/v2\/product_cat?post=22035"},{"taxonomy":"product_tag","embeddable":true,"href":"https:\/\/limage-et-le-livre.com\/en\/wp-json\/wp\/v2\/product_tag?post=22035"}],"curies":[{"name":"wp","href":"https:\/\/api.w.org\/{rel}","templated":true}]}}