{"id":22052,"date":"2026-01-08T11:27:37","date_gmt":"2026-01-08T10:27:37","guid":{"rendered":"https:\/\/limage-et-le-livre.com\/?post_type=product&#038;p=22052"},"modified":"2026-03-12T16:07:21","modified_gmt":"2026-03-12T15:07:21","slug":"bohemer-konigreich-mit-bergen-und-walden-gerings-umb-beschlossen","status":"publish","type":"product","link":"https:\/\/limage-et-le-livre.com\/en\/varia-en\/bohemer-konigreich-mit-bergen-und-walden-gerings-umb-beschlossen\/","title":{"rendered":"B\u00f6hemer K\u00f6nigreich mit Bergen und W\u00e4lden..."},"content":{"rendered":"<p>B\u00f6hemer K\u00f6nigreich mit Bergen und W\u00e4lden gerings umb beschlossen. Sebastian Munster. Gravure sur bois. XVIe si\u00e8cle. Coloris main. Dimension du feuillet : 342 x 408 mm ; Dimension du sujet : 310 x 360 mm. Carte de la Boh\u00eame issue de la Cosmographie de Sebastian Munster.<\/p>\n","protected":false},"excerpt":{"rendered":"<p>B\u00f6hemer K\u00f6nigreich mit Bergen und W\u00e4lden gerings umb beschlossen. Sebastian Munster. Gravure sur bois. XVIe si\u00e8cle.<\/p>\n","protected":false},"featured_media":22040,"template":"","meta":[],"product_brand":[],"product_cat":[5223],"product_tag":[10235,3262,10237,10065,10236],"class_list":{"0":"post-22052","1":"product","2":"type-product","3":"status-publish","4":"has-post-thumbnail","6":"product_cat-varia","7":"product_tag-boheme","8":"product_tag-carte-ancienne","9":"product_tag-europe-centrale","10":"product_tag-sebastien-munster","11":"product_tag-tchequie","12":"product_shipping_class-cat-livraison-3","13":"pa_etat-de-conservation-bon","14":"pa_langue-allemand","15":"pa_type-couverture-pas-de-couverture","17":"first","18":"instock","19":"shipping-taxable","20":"purchasable","21":"product-type-simple"},"_links":{"self":[{"href":"https:\/\/limage-et-le-livre.com\/en\/wp-json\/wp\/v2\/product\/22052","targetHints":{"allow":["GET"]}}],"collection":[{"href":"https:\/\/limage-et-le-livre.com\/en\/wp-json\/wp\/v2\/product"}],"about":[{"href":"https:\/\/limage-et-le-livre.com\/en\/wp-json\/wp\/v2\/types\/product"}],"version-history":[{"count":2,"href":"https:\/\/limage-et-le-livre.com\/en\/wp-json\/wp\/v2\/product\/22052\/revisions"}],"predecessor-version":[{"id":22054,"href":"https:\/\/limage-et-le-livre.com\/en\/wp-json\/wp\/v2\/product\/22052\/revisions\/22054"}],"wp:featuredmedia":[{"embeddable":true,"href":"https:\/\/limage-et-le-livre.com\/en\/wp-json\/wp\/v2\/media\/22040"}],"wp:attachment":[{"href":"https:\/\/limage-et-le-livre.com\/en\/wp-json\/wp\/v2\/media?parent=22052"}],"wp:term":[{"taxonomy":"product_brand","embeddable":true,"href":"https:\/\/limage-et-le-livre.com\/en\/wp-json\/wp\/v2\/product_brand?post=22052"},{"taxonomy":"product_cat","embeddable":true,"href":"https:\/\/limage-et-le-livre.com\/en\/wp-json\/wp\/v2\/product_cat?post=22052"},{"taxonomy":"product_tag","embeddable":true,"href":"https:\/\/limage-et-le-livre.com\/en\/wp-json\/wp\/v2\/product_tag?post=22052"}],"curies":[{"name":"wp","href":"https:\/\/api.w.org\/{rel}","templated":true}]}}