{"id":22065,"date":"2026-01-08T17:49:19","date_gmt":"2026-01-08T16:49:19","guid":{"rendered":"https:\/\/limage-et-le-livre.com\/?post_type=product&#038;p=22065"},"modified":"2026-03-12T16:07:21","modified_gmt":"2026-03-12T15:07:21","slug":"portrait-de-jean-duc-de-marlborough-marquis-de-blanfort","status":"publish","type":"product","link":"https:\/\/limage-et-le-livre.com\/en\/varia-en\/portrait-de-jean-duc-de-marlborough-marquis-de-blanfort\/","title":{"rendered":"Portrait de Jean, Duc de Marlborough,..."},"content":{"rendered":"<p>Portrait de Jean, Duc de Marlborough, Marquis de Blanfort. Grav\u00e9 par Peter Schenk l&#8217;Ancien (1660 &#8211; 1711). Vers 1705. Mani\u00e8re noire. Epreuve sur papier verg\u00e9. Dimension du feuillet : 293 x 208 mm. Dimension au coup de planche : 273 x 188 mm. Portrait de John Churchill, duc de Marlborough, g\u00e9n\u00e9ral de l&#8217;arm\u00e9e anglaise pendant la guerre de Succession d&#8217;Espagne d&#8217;apr\u00e8s une peinture de Gottfried Kneller (r\u00e9f\u00e9renc\u00e9 au Rijksmuseum).<\/p>\n","protected":false},"excerpt":{"rendered":"<p>Portrait de Jean, Duc de Marlborough, Marquis de Blanfort. Grav\u00e9 par Peter Schenk l&#8217;Ancien. Vers 1705.<\/p>\n","protected":false},"featured_media":22061,"template":"","meta":[],"product_brand":[],"product_cat":[5223],"product_tag":[1297,10239,10240,9310],"class_list":{"0":"post-22065","1":"product","2":"type-product","3":"status-publish","4":"has-post-thumbnail","6":"product_cat-varia","7":"product_tag-angleterre","8":"product_tag-maniere-noire","9":"product_tag-marlborough","10":"product_tag-portrait","11":"product_shipping_class-cat-livraison-3","12":"pa_etat-de-conservation-bon","13":"pa_langue-latin","14":"pa_lieu-de-publication-amsterdam","15":"pa_type-couverture-pas-de-couverture","17":"first","18":"instock","19":"shipping-taxable","20":"purchasable","21":"product-type-simple"},"_links":{"self":[{"href":"https:\/\/limage-et-le-livre.com\/en\/wp-json\/wp\/v2\/product\/22065","targetHints":{"allow":["GET"]}}],"collection":[{"href":"https:\/\/limage-et-le-livre.com\/en\/wp-json\/wp\/v2\/product"}],"about":[{"href":"https:\/\/limage-et-le-livre.com\/en\/wp-json\/wp\/v2\/types\/product"}],"version-history":[{"count":3,"href":"https:\/\/limage-et-le-livre.com\/en\/wp-json\/wp\/v2\/product\/22065\/revisions"}],"predecessor-version":[{"id":22071,"href":"https:\/\/limage-et-le-livre.com\/en\/wp-json\/wp\/v2\/product\/22065\/revisions\/22071"}],"wp:featuredmedia":[{"embeddable":true,"href":"https:\/\/limage-et-le-livre.com\/en\/wp-json\/wp\/v2\/media\/22061"}],"wp:attachment":[{"href":"https:\/\/limage-et-le-livre.com\/en\/wp-json\/wp\/v2\/media?parent=22065"}],"wp:term":[{"taxonomy":"product_brand","embeddable":true,"href":"https:\/\/limage-et-le-livre.com\/en\/wp-json\/wp\/v2\/product_brand?post=22065"},{"taxonomy":"product_cat","embeddable":true,"href":"https:\/\/limage-et-le-livre.com\/en\/wp-json\/wp\/v2\/product_cat?post=22065"},{"taxonomy":"product_tag","embeddable":true,"href":"https:\/\/limage-et-le-livre.com\/en\/wp-json\/wp\/v2\/product_tag?post=22065"}],"curies":[{"name":"wp","href":"https:\/\/api.w.org\/{rel}","templated":true}]}}