{"id":22068,"date":"2026-01-08T18:04:09","date_gmt":"2026-01-08T17:04:09","guid":{"rendered":"https:\/\/limage-et-le-livre.com\/?post_type=product&#038;p=22068"},"modified":"2026-04-08T14:19:00","modified_gmt":"2026-04-08T12:19:00","slug":"de-scriptoribus-rerum-alsaticarum-historicis-inde-a-primordiis-ad-saeculi-xviii-exitum","status":"publish","type":"product","link":"https:\/\/limage-et-le-livre.com\/en\/books\/de-scriptoribus-rerum-alsaticarum-historicis-inde-a-primordiis-ad-saeculi-xviii-exitum\/","title":{"rendered":"De scriptoribus rerum alsaticarum historicis inde..."},"content":{"rendered":"<p><strong>Strasbourg, Fridericum Bull, 1897<\/strong><\/p>\n<p><p>Strasbourg, Fridericum Bull,\u00a01897 ; in-8 de XII + 250 pp. Belle d\u00e9dicace de l&#8217;auteur \u00e0 Samuel Berger (1843, Beaucourt (Haut-Rhin) &#8211; 1900, S\u00e8vres), th\u00e9ologien protestant, professeur \u00e0 la facult\u00e9 de th\u00e9ologie protestante de Paris. Bel exemplaire de la th\u00e8se de l&#8217;auteur dans une jolie reliure.<\/p>\n<\/p>\n<p><small>Le prix du port est calcule selon la destination et le poids du colis.<\/small><\/p>\n","protected":false},"excerpt":{"rendered":"<p>De scriptoribus rerum alsaticarum historicis inde a primordiis ad saeculi XVIII exitum. Reuss (Rodophe). 1897. D\u00e9dicace d&rsquo;auteur.<\/p>\n","protected":false},"featured_media":23857,"template":"","meta":[],"product_brand":[],"product_cat":[5114],"product_tag":[870,652,9668],"class_list":{"0":"post-22068","1":"product","2":"type-product","3":"status-publish","4":"has-post-thumbnail","6":"product_cat-livres","7":"product_tag-alsatique","8":"product_tag-histoire","9":"product_tag-these","10":"product_shipping_class-cat-livraison-2","11":"pa_annee-de-publication-521","12":"pa_editeur-fridericum-bull","13":"pa_etat-de-conservation-bon","14":"pa_langue-latin","15":"pa_lieu-de-publication-strasbourg","16":"pa_type-couverture-couverture-rigide","18":"first","19":"instock","20":"shipping-taxable","21":"purchasable","22":"product-type-simple"},"_links":{"self":[{"href":"https:\/\/limage-et-le-livre.com\/en\/wp-json\/wp\/v2\/product\/22068","targetHints":{"allow":["GET"]}}],"collection":[{"href":"https:\/\/limage-et-le-livre.com\/en\/wp-json\/wp\/v2\/product"}],"about":[{"href":"https:\/\/limage-et-le-livre.com\/en\/wp-json\/wp\/v2\/types\/product"}],"version-history":[{"count":3,"href":"https:\/\/limage-et-le-livre.com\/en\/wp-json\/wp\/v2\/product\/22068\/revisions"}],"predecessor-version":[{"id":23863,"href":"https:\/\/limage-et-le-livre.com\/en\/wp-json\/wp\/v2\/product\/22068\/revisions\/23863"}],"wp:featuredmedia":[{"embeddable":true,"href":"https:\/\/limage-et-le-livre.com\/en\/wp-json\/wp\/v2\/media\/23857"}],"wp:attachment":[{"href":"https:\/\/limage-et-le-livre.com\/en\/wp-json\/wp\/v2\/media?parent=22068"}],"wp:term":[{"taxonomy":"product_brand","embeddable":true,"href":"https:\/\/limage-et-le-livre.com\/en\/wp-json\/wp\/v2\/product_brand?post=22068"},{"taxonomy":"product_cat","embeddable":true,"href":"https:\/\/limage-et-le-livre.com\/en\/wp-json\/wp\/v2\/product_cat?post=22068"},{"taxonomy":"product_tag","embeddable":true,"href":"https:\/\/limage-et-le-livre.com\/en\/wp-json\/wp\/v2\/product_tag?post=22068"}],"curies":[{"name":"wp","href":"https:\/\/api.w.org\/{rel}","templated":true}]}}