{"id":22097,"date":"2026-01-09T18:15:27","date_gmt":"2026-01-09T17:15:27","guid":{"rendered":"https:\/\/limage-et-le-livre.com\/?post_type=product&#038;p=22097"},"modified":"2026-04-08T14:11:15","modified_gmt":"2026-04-08T12:11:15","slug":"opera","status":"publish","type":"product","link":"https:\/\/limage-et-le-livre.com\/en\/books\/religion-en\/opera\/","title":{"rendered":"Opera."},"content":{"rendered":"<p><strong>B\u00e2le, Froben, 1521<\/strong><\/p>\n<p><p>B\u00e2le, Froben, 1521. In-folio de (14) f. + 615 pp. + (34) f.. Pleine reliure de l&#8217;\u00e9poque en peau retourn\u00e9e, dos \u00e0 5 nerfs, pi\u00e8ce de titre manuscrite sur v\u00e9lin. Epidermures et manque au dos dus \u00e0 la fragilit\u00e9 de la peau utilis\u00e9e. D\u00e9chirure, avec manque, dans la marge sup\u00e9rieure du 1er feuillet, petits travaux de vers et mouillures marginales. Premi\u00e8re \u00e9dition publi\u00e9e par Beatus Rhenanus des \u0153uvres et trait\u00e9s de Tertullien, th\u00e9ologien et P\u00e8re de l\u2019Eglise \u00e0 partir notamment d\u2019un manuscrit issu de la Biblioth\u00e8que de Payern, en possession de l\u2019humaniste s\u00e9lestadien. Cette \u00e9dition est agr\u00e9ment\u00e9e de trois grands encadrements richement illustr\u00e9s, dont la page de titre grav\u00e9e par Ambrosius Holbein.<\/p>\n<\/p>\n<p><small>Le prix du port est calcule selon la destination et le poids du colis.<\/small><\/p>\n","protected":false},"excerpt":{"rendered":"<p>Opera. TERTULLIEN (Quintus Septimius Florens Tertullianus, dit). B\u00e2le, Froben, 1521.<\/p>\n","protected":false},"featured_media":23693,"template":"","meta":[],"product_brand":[],"product_cat":[5114,5134],"product_tag":[10247,10248,8660],"class_list":{"0":"post-22097","1":"product","2":"type-product","3":"status-publish","4":"has-post-thumbnail","6":"product_cat-livres","7":"product_cat-religion","8":"product_tag-beatus-rhenanus","9":"product_tag-froben","10":"product_tag-humanisme","11":"product_shipping_class-cat-livraison-4","12":"pa_annee-de-publication-10242","13":"pa_editeur-froben","14":"pa_etat-de-conservation-assez-bon","15":"pa_illustrateur-ambrosius-holbein","16":"pa_langue-latin","17":"pa_lieu-de-publication-bale","18":"pa_type-couverture-couverture-rigide","20":"first","21":"instock","22":"shipping-taxable","23":"purchasable","24":"product-type-simple"},"_links":{"self":[{"href":"https:\/\/limage-et-le-livre.com\/en\/wp-json\/wp\/v2\/product\/22097","targetHints":{"allow":["GET"]}}],"collection":[{"href":"https:\/\/limage-et-le-livre.com\/en\/wp-json\/wp\/v2\/product"}],"about":[{"href":"https:\/\/limage-et-le-livre.com\/en\/wp-json\/wp\/v2\/types\/product"}],"version-history":[{"count":3,"href":"https:\/\/limage-et-le-livre.com\/en\/wp-json\/wp\/v2\/product\/22097\/revisions"}],"predecessor-version":[{"id":23711,"href":"https:\/\/limage-et-le-livre.com\/en\/wp-json\/wp\/v2\/product\/22097\/revisions\/23711"}],"wp:featuredmedia":[{"embeddable":true,"href":"https:\/\/limage-et-le-livre.com\/en\/wp-json\/wp\/v2\/media\/23693"}],"wp:attachment":[{"href":"https:\/\/limage-et-le-livre.com\/en\/wp-json\/wp\/v2\/media?parent=22097"}],"wp:term":[{"taxonomy":"product_brand","embeddable":true,"href":"https:\/\/limage-et-le-livre.com\/en\/wp-json\/wp\/v2\/product_brand?post=22097"},{"taxonomy":"product_cat","embeddable":true,"href":"https:\/\/limage-et-le-livre.com\/en\/wp-json\/wp\/v2\/product_cat?post=22097"},{"taxonomy":"product_tag","embeddable":true,"href":"https:\/\/limage-et-le-livre.com\/en\/wp-json\/wp\/v2\/product_tag?post=22097"}],"curies":[{"name":"wp","href":"https:\/\/api.w.org\/{rel}","templated":true}]}}