{"id":22100,"date":"2026-01-09T18:23:27","date_gmt":"2026-01-09T17:23:27","guid":{"rendered":"https:\/\/limage-et-le-livre.com\/?post_type=product&#038;p=22100"},"modified":"2026-04-08T14:11:20","modified_gmt":"2026-04-08T12:11:20","slug":"commentaire-sur-lesprit-des-lois-de-montesquieu","status":"publish","type":"product","link":"https:\/\/limage-et-le-livre.com\/en\/books\/law\/commentaire-sur-lesprit-des-lois-de-montesquieu\/","title":{"rendered":"Commentaire sur l\u2019Esprit des Lois de..."},"content":{"rendered":"<p><strong>Li\u00e8ge, Desoer, 1817<\/strong><\/p>\n<p><p>Li\u00e8ge, Chez J. F. Desoer, 1817 ; in-8 de XVI + 476 pp. + 1 f.. Demi veau glac\u00e9 racin\u00e9 moderne, dos \u00e0 nerfs, auteur et titre dor\u00e9s. Exemplaire non rogn\u00e9. Quelques pages l\u00e9g\u00e8rement jaunies. Edition originale en fran\u00e7ais, \u00e9dit\u00e9e \u00e0 Li\u00e8ge. Destutt de Tracy \u00e9crivit cet ouvrage en 1806 qu&#8217;il fit d&#8217;abord publi\u00e9 aux Etats-Unis, en anglais, en 1811, afin de contourner la censure imp\u00e9riale.<\/p>\n<\/p>\n<p><small>Le prix du port est calcule selon la destination et le poids du colis.<\/small><\/p>\n","protected":false},"excerpt":{"rendered":"<p>Commentaire sur l&rsquo;Esprit des Lois de Montesquieu ; Suivi d&rsquo;Observations in\u00e9dites de Condorcet, sur le vingt-neuvi\u00e8me livre du m\u00eame ouvrage. DESTUTT de TRACY (Antoine-Louis-Claude). 1817.<\/p>\n","protected":false},"featured_media":23712,"template":"","meta":[],"product_brand":[],"product_cat":[5144,5123,5114],"product_tag":[10252,700],"class_list":{"0":"post-22100","1":"product","2":"type-product","3":"status-publish","4":"has-post-thumbnail","6":"product_cat-droit","7":"product_cat-litterature","8":"product_cat-livres","9":"product_tag-montesquieu","10":"product_tag-philosophie","11":"product_shipping_class-cat-livraison-3","12":"pa_annee-de-publication-188","13":"pa_editeur-desoer","14":"pa_etat-de-conservation-bon","15":"pa_langue-fr","16":"pa_lieu-de-publication-liege","17":"pa_type-couverture-couverture-rigide","19":"first","20":"instock","21":"shipping-taxable","22":"purchasable","23":"product-type-simple"},"_links":{"self":[{"href":"https:\/\/limage-et-le-livre.com\/en\/wp-json\/wp\/v2\/product\/22100","targetHints":{"allow":["GET"]}}],"collection":[{"href":"https:\/\/limage-et-le-livre.com\/en\/wp-json\/wp\/v2\/product"}],"about":[{"href":"https:\/\/limage-et-le-livre.com\/en\/wp-json\/wp\/v2\/types\/product"}],"version-history":[{"count":3,"href":"https:\/\/limage-et-le-livre.com\/en\/wp-json\/wp\/v2\/product\/22100\/revisions"}],"predecessor-version":[{"id":23718,"href":"https:\/\/limage-et-le-livre.com\/en\/wp-json\/wp\/v2\/product\/22100\/revisions\/23718"}],"wp:featuredmedia":[{"embeddable":true,"href":"https:\/\/limage-et-le-livre.com\/en\/wp-json\/wp\/v2\/media\/23712"}],"wp:attachment":[{"href":"https:\/\/limage-et-le-livre.com\/en\/wp-json\/wp\/v2\/media?parent=22100"}],"wp:term":[{"taxonomy":"product_brand","embeddable":true,"href":"https:\/\/limage-et-le-livre.com\/en\/wp-json\/wp\/v2\/product_brand?post=22100"},{"taxonomy":"product_cat","embeddable":true,"href":"https:\/\/limage-et-le-livre.com\/en\/wp-json\/wp\/v2\/product_cat?post=22100"},{"taxonomy":"product_tag","embeddable":true,"href":"https:\/\/limage-et-le-livre.com\/en\/wp-json\/wp\/v2\/product_tag?post=22100"}],"curies":[{"name":"wp","href":"https:\/\/api.w.org\/{rel}","templated":true}]}}