{"id":22167,"date":"2026-01-15T17:52:03","date_gmt":"2026-01-15T16:52:03","guid":{"rendered":"https:\/\/limage-et-le-livre.com\/?post_type=product&#038;p=22167"},"modified":"2026-04-08T14:11:24","modified_gmt":"2026-04-08T12:11:24","slug":"dictionnaire-portatif-de-medecine-danatomie-de-chirurgie-de-pharmacie-de-chymie-dhistoire-naturelle-de-botanique-et-de-physique","status":"publish","type":"product","link":"https:\/\/limage-et-le-livre.com\/en\/livres\/medecine\/dictionnaire-portatif-de-medecine-danatomie-de-chirurgie-de-pharmacie-de-chymie-dhistoire-naturelle-de-botanique-et-de-physique\/","title":{"rendered":"Dictionnaire portatif de m\u00e9decine, d&#8217;anatomie, de..."},"content":{"rendered":"<p><strong>Th\u00e9ophile Barrois, 1793<\/strong><\/p>\n<p><p>Paris, chez Th\u00e9ophile Barrois le jeune, 1793 ; in-8 de IV + 716 pp. Reliure plein veau d\u2019\u00e9poque, dos lisse \u00e0 caissons orn\u00e9s de fleurons et pi\u00e8ce de titre. Bel exemplaire avec quelques \u00e9pidermures sur les plats et une aur\u00e9ole sur le coin sup\u00e9rieur droit. Nouvelle \u00e9dition corrig\u00e9e et augment\u00e9e. Jean-Fran\u00e7ois Lavoisien, ancien chirurgien des Hopitaux des Arm\u00e9es, est un chirurgien rompu, par ses fonctions aux arm\u00e9es, \u00e0 la chirurgie d\u2019urgence. Cet ouvrage, ici dans sa seconde \u00e9dition, appara\u00eet \u00e0 un moment o\u00f9, du fait de la suppression des corporations par la R\u00e9volution, les statuts de m\u00e9decins et de chirurgiens sont d\u00e9sormais unifi\u00e9s et regroup\u00e9s dans les formations des Ecoles de Sant\u00e9. Ce dictionnaire est \u00e9dit\u00e9 dans un format facilement transportable et visait un public estudiantin. Il s\u2019adresse aussi \u00e0 un public qui, \u00e0 cette \u00e9poque, est attir\u00e9 par les ouvrages de vulgarisation scientifique et se rend acqu\u00e9reur de dictionnaires portatifs. A la fin de l\u2019ouvrage on trouve un lexique grec et latin.<\/p>\n<\/p>\n<p><small>Le prix du port est calcule selon la destination et le poids du colis.<\/small><\/p>\n","protected":false},"excerpt":{"rendered":"<p>Dictionnaire portatif de m\u00e9decine, d&rsquo;anatomie, de chirurgie, de pharmacie, de chymie, d&rsquo;histoire naturelle, de botanique et de physique. Qui contient les termes de chaque art, leur \u00e9tymologie, leur d\u00e9finition &amp; leur explication, tir\u00e9s des meilleurs auteurs. LAVOISIEN (Jean-Fran\u00e7ois). 1793.<\/p>\n","protected":false},"featured_media":23719,"template":"","meta":[],"product_brand":[],"product_cat":[5117,5114],"product_tag":[8240,649,690,644,8562],"class_list":{"0":"post-22167","1":"product","2":"type-product","3":"status-publish","4":"has-post-thumbnail","6":"product_cat-medecine","7":"product_cat-livres","8":"product_tag-anatomie","9":"product_tag-chirurgie","10":"product_tag-dictionnaire","11":"product_tag-medecine","12":"product_tag-pharmacie","13":"product_shipping_class-cat-livraison-2","14":"pa_annee-de-publication-10265","15":"pa_editeur-theophile-barrois","16":"pa_etat-de-conservation-bon","17":"pa_langue-fr","19":"first","20":"instock","21":"shipping-taxable","22":"purchasable","23":"product-type-simple"},"_links":{"self":[{"href":"https:\/\/limage-et-le-livre.com\/en\/wp-json\/wp\/v2\/product\/22167","targetHints":{"allow":["GET"]}}],"collection":[{"href":"https:\/\/limage-et-le-livre.com\/en\/wp-json\/wp\/v2\/product"}],"about":[{"href":"https:\/\/limage-et-le-livre.com\/en\/wp-json\/wp\/v2\/types\/product"}],"version-history":[{"count":4,"href":"https:\/\/limage-et-le-livre.com\/en\/wp-json\/wp\/v2\/product\/22167\/revisions"}],"predecessor-version":[{"id":23725,"href":"https:\/\/limage-et-le-livre.com\/en\/wp-json\/wp\/v2\/product\/22167\/revisions\/23725"}],"wp:featuredmedia":[{"embeddable":true,"href":"https:\/\/limage-et-le-livre.com\/en\/wp-json\/wp\/v2\/media\/23719"}],"wp:attachment":[{"href":"https:\/\/limage-et-le-livre.com\/en\/wp-json\/wp\/v2\/media?parent=22167"}],"wp:term":[{"taxonomy":"product_brand","embeddable":true,"href":"https:\/\/limage-et-le-livre.com\/en\/wp-json\/wp\/v2\/product_brand?post=22167"},{"taxonomy":"product_cat","embeddable":true,"href":"https:\/\/limage-et-le-livre.com\/en\/wp-json\/wp\/v2\/product_cat?post=22167"},{"taxonomy":"product_tag","embeddable":true,"href":"https:\/\/limage-et-le-livre.com\/en\/wp-json\/wp\/v2\/product_tag?post=22167"}],"curies":[{"name":"wp","href":"https:\/\/api.w.org\/{rel}","templated":true}]}}