{"id":22172,"date":"2026-01-15T18:39:54","date_gmt":"2026-01-15T17:39:54","guid":{"rendered":"https:\/\/limage-et-le-livre.com\/?post_type=product&#038;p=22172"},"modified":"2026-04-08T14:11:28","modified_gmt":"2026-04-08T12:11:28","slug":"recherches-sur-les-maladies-chroniques-particulierement-sur-les-hydropisies-et-sur-les-moyens-de-les-guerir","status":"publish","type":"product","link":"https:\/\/limage-et-le-livre.com\/en\/livres\/medecine\/recherches-sur-les-maladies-chroniques-particulierement-sur-les-hydropisies-et-sur-les-moyens-de-les-guerir\/","title":{"rendered":"Recherches sur les maladies chroniques, particuli\u00e8rement..."},"content":{"rendered":"<p><strong>Paris, Didot le jeune, 1776<\/strong><\/p>\n<p><p>Paris, chez la Veuve Thiboust et Didot le jeune, 1776 ; in-8 de XL + XV + 724 pp + 1 ff. Reliure plein veau d\u2019\u00e9poque, dos \u00e0 nerfs et \u00e0 caissons orn\u00e9s de fleurons et pi\u00e8ce de titre. Filets d\u2019encadrement dor\u00e9s sur les plats. Mors l\u00e9g\u00e8rement fendus, coiffes restaur\u00e9es. Georges Fr\u00e9d\u00e9ric Bacher (Blotzheim, 1709 \u2013 Thann, 1798), m\u00e9decin install\u00e9 \u00e0 Thann, fut l\u2019inventeur des \u00ab Pillules dites toniques de Bacher \u00bb. Cet ouvrage fut achev\u00e9 par son fils Alexandre (Thann, 1740 \u2013 Paris, 1808). Bibliographie des \u00e9crits sur l&#8217;hydropisie in-fine.<\/p>\n<\/p>\n<p><small>Le prix du port est calcule selon la destination et le poids du colis.<\/small><\/p>\n","protected":false},"excerpt":{"rendered":"<p>Recherches sur les maladies chroniques, particuli\u00e8rement sur les hydropisies et sur les moyens de les gu\u00e9rir. BACHER (Georges-Fr\u00e9d\u00e9ric),BACHER (Alexandre). 1776.<\/p>\n","protected":false},"featured_media":23726,"template":"","meta":[],"product_brand":[],"product_cat":[5117,5114],"product_tag":[870,644,8682],"class_list":{"0":"post-22172","1":"product","2":"type-product","3":"status-publish","4":"has-post-thumbnail","6":"product_cat-medecine","7":"product_cat-livres","8":"product_tag-alsatique","9":"product_tag-medecine","10":"product_tag-thann","11":"product_shipping_class-cat-livraison-3","12":"pa_annee-de-publication-10268","13":"pa_editeur-didot-le-jeune","14":"pa_etat-de-conservation-assez-bon","15":"pa_langue-fr","16":"pa_lieu-de-publication-paris","17":"pa_type-couverture-couverture-rigide","19":"first","20":"instock","21":"shipping-taxable","22":"purchasable","23":"product-type-simple"},"_links":{"self":[{"href":"https:\/\/limage-et-le-livre.com\/en\/wp-json\/wp\/v2\/product\/22172","targetHints":{"allow":["GET"]}}],"collection":[{"href":"https:\/\/limage-et-le-livre.com\/en\/wp-json\/wp\/v2\/product"}],"about":[{"href":"https:\/\/limage-et-le-livre.com\/en\/wp-json\/wp\/v2\/types\/product"}],"version-history":[{"count":2,"href":"https:\/\/limage-et-le-livre.com\/en\/wp-json\/wp\/v2\/product\/22172\/revisions"}],"predecessor-version":[{"id":23732,"href":"https:\/\/limage-et-le-livre.com\/en\/wp-json\/wp\/v2\/product\/22172\/revisions\/23732"}],"wp:featuredmedia":[{"embeddable":true,"href":"https:\/\/limage-et-le-livre.com\/en\/wp-json\/wp\/v2\/media\/23726"}],"wp:attachment":[{"href":"https:\/\/limage-et-le-livre.com\/en\/wp-json\/wp\/v2\/media?parent=22172"}],"wp:term":[{"taxonomy":"product_brand","embeddable":true,"href":"https:\/\/limage-et-le-livre.com\/en\/wp-json\/wp\/v2\/product_brand?post=22172"},{"taxonomy":"product_cat","embeddable":true,"href":"https:\/\/limage-et-le-livre.com\/en\/wp-json\/wp\/v2\/product_cat?post=22172"},{"taxonomy":"product_tag","embeddable":true,"href":"https:\/\/limage-et-le-livre.com\/en\/wp-json\/wp\/v2\/product_tag?post=22172"}],"curies":[{"name":"wp","href":"https:\/\/api.w.org\/{rel}","templated":true}]}}