{"id":22174,"date":"2026-01-16T12:03:43","date_gmt":"2026-01-16T11:03:43","guid":{"rendered":"https:\/\/limage-et-le-livre.com\/?post_type=product&#038;p=22174"},"modified":"2026-04-08T14:11:33","modified_gmt":"2026-04-08T12:11:33","slug":"traite-des-maladies-des-femmes-grosses-et-observations-sur-la-grossesse-et-laccouchement-complet-en-deux-tomes","status":"publish","type":"product","link":"https:\/\/limage-et-le-livre.com\/en\/livres\/medecine\/traite-des-maladies-des-femmes-grosses-et-observations-sur-la-grossesse-et-laccouchement-complet-en-deux-tomes\/","title":{"rendered":"Trait\u00e9 des maladies des femmes grosses..."},"content":{"rendered":"<p><strong>Paris, La Compagnie des Libraires, 1740<\/strong><\/p>\n<p><p>Paris, la Compagnie des Libraires, 1740 ; in-4 en deux tomes. Reliures plein veau d\u2019\u00e9poque, dos \u00e0 nerfs d\u00e9cor\u00e9s de caissons orn\u00e9s de fleurons. Tranches rouges. Pi\u00e8ces de titre et de tomaison. Mors en partie fendus des plats sup\u00e9rieurs, \u00e9pidermures et coins en partie \u00e9mouss\u00e9s. Septi\u00e8me \u00e9dition revue et corrig\u00e9e. Tome 1 : Trait\u00e9 des maladies des femmes grosses, et de celles qui sont accouch\u00e9e, enseignant la bonne et v\u00e9ritable m\u00e9thode pour bien aider les femmes en leurs Accouchements naturels, &amp; les moyens de rem\u00e9dier \u00e0 tous ceux qui sont contre nature, &amp; aux indispositions des enfans nouveau-n\u00e9s. 6 ff + 555 pp + 12 ff (table). Tome 2 : Observations sur la grossesse et l\u2019accouchement des femmes et sur leurs maladies, et celles des enfants nouveau-n\u00e9s. 4 ff + 671 pp. Fran\u00e7ois Mauriceau (1637 -1709), est un chirurgien fran\u00e7ais, consid\u00e9r\u00e9 comme l&#8217;un des fondateurs de la m\u00e9decine obst\u00e9trique et cet ouvrage donne les bases de l&#8217;obst\u00e9trique.<\/p>\n<\/p>\n<p><small>Le prix du port est calcule selon la destination et le poids du colis.<\/small><\/p>\n","protected":false},"excerpt":{"rendered":"<p>Trait\u00e9 des maladies des femmes grosses et observations sur la grossesse et l\u2019accouchement. Complet en deux tomes. MAURICEAU (Fran\u00e7ois). 1740.<\/p>\n","protected":false},"featured_media":23733,"template":"","meta":[],"product_brand":[],"product_cat":[5117,5114],"product_tag":[10275,644,10276],"class_list":{"0":"post-22174","1":"product","2":"type-product","3":"status-publish","4":"has-post-thumbnail","6":"product_cat-medecine","7":"product_cat-livres","8":"product_tag-gynecologie","9":"product_tag-medecine","10":"product_tag-obstetrique","11":"product_shipping_class-cat-livraison-4","12":"pa_annee-de-publication-272","13":"pa_editeur-la-compagnie-des-libraires","14":"pa_langue-francais","15":"pa_lieu-de-publication-paris","16":"pa_type-couverture-couverture-rigide","18":"first","19":"instock","20":"shipping-taxable","21":"purchasable","22":"product-type-simple"},"_links":{"self":[{"href":"https:\/\/limage-et-le-livre.com\/en\/wp-json\/wp\/v2\/product\/22174","targetHints":{"allow":["GET"]}}],"collection":[{"href":"https:\/\/limage-et-le-livre.com\/en\/wp-json\/wp\/v2\/product"}],"about":[{"href":"https:\/\/limage-et-le-livre.com\/en\/wp-json\/wp\/v2\/types\/product"}],"version-history":[{"count":2,"href":"https:\/\/limage-et-le-livre.com\/en\/wp-json\/wp\/v2\/product\/22174\/revisions"}],"predecessor-version":[{"id":23745,"href":"https:\/\/limage-et-le-livre.com\/en\/wp-json\/wp\/v2\/product\/22174\/revisions\/23745"}],"wp:featuredmedia":[{"embeddable":true,"href":"https:\/\/limage-et-le-livre.com\/en\/wp-json\/wp\/v2\/media\/23733"}],"wp:attachment":[{"href":"https:\/\/limage-et-le-livre.com\/en\/wp-json\/wp\/v2\/media?parent=22174"}],"wp:term":[{"taxonomy":"product_brand","embeddable":true,"href":"https:\/\/limage-et-le-livre.com\/en\/wp-json\/wp\/v2\/product_brand?post=22174"},{"taxonomy":"product_cat","embeddable":true,"href":"https:\/\/limage-et-le-livre.com\/en\/wp-json\/wp\/v2\/product_cat?post=22174"},{"taxonomy":"product_tag","embeddable":true,"href":"https:\/\/limage-et-le-livre.com\/en\/wp-json\/wp\/v2\/product_tag?post=22174"}],"curies":[{"name":"wp","href":"https:\/\/api.w.org\/{rel}","templated":true}]}}