{"id":22176,"date":"2026-01-16T16:02:55","date_gmt":"2026-01-16T15:02:55","guid":{"rendered":"https:\/\/limage-et-le-livre.com\/?post_type=product&#038;p=22176"},"modified":"2026-04-08T14:11:39","modified_gmt":"2026-04-08T12:11:39","slug":"histoire-de-la-province-dalsace-depuis-jules-cesar-jusquau-mariage-de-louis-xv","status":"publish","type":"product","link":"https:\/\/limage-et-le-livre.com\/en\/books\/history\/histoire-de-la-province-dalsace-depuis-jules-cesar-jusquau-mariage-de-louis-xv\/","title":{"rendered":"Histoire de la province d&#8217;Alsace depuis..."},"content":{"rendered":"<p><strong>Strasbourg, Jean Renauld Doulssecker, 1727<\/strong><\/p>\n<p><p>Strasbourg, Jean Renauld Doulssecker, 1727. 3 parties en un volume in-folio de (10) ff. + XVI pp.+ (4) ff. + 372 pp. + (17) ff. + (8) ff. + 362 pp.+ (10) ff.+ (2) ff. + 185pp., (2) ff. Plein veau d\u2019\u00e9poque, dos \u00e0 nerfs orn\u00e9 de caissons et de fleurons dor\u00e9s, pi\u00e8ce de titre. Mors en partie fendus, \u00e9pidermures, coiffes et coins \u00e9mouss\u00e9s. Anciens tampons sur la page de titre en partie d\u00e9coup\u00e9s et ray\u00e9s entrainant une d\u00e9charge sur les 3 feuillets suivants. Quelques rousseurs et feuillets jaunis. Bien complet du frontispice de Jacob Andreas Friedrich (1684-1751), de la carte g\u00e9ographique d\u2019Alsace en trois parties, de la carte du Mont Sainte-Odile, des deux gravures de statues et bas-relief, des deux plans de Strasbourg et du Privil\u00e8ge du Roi.<\/p>\n<\/p>\n<p><small>Le prix du port est calcule selon la destination et le poids du colis.<\/small><\/p>\n","protected":false},"excerpt":{"rendered":"<p>Histoire de la province d&rsquo;Alsace depuis Jules C\u00e9sar jusqu&rsquo;au mariage de Louis XV. LAGUILLE (Louis). 1727.<\/p>\n","protected":false},"featured_media":23746,"template":"","meta":[],"product_brand":[],"product_cat":[5128,5114],"product_tag":[877,870,3261,8550],"class_list":{"0":"post-22176","1":"product","2":"type-product","3":"status-publish","4":"has-post-thumbnail","6":"product_cat-histoire","7":"product_cat-livres","8":"product_tag-alsace","9":"product_tag-alsatique","10":"product_tag-carte-geographique","11":"product_tag-mont-sainte-odile","12":"product_shipping_class-cat-livraison-4","13":"pa_annee-de-publication-215","14":"pa_editeur-jean-renauld-doulssecker","15":"pa_etat-de-conservation-assez-bon","16":"pa_illustrateur-jacob-andreas-friedrich","17":"pa_langue-francais","18":"pa_lieu-de-publication-strasbourg","19":"pa_type-couverture-couverture-rigide","21":"first","22":"outofstock","23":"shipping-taxable","24":"purchasable","25":"product-type-simple"},"_links":{"self":[{"href":"https:\/\/limage-et-le-livre.com\/en\/wp-json\/wp\/v2\/product\/22176","targetHints":{"allow":["GET"]}}],"collection":[{"href":"https:\/\/limage-et-le-livre.com\/en\/wp-json\/wp\/v2\/product"}],"about":[{"href":"https:\/\/limage-et-le-livre.com\/en\/wp-json\/wp\/v2\/types\/product"}],"version-history":[{"count":3,"href":"https:\/\/limage-et-le-livre.com\/en\/wp-json\/wp\/v2\/product\/22176\/revisions"}],"predecessor-version":[{"id":23760,"href":"https:\/\/limage-et-le-livre.com\/en\/wp-json\/wp\/v2\/product\/22176\/revisions\/23760"}],"wp:featuredmedia":[{"embeddable":true,"href":"https:\/\/limage-et-le-livre.com\/en\/wp-json\/wp\/v2\/media\/23746"}],"wp:attachment":[{"href":"https:\/\/limage-et-le-livre.com\/en\/wp-json\/wp\/v2\/media?parent=22176"}],"wp:term":[{"taxonomy":"product_brand","embeddable":true,"href":"https:\/\/limage-et-le-livre.com\/en\/wp-json\/wp\/v2\/product_brand?post=22176"},{"taxonomy":"product_cat","embeddable":true,"href":"https:\/\/limage-et-le-livre.com\/en\/wp-json\/wp\/v2\/product_cat?post=22176"},{"taxonomy":"product_tag","embeddable":true,"href":"https:\/\/limage-et-le-livre.com\/en\/wp-json\/wp\/v2\/product_tag?post=22176"}],"curies":[{"name":"wp","href":"https:\/\/api.w.org\/{rel}","templated":true}]}}