{"id":22208,"date":"2026-01-28T16:56:20","date_gmt":"2026-01-28T15:56:20","guid":{"rendered":"https:\/\/limage-et-le-livre.com\/?post_type=product&#038;p=22208"},"modified":"2026-03-12T16:07:19","modified_gmt":"2026-03-12T15:07:19","slug":"chateaudun","status":"publish","type":"product","link":"https:\/\/limage-et-le-livre.com\/en\/varia-en\/chateaudun\/","title":{"rendered":"Ch\u00e2teaudun"},"content":{"rendered":"<p>Ch\u00e2teaudun. Matth\u00e4us Merian. XVII\u00e8me si\u00e8cle. Gravure sur cuivre. Pli vertical central. Dimension du feuillet : 163 x 380 mm. Dimension au coup de planche : 128 x 326 mm.<\/p>\n","protected":false},"excerpt":{"rendered":"<p>Ch\u00e2teaudun. Matth\u00e4us Merian. 17\u00e8me si\u00e8cle.<\/p>\n","protected":false},"featured_media":22206,"template":"","meta":[],"product_brand":[],"product_cat":[5223],"product_tag":[10291,8971,9779,963],"class_list":{"0":"post-22208","1":"product","2":"type-product","3":"status-publish","4":"has-post-thumbnail","6":"product_cat-varia","7":"product_tag-eure-et-loir","8":"product_tag-france","9":"product_tag-merian","10":"product_tag-vue-de-ville","11":"product_shipping_class-cat-livraison-2","12":"pa_etat-de-conservation-bon","13":"pa_type-couverture-pas-de-couverture","15":"first","16":"instock","17":"shipping-taxable","18":"purchasable","19":"product-type-simple"},"_links":{"self":[{"href":"https:\/\/limage-et-le-livre.com\/en\/wp-json\/wp\/v2\/product\/22208","targetHints":{"allow":["GET"]}}],"collection":[{"href":"https:\/\/limage-et-le-livre.com\/en\/wp-json\/wp\/v2\/product"}],"about":[{"href":"https:\/\/limage-et-le-livre.com\/en\/wp-json\/wp\/v2\/types\/product"}],"version-history":[{"count":2,"href":"https:\/\/limage-et-le-livre.com\/en\/wp-json\/wp\/v2\/product\/22208\/revisions"}],"predecessor-version":[{"id":22210,"href":"https:\/\/limage-et-le-livre.com\/en\/wp-json\/wp\/v2\/product\/22208\/revisions\/22210"}],"wp:featuredmedia":[{"embeddable":true,"href":"https:\/\/limage-et-le-livre.com\/en\/wp-json\/wp\/v2\/media\/22206"}],"wp:attachment":[{"href":"https:\/\/limage-et-le-livre.com\/en\/wp-json\/wp\/v2\/media?parent=22208"}],"wp:term":[{"taxonomy":"product_brand","embeddable":true,"href":"https:\/\/limage-et-le-livre.com\/en\/wp-json\/wp\/v2\/product_brand?post=22208"},{"taxonomy":"product_cat","embeddable":true,"href":"https:\/\/limage-et-le-livre.com\/en\/wp-json\/wp\/v2\/product_cat?post=22208"},{"taxonomy":"product_tag","embeddable":true,"href":"https:\/\/limage-et-le-livre.com\/en\/wp-json\/wp\/v2\/product_tag?post=22208"}],"curies":[{"name":"wp","href":"https:\/\/api.w.org\/{rel}","templated":true}]}}