{"id":22267,"date":"2026-01-30T15:59:13","date_gmt":"2026-01-30T14:59:13","guid":{"rendered":"https:\/\/limage-et-le-livre.com\/?post_type=product&#038;p=22267"},"modified":"2026-03-12T16:07:14","modified_gmt":"2026-03-12T15:07:14","slug":"vue-panoramique-de-corfou-corphu","status":"publish","type":"product","link":"https:\/\/limage-et-le-livre.com\/en\/varia-en\/vue-panoramique-de-corfou-corphu\/","title":{"rendered":"Vue panoramique de Corfou \u2013 Corphu"},"content":{"rendered":"<p>Vue panoramique de Corfou \u2013 Corphu. Matth\u00e4us Merian. Gravure sur cuivre. XVIIe si\u00e8cle. Dimension du feuillet : 15,8 cm x 37,5 cm. Pli central. Dimension au coup de planche : 14 cm x 35,4 cm. Tr\u00e8s jolie vue de l\u2019\u00eele Ionienne de Corfou, pr\u00e9sentant le port et les ch\u00e2teaux neuf et vieux. Matth\u00e4us M\u00e9rian (1593-1650) \u00e9tait un c\u00e9l\u00e8bre graveur et \u00e9diteur de livres et gravures. Il a travaill\u00e9 \u00e0 Oppenheim, Strasbourg et B\u00e2le. Il a \u00e9t\u00e9 l\u2019\u00e9l\u00e8ve de Th\u00e9odore de Bry et a form\u00e9 Wenzel Hollar.<\/p>\n","protected":false},"excerpt":{"rendered":"<p>Vue panoramique de Corfou \u2013 Corphu. Matth\u00e4us Merian. 17\u00e8me si\u00e8cle.<\/p>\n","protected":false},"featured_media":22257,"template":"","meta":[],"product_brand":[],"product_cat":[5223],"product_tag":[10298,8925,10299,963],"class_list":{"0":"post-22267","1":"product","2":"type-product","3":"status-publish","4":"has-post-thumbnail","6":"product_cat-varia","7":"product_tag-corfou","8":"product_tag-grece","9":"product_tag-ile","10":"product_tag-vue-de-ville","11":"product_shipping_class-cat-livraison-3","12":"pa_etat-de-conservation-bon","13":"pa_type-couverture-couverture-souple","15":"first","16":"instock","17":"shipping-taxable","18":"purchasable","19":"product-type-simple"},"_links":{"self":[{"href":"https:\/\/limage-et-le-livre.com\/en\/wp-json\/wp\/v2\/product\/22267","targetHints":{"allow":["GET"]}}],"collection":[{"href":"https:\/\/limage-et-le-livre.com\/en\/wp-json\/wp\/v2\/product"}],"about":[{"href":"https:\/\/limage-et-le-livre.com\/en\/wp-json\/wp\/v2\/types\/product"}],"version-history":[{"count":1,"href":"https:\/\/limage-et-le-livre.com\/en\/wp-json\/wp\/v2\/product\/22267\/revisions"}],"predecessor-version":[{"id":22268,"href":"https:\/\/limage-et-le-livre.com\/en\/wp-json\/wp\/v2\/product\/22267\/revisions\/22268"}],"wp:featuredmedia":[{"embeddable":true,"href":"https:\/\/limage-et-le-livre.com\/en\/wp-json\/wp\/v2\/media\/22257"}],"wp:attachment":[{"href":"https:\/\/limage-et-le-livre.com\/en\/wp-json\/wp\/v2\/media?parent=22267"}],"wp:term":[{"taxonomy":"product_brand","embeddable":true,"href":"https:\/\/limage-et-le-livre.com\/en\/wp-json\/wp\/v2\/product_brand?post=22267"},{"taxonomy":"product_cat","embeddable":true,"href":"https:\/\/limage-et-le-livre.com\/en\/wp-json\/wp\/v2\/product_cat?post=22267"},{"taxonomy":"product_tag","embeddable":true,"href":"https:\/\/limage-et-le-livre.com\/en\/wp-json\/wp\/v2\/product_tag?post=22267"}],"curies":[{"name":"wp","href":"https:\/\/api.w.org\/{rel}","templated":true}]}}