{"id":22300,"date":"2026-01-31T16:53:38","date_gmt":"2026-01-31T15:53:38","guid":{"rendered":"https:\/\/limage-et-le-livre.com\/?post_type=product&#038;p=22300"},"modified":"2026-03-12T16:09:00","modified_gmt":"2026-03-12T15:09:00","slug":"carte-des-ameriques-et-du-pole-arctique","status":"publish","type":"product","link":"https:\/\/limage-et-le-livre.com\/en\/varia-en\/carte-des-ameriques-et-du-pole-arctique\/","title":{"rendered":"Carte des Am\u00e9riques et du p\u00f4le..."},"content":{"rendered":"<p>Carte des Am\u00e9riques et du p\u00f4le arctique. Dessin\u00e9e par Louis Brion de la Tour, ing\u00e9nieur g\u00e9ographe du roi. 1772. Gravure sur cuivre color\u00e9e main. Publi\u00e9 \u00e0 Paris chez Louis Charles Desnos. Marge sup\u00e9rieure courte et inf\u00e9rieure \u00e0 ras de la cuvette. Pliure centrale brunie. Dimension du feuillet : 26,2 cm x 40,5 cm. Dimension au coup de planche : 28,2 cm x 32 cm. Bel exemplaire avec un bel encrage, encadr\u00e9 d\u2019une bordure florale aux armes royales de France.<\/p>\n","protected":false},"excerpt":{"rendered":"<p>Carte\u00a0des\u00a0Am\u00e9riques et du p\u00f4le arctique. Louis Brion de la Tour. 1772.<\/p>\n","protected":false},"featured_media":22292,"template":"","meta":[],"product_brand":[],"product_cat":[5223],"product_tag":[9990,3262,3261,10308],"class_list":{"0":"post-22300","1":"product","2":"type-product","3":"status-publish","4":"has-post-thumbnail","6":"product_cat-varia","7":"product_tag-amerique","8":"product_tag-carte-ancienne","9":"product_tag-carte-geographique","10":"product_tag-continent","11":"product_shipping_class-cat-livraison-3","12":"pa_annee-de-publication-10305","13":"pa_editeur-louis-charles-desnos","14":"pa_etat-de-conservation-assez-bon","15":"pa_langue-francais","16":"pa_lieu-de-publication-paris","17":"pa_type-couverture-pas-de-couverture","19":"first","20":"instock","21":"shipping-taxable","22":"purchasable","23":"product-type-simple"},"_links":{"self":[{"href":"https:\/\/limage-et-le-livre.com\/en\/wp-json\/wp\/v2\/product\/22300","targetHints":{"allow":["GET"]}}],"collection":[{"href":"https:\/\/limage-et-le-livre.com\/en\/wp-json\/wp\/v2\/product"}],"about":[{"href":"https:\/\/limage-et-le-livre.com\/en\/wp-json\/wp\/v2\/types\/product"}],"version-history":[{"count":2,"href":"https:\/\/limage-et-le-livre.com\/en\/wp-json\/wp\/v2\/product\/22300\/revisions"}],"predecessor-version":[{"id":22302,"href":"https:\/\/limage-et-le-livre.com\/en\/wp-json\/wp\/v2\/product\/22300\/revisions\/22302"}],"wp:featuredmedia":[{"embeddable":true,"href":"https:\/\/limage-et-le-livre.com\/en\/wp-json\/wp\/v2\/media\/22292"}],"wp:attachment":[{"href":"https:\/\/limage-et-le-livre.com\/en\/wp-json\/wp\/v2\/media?parent=22300"}],"wp:term":[{"taxonomy":"product_brand","embeddable":true,"href":"https:\/\/limage-et-le-livre.com\/en\/wp-json\/wp\/v2\/product_brand?post=22300"},{"taxonomy":"product_cat","embeddable":true,"href":"https:\/\/limage-et-le-livre.com\/en\/wp-json\/wp\/v2\/product_cat?post=22300"},{"taxonomy":"product_tag","embeddable":true,"href":"https:\/\/limage-et-le-livre.com\/en\/wp-json\/wp\/v2\/product_tag?post=22300"}],"curies":[{"name":"wp","href":"https:\/\/api.w.org\/{rel}","templated":true}]}}