{"id":22303,"date":"2026-02-02T14:31:28","date_gmt":"2026-02-02T13:31:28","guid":{"rendered":"https:\/\/limage-et-le-livre.com\/?post_type=product&#038;p=22303"},"modified":"2026-04-08T14:12:00","modified_gmt":"2026-04-08T12:12:00","slug":"les-avantures-de-telemaque-fils-dulysse","status":"publish","type":"product","link":"https:\/\/limage-et-le-livre.com\/en\/livres\/litterature\/les-avantures-de-telemaque-fils-dulysse\/","title":{"rendered":"Les\u00a0avantures\u00a0de\u00a0T\u00e9l\u00e9maque\u00a0fils d\u2019Ulysse"},"content":{"rendered":"<p><strong>Paris, Jacques Estienne, 1730<\/strong><\/p>\n<p><p>Paris, chez Jacques Estienne, rue Saint Jacques, 1730. Deux petits volumes in-4 de XXXVI pp + 289 pp et 2 ff + 288 pp + 1 ff. Plein veau, dos \u00e0 5 nerfs, caissons richement orn\u00e9s, pi\u00e8ces de titre et de tomaison. Tranches mouchet\u00e9es. Mors tr\u00e8s l\u00e9g\u00e8rement fendus sur le tome premier, quelques \u00e9pidermures. Coins en bon \u00e9tat. Coiffe sup\u00e9rieure aras\u00e9e du 1er tome, en partie pour le second sinon bel exemplaire.<\/p>\n<p>Cohen &amp; De Ricci 379-380. Cette nouvelle \u00e9dition est enrichie de figures en taille-douce. Le premier tome comprend un frontispice grav\u00e9 par Tardieu d\u2019apr\u00e8s Coypel pr\u00e9sentant le portrait de M. de F\u00e9nelon sur laquelle la Vertu s\u2019appuie et est soutenu par Minerve tenant les armes du Dauphin et Calliope appuy\u00e9e sur trois livres symbolisant les trois genres de la Po\u00e9sie. Ce volume contient \u00e9galement une vignette dans le texte et 12 gravures sur cuivre pleine page et hors texte. Elles sont dessin\u00e9es par Coypel, Sauville et Favanne, et sont grav\u00e9es par Tardieu, Lebas, Scotin, Haussard, Favanne, Beauvais, Dupuis. Le second tome est agr\u00e9ment\u00e9 de 12 gravures sur cuivre pleine page et hors texte, dessin\u00e9es par Cazes, Coypel et Humblot et grav\u00e9es par Lebas, Scotin, Dupuy, Favanne, Bacquois, Mathey. In fine, une carte d\u00e9pliante retrace le trajet des aventures de T\u00e9l\u00e9maque.<\/p>\n<p>La reliure est aux armes de la Duchesse Charlotte Marie von Schleswig-Holstein-Sonderburg-Augustenburg (1697 \u2013 1760), \u00e9pouse du duc Philipp Ernst von Schleswig-Holstein-Sonderburg-Gl\u00fccksburg. On trouve \u00e9galement son cachet aux initiales et couronne sur chaque page de titre. La dorure des armes est un peu effac\u00e9e, n\u2019alt\u00e9rant n\u00e9anmoins pas la lisibilit\u00e9 et l\u2019identification de ces derni\u00e8res.<\/p>\n<p>Fran\u00e7ois de Salignac de La Mothe-F\u00e9nelon, \u00e9tait le pr\u00e9cepteur du\u202fduc de Bourgogne, petit-fils de\u202fLouis\u202fXIV. Les Aventures de T\u00e9l\u00e9maque\u202f(1699) ont \u00e9t\u00e9 interpr\u00e9t\u00e9es comme une critique \u00e0 l\u2019\u00e9gard de la politique de Louis XIV. Pendant plus de deux si\u00e8cles, cet ouvrage a eu une influence litt\u00e9raire consid\u00e9rable.<\/p>\n<p>Belle \u00e9dition de cet ouvrage de r\u00e9f\u00e9rence de la litt\u00e9rature fran\u00e7aise, \u00e0 la fois p\u00e9dagogique et \u00e0 port\u00e9e politique, dans une reliure aux armes de belle provenance.<\/p>\n<\/p>\n<p><small>Le prix du port est calcule selon la destination et le poids du colis.<\/small><\/p>\n","protected":false},"excerpt":{"rendered":"<p>Les\u00a0avantures\u00a0de\u00a0T\u00e9l\u00e9maque\u00a0fils d\u2019Ulysse. Nouvelle \u00e9dition enrichie de Figures en Taille-douce. FENELON (Fran\u00e7ois de Salignac de la Motte). 1730.<\/p>\n","protected":false},"featured_media":23786,"template":"","meta":[],"product_brand":[],"product_cat":[5123,5114],"product_tag":[10314,9980,8397],"class_list":{"0":"post-22303","1":"product","2":"type-product","3":"status-publish","4":"has-post-thumbnail","6":"product_cat-litterature","7":"product_cat-livres","8":"product_tag-dauphin","9":"product_tag-education","10":"product_tag-mythologie","11":"product_shipping_class-cat-livraison-3","12":"pa_annee-de-publication-533","13":"pa_editeur-jacques-estienne","14":"pa_etat-de-conservation-bon","15":"pa_illustrateur-lebas","16":"pa_langue-francais","17":"pa_lieu-de-publication-paris","18":"pa_type-couverture-couverture-rigide","19":"pa_volume-620","21":"first","22":"instock","23":"shipping-taxable","24":"purchasable","25":"product-type-simple"},"_links":{"self":[{"href":"https:\/\/limage-et-le-livre.com\/en\/wp-json\/wp\/v2\/product\/22303","targetHints":{"allow":["GET"]}}],"collection":[{"href":"https:\/\/limage-et-le-livre.com\/en\/wp-json\/wp\/v2\/product"}],"about":[{"href":"https:\/\/limage-et-le-livre.com\/en\/wp-json\/wp\/v2\/types\/product"}],"version-history":[{"count":2,"href":"https:\/\/limage-et-le-livre.com\/en\/wp-json\/wp\/v2\/product\/22303\/revisions"}],"predecessor-version":[{"id":23810,"href":"https:\/\/limage-et-le-livre.com\/en\/wp-json\/wp\/v2\/product\/22303\/revisions\/23810"}],"wp:featuredmedia":[{"embeddable":true,"href":"https:\/\/limage-et-le-livre.com\/en\/wp-json\/wp\/v2\/media\/23786"}],"wp:attachment":[{"href":"https:\/\/limage-et-le-livre.com\/en\/wp-json\/wp\/v2\/media?parent=22303"}],"wp:term":[{"taxonomy":"product_brand","embeddable":true,"href":"https:\/\/limage-et-le-livre.com\/en\/wp-json\/wp\/v2\/product_brand?post=22303"},{"taxonomy":"product_cat","embeddable":true,"href":"https:\/\/limage-et-le-livre.com\/en\/wp-json\/wp\/v2\/product_cat?post=22303"},{"taxonomy":"product_tag","embeddable":true,"href":"https:\/\/limage-et-le-livre.com\/en\/wp-json\/wp\/v2\/product_tag?post=22303"}],"curies":[{"name":"wp","href":"https:\/\/api.w.org\/{rel}","templated":true}]}}