{"id":22319,"date":"2026-02-03T18:31:15","date_gmt":"2026-02-03T17:31:15","guid":{"rendered":"https:\/\/limage-et-le-livre.com\/?post_type=product&#038;p=22319"},"modified":"2026-04-08T14:12:04","modified_gmt":"2026-04-08T12:12:04","slug":"rayons-de-miel-eglogues","status":"publish","type":"product","link":"https:\/\/limage-et-le-livre.com\/en\/livres\/poesie\/rayons-de-miel-eglogues\/","title":{"rendered":"Rayons de Miel. Eglogues."},"content":{"rendered":"<p><strong>Paris, Biblioth\u00e8que de l&#8217;occident, 1908<\/strong><\/p>\n<p><p>Paris, Biblioth\u00e8que de l&#8217;Occident, 1908. Grand in-8 de 53 pp. Demi-maroquin havane \u00e0 coins, dos lisse \u00e0 motif v\u00e9g\u00e9tal en cuir incrust\u00e9, pi\u00e8ce de titre. Tr\u00e8s l\u00e9gers frottements. \u00c9dition originale tir\u00e9e \u00e0 400 exemplaires num\u00e9rot\u00e9s, num\u00e9ro 77 (apr\u00e8s 25 exemplaires sur Hollande). Les couvertures d&#8217;origine ont \u00e9t\u00e9 conserv\u00e9s.<\/p>\n<\/p>\n<p><small>Le prix du port est calcule selon la destination et le poids du colis.<\/small><\/p>\n","protected":false},"excerpt":{"rendered":"<p>Rayons de Miel. Eglogues. JAMMES (Francis). 1908. Edition originale.<\/p>\n","protected":false},"featured_media":23811,"template":"","meta":[],"product_brand":[],"product_cat":[5139,5114],"product_tag":[9595,768,10317,699],"class_list":{"0":"post-22319","1":"product","2":"type-product","3":"status-publish","4":"has-post-thumbnail","6":"product_cat-poesie","7":"product_cat-livres","8":"product_tag-belle-reliure","9":"product_tag-edition-originale","10":"product_tag-jammisme","11":"product_tag-poesie","12":"product_shipping_class-cat-livraison-2","13":"pa_annee-de-publication-2822","14":"pa_editeur-bibliotheque-de-loccident","15":"pa_langue-francais","16":"pa_lieu-de-publication-paris","17":"pa_type-couverture-couverture-rigide","19":"first","20":"instock","21":"shipping-taxable","22":"purchasable","23":"product-type-simple"},"_links":{"self":[{"href":"https:\/\/limage-et-le-livre.com\/en\/wp-json\/wp\/v2\/product\/22319","targetHints":{"allow":["GET"]}}],"collection":[{"href":"https:\/\/limage-et-le-livre.com\/en\/wp-json\/wp\/v2\/product"}],"about":[{"href":"https:\/\/limage-et-le-livre.com\/en\/wp-json\/wp\/v2\/types\/product"}],"version-history":[{"count":2,"href":"https:\/\/limage-et-le-livre.com\/en\/wp-json\/wp\/v2\/product\/22319\/revisions"}],"predecessor-version":[{"id":23817,"href":"https:\/\/limage-et-le-livre.com\/en\/wp-json\/wp\/v2\/product\/22319\/revisions\/23817"}],"wp:featuredmedia":[{"embeddable":true,"href":"https:\/\/limage-et-le-livre.com\/en\/wp-json\/wp\/v2\/media\/23811"}],"wp:attachment":[{"href":"https:\/\/limage-et-le-livre.com\/en\/wp-json\/wp\/v2\/media?parent=22319"}],"wp:term":[{"taxonomy":"product_brand","embeddable":true,"href":"https:\/\/limage-et-le-livre.com\/en\/wp-json\/wp\/v2\/product_brand?post=22319"},{"taxonomy":"product_cat","embeddable":true,"href":"https:\/\/limage-et-le-livre.com\/en\/wp-json\/wp\/v2\/product_cat?post=22319"},{"taxonomy":"product_tag","embeddable":true,"href":"https:\/\/limage-et-le-livre.com\/en\/wp-json\/wp\/v2\/product_tag?post=22319"}],"curies":[{"name":"wp","href":"https:\/\/api.w.org\/{rel}","templated":true}]}}