{"id":22321,"date":"2026-02-04T11:57:54","date_gmt":"2026-02-04T10:57:54","guid":{"rendered":"https:\/\/limage-et-le-livre.com\/?post_type=product&#038;p=22321"},"modified":"2026-04-08T14:12:08","modified_gmt":"2026-04-08T12:12:08","slug":"aux-flancs-du-vase","status":"publish","type":"product","link":"https:\/\/limage-et-le-livre.com\/en\/livres\/poesie\/aux-flancs-du-vase\/","title":{"rendered":"Aux flancs du vase"},"content":{"rendered":"<p><strong>Mercure de France, 1912<\/strong><\/p>\n<p><p>Paris, Mercure de France, 1911 &#8211; 1912. In-8 de 187 + 1 pp. Demi-maroquin bleu \u00e0 coins, dos \u00e0 nerfs, pi\u00e8ces de titre, caissons orn\u00e9s de fleurons dor\u00e9s d&#8217;inspiration antique, palmettes dor\u00e9s. les couvertures d&#8217;origine, imprim\u00e9es et illustr\u00e9es, sont conserv\u00e9es. Dos tr\u00e8s l\u00e9g\u00e8rement insol\u00e9. Edition de luxe au tirage limit\u00e9 \u00e0 550 exemplaires num\u00e9rot\u00e9s, celui-ci un des 500 exemplaires sur papier v\u00e9lin \u00e0 la forme (n\u00b0133). Le frontispice en deux tons est d&#8217;Auguste-Henri Thomas (tout comme les couvertures). Bel exemplaire dans une reliure &#8220;ex\u00e9cut\u00e9e pour la librairie Louis Conard&#8221;.<\/p>\n<\/p>\n<p><small>Le prix du port est calcule selon la destination et le poids du colis.<\/small><\/p>\n","protected":false},"excerpt":{"rendered":"<p>Aux flancs du vase suivi de Polyph\u00e8me et de po\u00e8mes inachev\u00e9s. SAMAIN (Albert). 1912.<\/p>\n","protected":false},"featured_media":23818,"template":"","meta":[],"product_brand":[],"product_cat":[5139,5114],"product_tag":[1330,8766,9595,8397,699,10321],"class_list":{"0":"post-22321","1":"product","2":"type-product","3":"status-publish","4":"has-post-thumbnail","6":"product_cat-poesie","7":"product_cat-livres","8":"product_tag-antiquite","9":"product_tag-antiquite-classique","10":"product_tag-belle-reliure","11":"product_tag-mythologie","12":"product_tag-poesie","13":"product_tag-symbolisme","14":"product_shipping_class-cat-livraison-3","15":"pa_annee-de-publication-3214","16":"pa_editeur-mercure-de-france","17":"pa_illustrateur-auguste-henri-thomas","18":"pa_langue-francais","19":"pa_type-couverture-couverture-rigide","21":"first","22":"instock","23":"shipping-taxable","24":"purchasable","25":"product-type-simple"},"_links":{"self":[{"href":"https:\/\/limage-et-le-livre.com\/en\/wp-json\/wp\/v2\/product\/22321","targetHints":{"allow":["GET"]}}],"collection":[{"href":"https:\/\/limage-et-le-livre.com\/en\/wp-json\/wp\/v2\/product"}],"about":[{"href":"https:\/\/limage-et-le-livre.com\/en\/wp-json\/wp\/v2\/types\/product"}],"version-history":[{"count":2,"href":"https:\/\/limage-et-le-livre.com\/en\/wp-json\/wp\/v2\/product\/22321\/revisions"}],"predecessor-version":[{"id":23826,"href":"https:\/\/limage-et-le-livre.com\/en\/wp-json\/wp\/v2\/product\/22321\/revisions\/23826"}],"wp:featuredmedia":[{"embeddable":true,"href":"https:\/\/limage-et-le-livre.com\/en\/wp-json\/wp\/v2\/media\/23818"}],"wp:attachment":[{"href":"https:\/\/limage-et-le-livre.com\/en\/wp-json\/wp\/v2\/media?parent=22321"}],"wp:term":[{"taxonomy":"product_brand","embeddable":true,"href":"https:\/\/limage-et-le-livre.com\/en\/wp-json\/wp\/v2\/product_brand?post=22321"},{"taxonomy":"product_cat","embeddable":true,"href":"https:\/\/limage-et-le-livre.com\/en\/wp-json\/wp\/v2\/product_cat?post=22321"},{"taxonomy":"product_tag","embeddable":true,"href":"https:\/\/limage-et-le-livre.com\/en\/wp-json\/wp\/v2\/product_tag?post=22321"}],"curies":[{"name":"wp","href":"https:\/\/api.w.org\/{rel}","templated":true}]}}