{"id":22347,"date":"2026-02-06T16:51:14","date_gmt":"2026-02-06T15:51:14","guid":{"rendered":"https:\/\/limage-et-le-livre.com\/?post_type=product&#038;p=22347"},"modified":"2026-03-12T16:07:18","modified_gmt":"2026-03-12T15:07:18","slug":"portrait-de-jean-jacques-fried","status":"publish","type":"product","link":"https:\/\/limage-et-le-livre.com\/en\/varia-en\/portrait-de-jean-jacques-fried\/","title":{"rendered":"Portrait de Jean-Jacques Fried"},"content":{"rendered":"<p>Portrait de Jean-Jacques Fried. Gravure sur cuivre dessin\u00e9e par Roos, grav\u00e9e par Bartholomeus Killian. 1679. Belle et grande gravure, bien encr\u00e9e, coup\u00e9e au trait. Dimension du feuillet : 30,5 cm X 19,8 cm. Jean-Jacques Fried (Strasbourg 1623-1677) fut avocat et syndic de la ville de Strasbourg. Il dirigea la chancellerie.<\/p>\n","protected":false},"excerpt":{"rendered":"<p>Portrait de Jean-Jacques Fried. Gravure sur cuivre dessin\u00e9e par Roos, grav\u00e9e par Bartholomeus Killian. 1679.<\/p>\n","protected":false},"featured_media":22333,"template":"","meta":[],"product_brand":[],"product_cat":[5223],"product_tag":[877,870,10325,10326,9310,2350],"class_list":{"0":"post-22347","1":"product","2":"type-product","3":"status-publish","4":"has-post-thumbnail","6":"product_cat-varia","7":"product_tag-alsace","8":"product_tag-alsatique","9":"product_tag-avocat","10":"product_tag-chancellerie","11":"product_tag-portrait","12":"product_tag-strasbourg","13":"product_shipping_class-cat-livraison-2","14":"pa_annee-de-publication-10322","15":"pa_etat-de-conservation-bon","16":"pa_illustrateur-roos","17":"pa_type-couverture-pas-de-couverture","19":"first","20":"instock","21":"shipping-taxable","22":"purchasable","23":"product-type-simple"},"_links":{"self":[{"href":"https:\/\/limage-et-le-livre.com\/en\/wp-json\/wp\/v2\/product\/22347","targetHints":{"allow":["GET"]}}],"collection":[{"href":"https:\/\/limage-et-le-livre.com\/en\/wp-json\/wp\/v2\/product"}],"about":[{"href":"https:\/\/limage-et-le-livre.com\/en\/wp-json\/wp\/v2\/types\/product"}],"version-history":[{"count":2,"href":"https:\/\/limage-et-le-livre.com\/en\/wp-json\/wp\/v2\/product\/22347\/revisions"}],"predecessor-version":[{"id":22356,"href":"https:\/\/limage-et-le-livre.com\/en\/wp-json\/wp\/v2\/product\/22347\/revisions\/22356"}],"wp:featuredmedia":[{"embeddable":true,"href":"https:\/\/limage-et-le-livre.com\/en\/wp-json\/wp\/v2\/media\/22333"}],"wp:attachment":[{"href":"https:\/\/limage-et-le-livre.com\/en\/wp-json\/wp\/v2\/media?parent=22347"}],"wp:term":[{"taxonomy":"product_brand","embeddable":true,"href":"https:\/\/limage-et-le-livre.com\/en\/wp-json\/wp\/v2\/product_brand?post=22347"},{"taxonomy":"product_cat","embeddable":true,"href":"https:\/\/limage-et-le-livre.com\/en\/wp-json\/wp\/v2\/product_cat?post=22347"},{"taxonomy":"product_tag","embeddable":true,"href":"https:\/\/limage-et-le-livre.com\/en\/wp-json\/wp\/v2\/product_tag?post=22347"}],"curies":[{"name":"wp","href":"https:\/\/api.w.org\/{rel}","templated":true}]}}