{"id":22350,"date":"2026-02-06T17:36:24","date_gmt":"2026-02-06T16:36:24","guid":{"rendered":"https:\/\/limage-et-le-livre.com\/?post_type=product&#038;p=22350"},"modified":"2026-03-12T16:09:21","modified_gmt":"2026-03-12T15:09:21","slug":"portrait-de-jean-christophe-schilling","status":"publish","type":"product","link":"https:\/\/limage-et-le-livre.com\/en\/varia-en\/portrait-de-jean-christophe-schilling\/","title":{"rendered":"Portrait de Jean-Christophe Schilling"},"content":{"rendered":"<p>Portrait de Jean-Christophe Schilling. Gravure sur cuivre. Grav\u00e9e par Isaac Brunn. 1640. Coup\u00e9e en limite de cuvette. Dimension du feuillet : 15,6 cm x 10,1 cm. Dimension du sujet : 15 X 9,5 cm. Bel encrage et belle ex\u00e9cution par Isaac Brunn (1596-1669), graveur strasbourgeois r\u00e9put\u00e9. Schilling \u00e9tait cur\u00e9 de la Cath\u00e9drale de Strasbourg de 1633 \u00e0 1650.<\/p>\n","protected":false},"excerpt":{"rendered":"<p>Portrait de Jean-Christophe Schilling. Gravure sur cuivre. Grav\u00e9e par Isaac Brunn. 1640.<\/p>\n","protected":false},"featured_media":22325,"template":"","meta":[],"product_brand":[],"product_cat":[5223],"product_tag":[877,880,9310,2350],"class_list":{"0":"post-22350","1":"product","2":"type-product","3":"status-publish","4":"has-post-thumbnail","6":"product_cat-varia","7":"product_tag-alsace","8":"product_tag-cathedrale","9":"product_tag-portrait","10":"product_tag-strasbourg","11":"product_shipping_class-cat-livraison-1","12":"pa_annee-de-publication-10327","13":"pa_etat-de-conservation-bon","14":"pa_langue-latin","15":"pa_type-couverture-pas-de-couverture","17":"first","18":"instock","19":"shipping-taxable","20":"purchasable","21":"product-type-simple"},"_links":{"self":[{"href":"https:\/\/limage-et-le-livre.com\/en\/wp-json\/wp\/v2\/product\/22350","targetHints":{"allow":["GET"]}}],"collection":[{"href":"https:\/\/limage-et-le-livre.com\/en\/wp-json\/wp\/v2\/product"}],"about":[{"href":"https:\/\/limage-et-le-livre.com\/en\/wp-json\/wp\/v2\/types\/product"}],"version-history":[{"count":1,"href":"https:\/\/limage-et-le-livre.com\/en\/wp-json\/wp\/v2\/product\/22350\/revisions"}],"predecessor-version":[{"id":22351,"href":"https:\/\/limage-et-le-livre.com\/en\/wp-json\/wp\/v2\/product\/22350\/revisions\/22351"}],"wp:featuredmedia":[{"embeddable":true,"href":"https:\/\/limage-et-le-livre.com\/en\/wp-json\/wp\/v2\/media\/22325"}],"wp:attachment":[{"href":"https:\/\/limage-et-le-livre.com\/en\/wp-json\/wp\/v2\/media?parent=22350"}],"wp:term":[{"taxonomy":"product_brand","embeddable":true,"href":"https:\/\/limage-et-le-livre.com\/en\/wp-json\/wp\/v2\/product_brand?post=22350"},{"taxonomy":"product_cat","embeddable":true,"href":"https:\/\/limage-et-le-livre.com\/en\/wp-json\/wp\/v2\/product_cat?post=22350"},{"taxonomy":"product_tag","embeddable":true,"href":"https:\/\/limage-et-le-livre.com\/en\/wp-json\/wp\/v2\/product_tag?post=22350"}],"curies":[{"name":"wp","href":"https:\/\/api.w.org\/{rel}","templated":true}]}}