{"id":22354,"date":"2026-02-06T18:12:56","date_gmt":"2026-02-06T17:12:56","guid":{"rendered":"https:\/\/limage-et-le-livre.com\/?post_type=product&#038;p=22354"},"modified":"2026-03-12T16:07:10","modified_gmt":"2026-03-12T15:07:10","slug":"portrait-de-jean-sleidan","status":"publish","type":"product","link":"https:\/\/limage-et-le-livre.com\/en\/varia-en\/portrait-de-jean-sleidan\/","title":{"rendered":"Portrait de Jean Sleidan"},"content":{"rendered":"<p>Portrait de Jean Sleidan. Gravure sur cuivre de Th\u00e9odore de Bry. 1599. Dimension du feuillet : 13 cm X 10,6 cm. Coup\u00e9 au trait. Bel encrage et composition du c\u00e9l\u00e8bre graveur strasbourgeois Th\u00e9odore de Bry. Jean Sleidan (Schleiden (Allemagne), 1506 &#8211; Strasbourg, 1556), historien strasbourgeois et diplomate, est notamment connu pour son histoire de la R\u00e9forme.<\/p>\n","protected":false},"excerpt":{"rendered":"<p>Portrait de Jean Sleidan. Gravure sur cuivre de Th\u00e9odore de Bry. 1599.<\/p>\n","protected":false},"featured_media":22327,"template":"","meta":[],"product_brand":[],"product_cat":[5223],"product_tag":[877,870,652,9310],"class_list":{"0":"post-22354","1":"product","2":"type-product","3":"status-publish","4":"has-post-thumbnail","6":"product_cat-varia","7":"product_tag-alsace","8":"product_tag-alsatique","9":"product_tag-histoire","10":"product_tag-portrait","11":"product_shipping_class-cat-livraison-1","12":"pa_annee-de-publication-10329","13":"pa_etat-de-conservation-bon","14":"pa_langue-latin","15":"pa_type-couverture-pas-de-couverture","17":"first","18":"instock","19":"shipping-taxable","20":"purchasable","21":"product-type-simple"},"_links":{"self":[{"href":"https:\/\/limage-et-le-livre.com\/en\/wp-json\/wp\/v2\/product\/22354","targetHints":{"allow":["GET"]}}],"collection":[{"href":"https:\/\/limage-et-le-livre.com\/en\/wp-json\/wp\/v2\/product"}],"about":[{"href":"https:\/\/limage-et-le-livre.com\/en\/wp-json\/wp\/v2\/types\/product"}],"version-history":[{"count":1,"href":"https:\/\/limage-et-le-livre.com\/en\/wp-json\/wp\/v2\/product\/22354\/revisions"}],"predecessor-version":[{"id":22355,"href":"https:\/\/limage-et-le-livre.com\/en\/wp-json\/wp\/v2\/product\/22354\/revisions\/22355"}],"wp:featuredmedia":[{"embeddable":true,"href":"https:\/\/limage-et-le-livre.com\/en\/wp-json\/wp\/v2\/media\/22327"}],"wp:attachment":[{"href":"https:\/\/limage-et-le-livre.com\/en\/wp-json\/wp\/v2\/media?parent=22354"}],"wp:term":[{"taxonomy":"product_brand","embeddable":true,"href":"https:\/\/limage-et-le-livre.com\/en\/wp-json\/wp\/v2\/product_brand?post=22354"},{"taxonomy":"product_cat","embeddable":true,"href":"https:\/\/limage-et-le-livre.com\/en\/wp-json\/wp\/v2\/product_cat?post=22354"},{"taxonomy":"product_tag","embeddable":true,"href":"https:\/\/limage-et-le-livre.com\/en\/wp-json\/wp\/v2\/product_tag?post=22354"}],"curies":[{"name":"wp","href":"https:\/\/api.w.org\/{rel}","templated":true}]}}