{"id":22442,"date":"2026-02-17T18:17:54","date_gmt":"2026-02-17T17:17:54","guid":{"rendered":"https:\/\/limage-et-le-livre.com\/?post_type=product&#038;p=22442"},"modified":"2026-02-17T18:32:47","modified_gmt":"2026-02-17T17:32:47","slug":"portrait-de-jean-frederic-schmid","status":"publish","type":"product","link":"https:\/\/limage-et-le-livre.com\/en\/gravures-et-estampes\/estampes\/personnages-celebres\/portrait-de-jean-frederic-schmid\/","title":{"rendered":"Portrait de Jean-Fr\u00e9d\u00e9ric Schmid"},"content":{"rendered":"<p style=\"font-weight: 400;\">Portrait de Jean-Fr\u00e9d\u00e9ric Schmid. 1637. <span lang=\"FR-CH\">Gravure sur cuivre de Jacob van der Heyden. <\/span>Faibles marges. A noter quelques traces d\u2019humidit\u00e9 et la restauration d\u2019une petite d\u00e9chirure centrale en haut de la gravure. Dimension : 23,8 cm x 15,2 cm.<\/p>\n<p style=\"font-weight: 400;\">Tr\u00e8s jolie gravure, bien encr\u00e9e, de composition \u00e9labor\u00e9e et tr\u00e8s fine. Le portrait est entour\u00e9 de 4 m\u00e9daillons.<\/p>\n<p style=\"font-weight: 400;\">Jean-Fr\u00e9d\u00e9ric Schmid \u00e9tait jurisconsulte, comte Palatin, conseiller de Wurtemberg et de Hesse \u00e0 Strasbourg. Il r\u00e9sida au 11 rue de l\u2019Arc-en-Ciel.<\/p>\n","protected":false},"excerpt":{"rendered":"<p>Portrait de Jean-Fr\u00e9d\u00e9ric Schmid. 1637. <span lang=\"FR-CH\">Gravure sur cuivre de Jacob van der Heyden. <\/span><\/p>\n","protected":false},"featured_media":22329,"template":"","meta":[],"product_brand":[],"product_cat":[5292,5221,5177,5268],"product_tag":[877,9275,9310,2350],"class_list":{"0":"post-22442","1":"product","2":"type-product","3":"status-publish","4":"has-post-thumbnail","6":"product_cat-personnages-celebres","7":"product_cat-alsace-estampes","8":"product_cat-artistes","9":"product_cat-metiers","10":"product_tag-alsace","11":"product_tag-metiers","12":"product_tag-portrait","13":"product_tag-strasbourg","14":"product_shipping_class-cat-livraison-1","15":"pa_annee-de-publication-10340","16":"pa_etat-de-conservation-bon","17":"pa_langue-latin","18":"pa_lieu-de-publication-strasbourg","19":"pa_type-couverture-pas-de-couverture","21":"first","22":"instock","23":"shipping-taxable","24":"purchasable","25":"product-type-simple"},"_links":{"self":[{"href":"https:\/\/limage-et-le-livre.com\/en\/wp-json\/wp\/v2\/product\/22442","targetHints":{"allow":["GET"]}}],"collection":[{"href":"https:\/\/limage-et-le-livre.com\/en\/wp-json\/wp\/v2\/product"}],"about":[{"href":"https:\/\/limage-et-le-livre.com\/en\/wp-json\/wp\/v2\/types\/product"}],"version-history":[{"count":3,"href":"https:\/\/limage-et-le-livre.com\/en\/wp-json\/wp\/v2\/product\/22442\/revisions"}],"predecessor-version":[{"id":22445,"href":"https:\/\/limage-et-le-livre.com\/en\/wp-json\/wp\/v2\/product\/22442\/revisions\/22445"}],"wp:featuredmedia":[{"embeddable":true,"href":"https:\/\/limage-et-le-livre.com\/en\/wp-json\/wp\/v2\/media\/22329"}],"wp:attachment":[{"href":"https:\/\/limage-et-le-livre.com\/en\/wp-json\/wp\/v2\/media?parent=22442"}],"wp:term":[{"taxonomy":"product_brand","embeddable":true,"href":"https:\/\/limage-et-le-livre.com\/en\/wp-json\/wp\/v2\/product_brand?post=22442"},{"taxonomy":"product_cat","embeddable":true,"href":"https:\/\/limage-et-le-livre.com\/en\/wp-json\/wp\/v2\/product_cat?post=22442"},{"taxonomy":"product_tag","embeddable":true,"href":"https:\/\/limage-et-le-livre.com\/en\/wp-json\/wp\/v2\/product_tag?post=22442"}],"curies":[{"name":"wp","href":"https:\/\/api.w.org\/{rel}","templated":true}]}}