{"id":22640,"date":"2026-03-07T15:20:18","date_gmt":"2026-03-07T14:20:18","guid":{"rendered":"https:\/\/limage-et-le-livre.com\/non class\u00e9\/haut-koenigsbourg-denkschrift-uber-die-wiederherstellung-der-hohkoenigsburg-bei-schlettstadt-im-elsass\/"},"modified":"2026-03-07T15:20:18","modified_gmt":"2026-03-07T14:20:18","slug":"haut-koenigsbourg-denkschrift-uber-die-wiederherstellung-der-hohkoenigsburg-bei-schlettstadt-im-elsass","status":"publish","type":"product","link":"https:\/\/limage-et-le-livre.com\/en\/books\/fine-arts\/architecture-en\/haut-koenigsbourg-denkschrift-uber-die-wiederherstellung-der-hohkoenigsburg-bei-schlettstadt-im-elsass\/","title":{"rendered":"Haut-Koenigsbourg &#8211; Denkschrift \u00fcber die Wiederherstellung..."},"content":{"rendered":"<p><strong>Berlin, W. Ernst, 1900<\/strong><\/p>\n<p>Grand in-folio<\/p>\n<p>Denkschrift \u00fcber die Wiederherstellung der Hohk\u00f6nigsburg bei Schlettstadt im Elsass.<\/p>\n<p>Bodo EBHARDT<\/p>\n<p>Berlin, W. Ernst, 1900.<\/p>\n<p>Complet des 6 planches hors texte de projets de restauration du ch\u00e2teau.<br \/>\nPeu courant.<\/p>\n<p>Ouvrage publi\u00e9 par l\u2019architecte Bodo Ebhardt, dans le cadre du projet de restauration du ch\u00e2teau du Haut-Koenigsbourg en Alsace.<br \/>\nIl s\u2019agit d\u2019un document technique et historique pr\u00e9sentant l\u2019\u00e9tat du ch\u00e2teau en ruine \u00e0 la fin du XIX\u1d49 si\u00e8cle ainsi que le projet de restauration propos\u00e9 par Ebhardt. L\u2019ouvrage expose les principes architecturaux retenus, les intentions de reconstruction et comprend des plans ainsi que des planches illustr\u00e9es.<br \/>\nCe volume (texte court accompagn\u00e9 de planches hors-texte) constitue un t\u00e9moignage fondamental pour comprendre la gen\u00e8se de la reconstruction du Haut-Koenigsbourg sous l\u2019Empire allemand et le d\u00e9bat patrimonial de l\u2019\u00e9poque.<\/p>\n<p><em>Etat: Couverture fragile et restaur\u00e9e. Fr\u00e9quent sur les reliures de cette \u00e9poque.<br \/>\nInt\u00e9rieur frais et sans rousseurs.<\/em><\/p>\n<p>Dimensions: 49 x 32 cm<\/p>\n<p><small>Le prix du port est calcule selon la destination et le poids du colis.<\/small><\/p>\n","protected":false},"excerpt":{"rendered":"<p>Projets de restauration du Haut-Koenigsbourg, par l&#8217;architecte Bodo Ebhardt. L\u2019ouvrage expose les principes architecturaux retenus, les intentions de reconstruction et comprend des plans ainsi que des planches illustr\u00e9es. Peu courant.<\/p>\n","protected":false},"featured_media":22620,"template":"","meta":[],"product_brand":[],"product_cat":[5241],"product_tag":[877,9777,10356,652,8582],"class_list":{"0":"post-22640","1":"product","2":"type-product","3":"status-publish","4":"has-post-thumbnail","6":"product_cat-architecture","7":"product_tag-alsace","8":"product_tag-chateau","9":"product_tag-haut-koenigsbourg","10":"product_tag-histoire","11":"product_tag-selestat","13":"first","14":"instock","15":"shipping-taxable","16":"purchasable","17":"product-type-simple"},"_links":{"self":[{"href":"https:\/\/limage-et-le-livre.com\/en\/wp-json\/wp\/v2\/product\/22640","targetHints":{"allow":["GET"]}}],"collection":[{"href":"https:\/\/limage-et-le-livre.com\/en\/wp-json\/wp\/v2\/product"}],"about":[{"href":"https:\/\/limage-et-le-livre.com\/en\/wp-json\/wp\/v2\/types\/product"}],"version-history":[{"count":0,"href":"https:\/\/limage-et-le-livre.com\/en\/wp-json\/wp\/v2\/product\/22640\/revisions"}],"wp:featuredmedia":[{"embeddable":true,"href":"https:\/\/limage-et-le-livre.com\/en\/wp-json\/wp\/v2\/media\/22620"}],"wp:attachment":[{"href":"https:\/\/limage-et-le-livre.com\/en\/wp-json\/wp\/v2\/media?parent=22640"}],"wp:term":[{"taxonomy":"product_brand","embeddable":true,"href":"https:\/\/limage-et-le-livre.com\/en\/wp-json\/wp\/v2\/product_brand?post=22640"},{"taxonomy":"product_cat","embeddable":true,"href":"https:\/\/limage-et-le-livre.com\/en\/wp-json\/wp\/v2\/product_cat?post=22640"},{"taxonomy":"product_tag","embeddable":true,"href":"https:\/\/limage-et-le-livre.com\/en\/wp-json\/wp\/v2\/product_tag?post=22640"}],"curies":[{"name":"wp","href":"https:\/\/api.w.org\/{rel}","templated":true}]}}