{"id":22649,"date":"2026-03-07T17:58:02","date_gmt":"2026-03-07T16:58:02","guid":{"rendered":"https:\/\/limage-et-le-livre.com\/non%20class\u00e9\/cours-du-rhin-et-affluents-alsace-et-pays-de-bade-vera-toits-marchonatus-badensis-et-hochbergensis\/"},"modified":"2026-03-14T14:43:36","modified_gmt":"2026-03-14T13:43:36","slug":"cours-du-rhin-et-affluents-alsace-et-pays-de-bade-vera-toits-marchonatus-badensis-et-hochbergensis","status":"publish","type":"product","link":"https:\/\/limage-et-le-livre.com\/en\/gravures-et-estampes\/cartes-plans\/cours-du-rhin-et-affluents-alsace-et-pays-de-bade-vera-toits-marchonatus-badensis-et-hochbergensis\/","title":{"rendered":"Cours du Rhin et affluents, Alsace..."},"content":{"rendered":"<p><strong>1681<\/strong><\/p>\n<p>Gravure sur cuivre 1681.<\/p>\n<p>Dimension du feuillet : 53,5 x 86,7 cm<br \/>\nDimension au coup de planche : 45,2 x 81,2 cm<\/p>\n<p>Quelques l\u00e9g\u00e8res rousseurs dans les marges.<\/p>\n<p>Tr\u00e8s belle et grande carte, agr\u00e9ment\u00e9e de d\u00e9cors champ\u00eatres et agricoles ainsi que de blasons, figures guerri\u00e8res et mythologiques.<\/p>\n<p>La partie basse gauche de la carte pr\u00e9sente une m\u00e9thode de calcul des distances entre les villes par triangulation et une table arithm\u00e9tique r\u00e9alis\u00e9es par Johann Morell et Daniel Be\u00fcch.<\/p>\n<p><em>Etat: Bon \u00e9tat, quelques rousseurs sans gravit\u00e9 dans la marge sup\u00e9rieure.<\/em><\/p>\n<p><small>Le prix du port est calcule selon la destination et le poids du colis.<\/small><\/p>\n","protected":false},"excerpt":{"rendered":"<p>Le cours du Rhin en Alsace et en Lorraine<br \/>\nGravure sur cuivre 1681.<br \/>\nGrand format pr\u00e9sentant en sus une carte de calcul des distances, et agr\u00e9ment\u00e9 de nombreuses figures champ\u00eatres et mythologiques symbolisant les richesses du Rhin.<\/p>\n","protected":false},"featured_media":23240,"template":"","meta":[],"product_brand":[],"product_cat":[10357,5158],"product_tag":[877,876,9013,10358,8604],"class_list":{"0":"post-22649","1":"product","2":"type-product","3":"status-publish","4":"has-post-thumbnail","6":"product_cat-cartes-plans","7":"product_cat-gravures-et-estampes","8":"product_tag-alsace","9":"product_tag-bas-rhin","10":"product_tag-haut-rhin","11":"product_tag-pays-de-bade","12":"product_tag-rhin","13":"pa_annee-de-publication-10410","14":"pa_etat-de-conservation-bon","16":"first","17":"instock","18":"shipping-taxable","19":"purchasable","20":"product-type-simple"},"_links":{"self":[{"href":"https:\/\/limage-et-le-livre.com\/en\/wp-json\/wp\/v2\/product\/22649","targetHints":{"allow":["GET"]}}],"collection":[{"href":"https:\/\/limage-et-le-livre.com\/en\/wp-json\/wp\/v2\/product"}],"about":[{"href":"https:\/\/limage-et-le-livre.com\/en\/wp-json\/wp\/v2\/types\/product"}],"version-history":[{"count":3,"href":"https:\/\/limage-et-le-livre.com\/en\/wp-json\/wp\/v2\/product\/22649\/revisions"}],"predecessor-version":[{"id":23269,"href":"https:\/\/limage-et-le-livre.com\/en\/wp-json\/wp\/v2\/product\/22649\/revisions\/23269"}],"wp:featuredmedia":[{"embeddable":true,"href":"https:\/\/limage-et-le-livre.com\/en\/wp-json\/wp\/v2\/media\/23240"}],"wp:attachment":[{"href":"https:\/\/limage-et-le-livre.com\/en\/wp-json\/wp\/v2\/media?parent=22649"}],"wp:term":[{"taxonomy":"product_brand","embeddable":true,"href":"https:\/\/limage-et-le-livre.com\/en\/wp-json\/wp\/v2\/product_brand?post=22649"},{"taxonomy":"product_cat","embeddable":true,"href":"https:\/\/limage-et-le-livre.com\/en\/wp-json\/wp\/v2\/product_cat?post=22649"},{"taxonomy":"product_tag","embeddable":true,"href":"https:\/\/limage-et-le-livre.com\/en\/wp-json\/wp\/v2\/product_tag?post=22649"}],"curies":[{"name":"wp","href":"https:\/\/api.w.org\/{rel}","templated":true}]}}