{"id":22825,"date":"2026-03-10T15:10:44","date_gmt":"2026-03-10T14:10:44","guid":{"rendered":"https:\/\/limage-et-le-livre.com\/non%20class\u00e9\/la-grande-diablerie\/"},"modified":"2026-03-12T15:59:15","modified_gmt":"2026-03-12T14:59:15","slug":"la-grande-diablerie","status":"publish","type":"product","link":"https:\/\/limage-et-le-livre.com\/en\/books\/literature\/la-grande-diablerie\/","title":{"rendered":"La Grande Diablerie"},"content":{"rendered":"<p><strong>Paris, Georges Hurtrel, 1884<\/strong><\/p>\n<p>in-12, Demi-chagrin<\/p>\n<p>AMERVAL (\u00c9loy d\u2019).<\/p>\n<p>La Grande Diablerie, po\u00e8me du XVe si\u00e8cle.<\/p>\n<p>Paris, Georges Hurtrel, 1884.<\/p>\n<p>In-12, 216 p. demi-chagrin bleu \u00e0 coins, dos \u00e0 5 nerfs, tranche sup\u00e9rieure dor\u00e9e.<\/p>\n<p>\u00c9dition illustr\u00e9e d\u2019un frontispice et de 4 eaux-fortes de Paul Avril, avec vignettes dans le texte de Gustave Fraipont. <\/p>\n<p>A noter des rousseurs \u00e9parses, mais reliure en bon \u00e9tat et ensemble assez frais.<\/p>\n<p>R\u00e9\u00e9dition d\u2019un po\u00e8me satirique de la fin du XVe si\u00e8cle attribu\u00e9 \u00e0 \u00c9loy d\u2019Amerval, d\u00e9crivant les vices humains et l\u2019univers infernal.<br \/>\nSatan rend compte \u00e0 Lucifer des vices des vivants. C&#8217;est aussi une suite de portraits sociologiques des d\u00e9viances des professions et des conditions: Hommes, femmes, \u00e9tudiants, avocats, usuriers, p\u00e8res, apothicaires etc.<\/p>\n<p>Belle publication illustr\u00e9e de la fin du XIXe si\u00e8cle en belle reliure.<\/p>\n<p><em>Etat: Rousseurs \u00e9parses. Jolie reliure en bon \u00e9tat.<\/em><\/p>\n<p>Dimensions: 15,8 x 12 cm<\/p>\n<p>216 pages<\/p>\n<p><small>Le prix du port est calcule selon la destination et le poids du colis.<\/small><\/p>\n","protected":false},"excerpt":{"rendered":"<p>AMERVAL (\u00c9loy d\u2019).<br \/>\nSatan rend compte \u00e0 Lucifer des vices des vivants. C&#8217;est aussi une suite de portraits sociologiques des d\u00e9viances des professions et des conditions: Hommes, femmes, \u00e9tudiants, avocats, usuriers, p\u00e8res, apothicaires etc.<\/p>\n","protected":false},"featured_media":22805,"template":"","meta":[],"product_brand":[],"product_cat":[5123,5114],"product_tag":[10373,10365,699,727,10374],"class_list":{"0":"post-22825","1":"product","2":"type-product","3":"status-publish","4":"has-post-thumbnail","6":"product_cat-litterature","7":"product_cat-livres","8":"product_tag-diable","9":"product_tag-morale","10":"product_tag-poesie","11":"product_tag-religion","12":"product_tag-satan","14":"first","15":"outofstock","16":"shipping-taxable","17":"purchasable","18":"product-type-simple"},"_links":{"self":[{"href":"https:\/\/limage-et-le-livre.com\/en\/wp-json\/wp\/v2\/product\/22825","targetHints":{"allow":["GET"]}}],"collection":[{"href":"https:\/\/limage-et-le-livre.com\/en\/wp-json\/wp\/v2\/product"}],"about":[{"href":"https:\/\/limage-et-le-livre.com\/en\/wp-json\/wp\/v2\/types\/product"}],"version-history":[{"count":1,"href":"https:\/\/limage-et-le-livre.com\/en\/wp-json\/wp\/v2\/product\/22825\/revisions"}],"predecessor-version":[{"id":22957,"href":"https:\/\/limage-et-le-livre.com\/en\/wp-json\/wp\/v2\/product\/22825\/revisions\/22957"}],"wp:featuredmedia":[{"embeddable":true,"href":"https:\/\/limage-et-le-livre.com\/en\/wp-json\/wp\/v2\/media\/22805"}],"wp:attachment":[{"href":"https:\/\/limage-et-le-livre.com\/en\/wp-json\/wp\/v2\/media?parent=22825"}],"wp:term":[{"taxonomy":"product_brand","embeddable":true,"href":"https:\/\/limage-et-le-livre.com\/en\/wp-json\/wp\/v2\/product_brand?post=22825"},{"taxonomy":"product_cat","embeddable":true,"href":"https:\/\/limage-et-le-livre.com\/en\/wp-json\/wp\/v2\/product_cat?post=22825"},{"taxonomy":"product_tag","embeddable":true,"href":"https:\/\/limage-et-le-livre.com\/en\/wp-json\/wp\/v2\/product_tag?post=22825"}],"curies":[{"name":"wp","href":"https:\/\/api.w.org\/{rel}","templated":true}]}}