{"id":23314,"date":"2026-03-24T10:59:23","date_gmt":"2026-03-24T09:59:23","guid":{"rendered":"https:\/\/limage-et-le-livre.com\/non%20class\u00e9\/il-mercurio-errante\/"},"modified":"2026-03-24T12:08:44","modified_gmt":"2026-03-24T11:08:44","slug":"il-mercurio-errante","status":"publish","type":"product","link":"https:\/\/limage-et-le-livre.com\/en\/books\/history\/il-mercurio-errante\/","title":{"rendered":"Il Mercurio Errante"},"content":{"rendered":"<p><strong>Rome, Gio Zempel, 1732<\/strong><\/p>\n<p>in-8<\/p>\n<p>Pietro Rossini<br \/>\nIl Mercurio errante delle grandezze di Roma, tanto antiche, che moderne. <\/p>\n<p>Rome, 1732. Gio. Zempel<\/p>\n<p>In-16; 286 pp; complet; cinqui\u00e8me \u00e9dition augment\u00e9e. V\u00e9lin d\u2019\u00e9poque, dos \u00e0 7 nerfs avec titre calligraphi\u00e9. Texte en italien. Tranches mouchet\u00e9es; manque de v\u00e9lin sur le plat sup\u00e9rieur; coins frott\u00e9s; reliure solide; coiffes en bon \u00e9tat; tr\u00e8s jolie patine. Int\u00e9rieur frais; exemplaire agr\u00e9able.<\/p>\n<p>Frontispice grav\u00e9 en bon \u00e9tat.<br \/>\nIl mentionne: &#8220;Virentibus revertitur foliis. Disce ubi sit prudentia&#8221; \u2014 Il rena\u00eet avec les feuilles nouvelles. Apprends o\u00f9 r\u00e9side la sagesse.<\/p>\n<p>Il Mercurio est un des premiers guides de voyage ayant connu 10 \u00e9ditions entre 1693 et 1789.<br \/>\nCe guide r\u00e9vis\u00e9 et enrichi, pr\u00e9sente de mani\u00e8re d\u00e9taill\u00e9e monuments, \u00e9glises, palais et places de Rome.<br \/>\nDestin\u00e9 aux voyageurs du Grand Tour, il combine pr\u00e9cision historique et approche pratique, offrant un t\u00e9moignage pr\u00e9cieux de la topographie, de l\u2019architecture et du go\u00fbt artistique de Rome \u00e0 cette p\u00e9riode. <\/p>\n<p>Dimensions: 14,9 x 8,5 cm<\/p>\n<p>286 pages<\/p>\n<p><small>Le prix du port est calcule selon la destination et le poids du colis.<\/small><\/p>\n","protected":false},"excerpt":{"rendered":"<p>Guide de voyage sur Rome, publi\u00e9 1732. Il est destin\u00e9 aux voyageurs du Grand Tour. Il a connu 10 \u00e9ditions augment\u00e9es sur pr\u00e8s de 100 ans, dont nous pr\u00e9sentons ici la 5\u00e8me. <\/p>\n","protected":false},"featured_media":23315,"template":"","meta":[],"product_brand":[],"product_cat":[5128,5114,10422],"product_tag":[9763,8769,9469],"class_list":{"0":"post-23314","1":"product","2":"type-product","3":"status-publish","4":"has-post-thumbnail","6":"product_cat-histoire","7":"product_cat-livres","8":"product_cat-voyages","9":"product_tag-guide-de-voyage","10":"product_tag-rome","11":"product_tag-rome-antique","12":"pa_annee-de-publication-10423","13":"pa_dimension-in-8-2","14":"pa_editeur-gio-zempel","15":"pa_etat-de-conservation-bon","16":"pa_lieu-de-publication-rome","18":"first","19":"instock","20":"shipping-taxable","21":"purchasable","22":"product-type-simple"},"_links":{"self":[{"href":"https:\/\/limage-et-le-livre.com\/en\/wp-json\/wp\/v2\/product\/23314","targetHints":{"allow":["GET"]}}],"collection":[{"href":"https:\/\/limage-et-le-livre.com\/en\/wp-json\/wp\/v2\/product"}],"about":[{"href":"https:\/\/limage-et-le-livre.com\/en\/wp-json\/wp\/v2\/types\/product"}],"version-history":[{"count":1,"href":"https:\/\/limage-et-le-livre.com\/en\/wp-json\/wp\/v2\/product\/23314\/revisions"}],"predecessor-version":[{"id":23331,"href":"https:\/\/limage-et-le-livre.com\/en\/wp-json\/wp\/v2\/product\/23314\/revisions\/23331"}],"wp:featuredmedia":[{"embeddable":true,"href":"https:\/\/limage-et-le-livre.com\/en\/wp-json\/wp\/v2\/media\/23315"}],"wp:attachment":[{"href":"https:\/\/limage-et-le-livre.com\/en\/wp-json\/wp\/v2\/media?parent=23314"}],"wp:term":[{"taxonomy":"product_brand","embeddable":true,"href":"https:\/\/limage-et-le-livre.com\/en\/wp-json\/wp\/v2\/product_brand?post=23314"},{"taxonomy":"product_cat","embeddable":true,"href":"https:\/\/limage-et-le-livre.com\/en\/wp-json\/wp\/v2\/product_cat?post=23314"},{"taxonomy":"product_tag","embeddable":true,"href":"https:\/\/limage-et-le-livre.com\/en\/wp-json\/wp\/v2\/product_tag?post=23314"}],"curies":[{"name":"wp","href":"https:\/\/api.w.org\/{rel}","templated":true}]}}