{"id":23350,"date":"2026-03-24T12:32:06","date_gmt":"2026-03-24T11:32:06","guid":{"rendered":"https:\/\/limage-et-le-livre.com\/non class\u00e9\/dodoitzu-de-paul-claudel\/"},"modified":"2026-03-24T12:32:06","modified_gmt":"2026-03-24T11:32:06","slug":"dodoitzu-de-paul-claudel","status":"publish","type":"product","link":"https:\/\/limage-et-le-livre.com\/en\/books\/literature\/poetry\/dodoitzu-de-paul-claudel\/","title":{"rendered":"Dodoitzu de Paul Claudel"},"content":{"rendered":"<p><strong>Paris, E: Desfoss\u00e9s, Gallimard, 1945<\/strong><\/p>\n<p>Dodoitzu de Paul Claudel.<br \/>\nAquarelles de Rihakou Harada<\/p>\n<p>Paris, chez E. Desfoss\u00e9 , 15 mai 1945.<br \/>\nEdition originale.<\/p>\n<p>Signature de l&#8217;artiste Rihakou Harada avec son cachet d&#8217;artiste japonais, en date du 10 f\u00e9vrier 1953.<br \/>\nExemplaire num\u00e9rot\u00e9.<br \/>\nBroch\u00e9 \u00e0 la japonaise, avec fil rouge apparent; 21,5 x 28 cm.<br \/>\nPetite d\u00e9chirure dans le bas gauche du plat. Sinon pas de d\u00e9faut. Int\u00e9rieur tr\u00e8s frais.<\/p>\n<p>Cet ouvrage est sign\u00e9 en 1953 de l&#8217;artiste Harada, sur un exemplaire original de 1945. A cette \u00e9poque Harada \u00e9tait d\u00e9j\u00e0 install\u00e9 en Alsace, \u00e0 Niedernai.<\/p>\n<p>Dimensions: 28 x 21,5 cm<\/p>\n<p>68 pages<\/p>\n<p><small>Le prix du port est calcule selon la destination et le poids du colis.<\/small><\/p>\n","protected":false},"excerpt":{"rendered":"<p>Dodoitzu de Paul Claudel.<br \/>\nAquarelles de Rihakou Harada<br \/>\nEdition originale.<br \/>\nSignature de l&#8217;artiste Rihakou Harada avec son cachet d&#8217;artiste japonais.<\/p>\n","protected":false},"featured_media":23332,"template":"","meta":[],"product_brand":[],"product_cat":[5114,5139],"product_tag":[877,10427,10428,9582,9854,10426,9499,699],"class_list":{"0":"post-23350","1":"product","2":"type-product","3":"status-publish","4":"has-post-thumbnail","6":"product_cat-livres","7":"product_cat-poesie","8":"product_tag-alsace","9":"product_tag-claudel","10":"product_tag-harada","11":"product_tag-japon","12":"product_tag-japonisme","13":"product_tag-nature","14":"product_tag-niedernai","15":"product_tag-poesie","16":"pa_annee-de-publication-2564","17":"pa_editeur-e-desfosses-gallimard","18":"pa_etat-de-conservation-bon","19":"pa_illustrateur-rihakou-harada","20":"pa_langue-francais-et-anglais","21":"pa_lieu-de-publication-paris","23":"first","24":"instock","25":"shipping-taxable","26":"purchasable","27":"product-type-simple"},"_links":{"self":[{"href":"https:\/\/limage-et-le-livre.com\/en\/wp-json\/wp\/v2\/product\/23350","targetHints":{"allow":["GET"]}}],"collection":[{"href":"https:\/\/limage-et-le-livre.com\/en\/wp-json\/wp\/v2\/product"}],"about":[{"href":"https:\/\/limage-et-le-livre.com\/en\/wp-json\/wp\/v2\/types\/product"}],"version-history":[{"count":0,"href":"https:\/\/limage-et-le-livre.com\/en\/wp-json\/wp\/v2\/product\/23350\/revisions"}],"wp:featuredmedia":[{"embeddable":true,"href":"https:\/\/limage-et-le-livre.com\/en\/wp-json\/wp\/v2\/media\/23332"}],"wp:attachment":[{"href":"https:\/\/limage-et-le-livre.com\/en\/wp-json\/wp\/v2\/media?parent=23350"}],"wp:term":[{"taxonomy":"product_brand","embeddable":true,"href":"https:\/\/limage-et-le-livre.com\/en\/wp-json\/wp\/v2\/product_brand?post=23350"},{"taxonomy":"product_cat","embeddable":true,"href":"https:\/\/limage-et-le-livre.com\/en\/wp-json\/wp\/v2\/product_cat?post=23350"},{"taxonomy":"product_tag","embeddable":true,"href":"https:\/\/limage-et-le-livre.com\/en\/wp-json\/wp\/v2\/product_tag?post=23350"}],"curies":[{"name":"wp","href":"https:\/\/api.w.org\/{rel}","templated":true}]}}