{"id":23367,"date":"2026-03-25T16:14:05","date_gmt":"2026-03-25T15:14:05","guid":{"rendered":"https:\/\/limage-et-le-livre.com\/non class\u00e9\/les-secrets-miracles-de-nature-et-divers-enseignemens-de-plusieurs-choses-par-raison-probable-artiste-coniecture\/"},"modified":"2026-03-25T16:14:05","modified_gmt":"2026-03-25T15:14:05","slug":"les-secrets-miracles-de-nature-et-divers-enseignemens-de-plusieurs-choses-par-raison-probable-artiste-coniecture","status":"publish","type":"product","link":"https:\/\/limage-et-le-livre.com\/en\/books\/science-and-technology\/medicine\/les-secrets-miracles-de-nature-et-divers-enseignemens-de-plusieurs-choses-par-raison-probable-artiste-coniecture\/","title":{"rendered":"Les secrets miracles de Nature, et..."},"content":{"rendered":"<p><strong>Lyon, Frellon, 1566<\/strong><\/p>\n<p>in-12<\/p>\n<p>LEMNIUS, Levinus<\/p>\n<p>Les secrets miracles de nature, et divers enseignemens de plusieurs choses, par raison probable &amp; artiste coniecture ; exposez en deux livres \u2014 <\/p>\n<p>Lyon, Jean Frellon, 1566 \u2014 in-12, 459 pp. suivi de 37 pages de table. Complet.<\/p>\n<p>Reliure 19\u00e8me. Dos cuir \u00e0 4 caissons et pi\u00e8ce de titre rouge, plats cartonn\u00e9es \u00e0 coins.<br \/>\nMors fendus mais l&#8217;ensemble reste solide. Mouillures, plus marqu\u00e9es en page de titre et en fin d&#8217;ouvrage. Le texte est tout \u00e0 fait pr\u00e9serv\u00e9.<\/p>\n<p>Premi\u00e8re \u00e9dition fran\u00e7aise, traduite par Antoine Du Pinet, du trait\u00e9 latin Occulta naturae miracula paru \u00e0 Anvers en 1559. Colophon dat\u00e9 du 10 ao\u00fbt 1566.<br \/>\nOuvrage embl\u00e9matique de la litt\u00e9rature des \u201csecrets\u201d de la Renaissance, organis\u00e9 en deux livres avec tables finales.<br \/>\nIl est avant tout un trait\u00e9 de m\u00e9decine et de philosophie naturelle. Il rassemble des observations sur le corps humain, la sant\u00e9, les plantes, les animaux et la nature, avec des explications rationnelles et des conjectures savantes.<br \/>\nLe terme \u201csecrets\u201d renvoie aux connaissances naturelles rares ou peu accessibles \u00e0 l\u2019\u00e9poque, comme des rem\u00e8des, recettes ou curiosit\u00e9s de la nature.<\/p>\n<p>Ouvrage ult\u00e9rieurement inscrit \u00e0 l\u2019Index par l\u2019\u00c9glise catholique, pour certaines positions jug\u00e9es h\u00e9t\u00e9rodoxes, de la fin du XVI\u1d49 si\u00e8cle jusqu\u2019au XX\u1d49 si\u00e8cle.<\/p>\n<p>Ce livre a marqu\u00e9 son \u00e9poque par ses traductions et sa diffusion europ\u00e9enne (Pays-Bas, France, Angleterre, Italie).<\/p>\n<p>L&#8217;auteur,  est un m\u00e9decin n\u00e9erlandais form\u00e9 \u00e0 Louvain, m\u00ealant observations cliniques et \u00e9rudition classique.<\/p>\n<p>Exemplaire en fran\u00e7ais, rare sur le march\u00e9.<br \/>\nCoumont [L51D.36].<\/p>\n<p>Dimensions: 15,3 x 10 cm<\/p>\n<p><small>Le prix du port est calcule selon la destination et le poids du colis.<\/small><\/p>\n","protected":false},"excerpt":{"rendered":"<p>Rare premi\u00e8re \u00e9dition fran\u00e7aise de 1566.<br \/>\nTrait\u00e9 de m\u00e9decine et de philosophie naturelle. observations sur le corps humain, la sant\u00e9, les plantes, les animaux et la nature, avec des explications rationnelles et des conjectures savantes.<\/p>\n","protected":false},"featured_media":23351,"template":"","meta":[],"product_brand":[],"product_cat":[5114,5117,5314],"product_tag":[644,10433,1220],"class_list":{"0":"post-23367","1":"product","2":"type-product","3":"status-publish","4":"has-post-thumbnail","6":"product_cat-livres","7":"product_cat-medecine","8":"product_cat-sciences","9":"product_tag-medecine","10":"product_tag-occultisme","11":"product_tag-sciences-naturelles","12":"pa_annee-de-publication-10434","13":"pa_dimension-in-12-2","14":"pa_editeur-frellon","15":"pa_etat-de-conservation-assez-bon","16":"pa_langue-francais","17":"pa_lieu-de-publication-lyon","19":"first","20":"instock","21":"shipping-taxable","22":"purchasable","23":"product-type-simple"},"_links":{"self":[{"href":"https:\/\/limage-et-le-livre.com\/en\/wp-json\/wp\/v2\/product\/23367","targetHints":{"allow":["GET"]}}],"collection":[{"href":"https:\/\/limage-et-le-livre.com\/en\/wp-json\/wp\/v2\/product"}],"about":[{"href":"https:\/\/limage-et-le-livre.com\/en\/wp-json\/wp\/v2\/types\/product"}],"version-history":[{"count":0,"href":"https:\/\/limage-et-le-livre.com\/en\/wp-json\/wp\/v2\/product\/23367\/revisions"}],"wp:featuredmedia":[{"embeddable":true,"href":"https:\/\/limage-et-le-livre.com\/en\/wp-json\/wp\/v2\/media\/23351"}],"wp:attachment":[{"href":"https:\/\/limage-et-le-livre.com\/en\/wp-json\/wp\/v2\/media?parent=23367"}],"wp:term":[{"taxonomy":"product_brand","embeddable":true,"href":"https:\/\/limage-et-le-livre.com\/en\/wp-json\/wp\/v2\/product_brand?post=23367"},{"taxonomy":"product_cat","embeddable":true,"href":"https:\/\/limage-et-le-livre.com\/en\/wp-json\/wp\/v2\/product_cat?post=23367"},{"taxonomy":"product_tag","embeddable":true,"href":"https:\/\/limage-et-le-livre.com\/en\/wp-json\/wp\/v2\/product_tag?post=23367"}],"curies":[{"name":"wp","href":"https:\/\/api.w.org\/{rel}","templated":true}]}}