{"id":23406,"date":"2026-03-26T16:10:57","date_gmt":"2026-03-26T15:10:57","guid":{"rendered":"https:\/\/limage-et-le-livre.com\/non%20class\u00e9\/carte-de-la-louisiane-et-de-la-floride\/"},"modified":"2026-04-09T11:47:19","modified_gmt":"2026-04-09T09:47:19","slug":"carte-de-la-louisiane-et-de-la-floride","status":"publish","type":"product","link":"https:\/\/limage-et-le-livre.com\/en\/gravures-et-estampes\/cartes-plans\/carte-de-la-louisiane-et-de-la-floride\/","title":{"rendered":"Carte de la Louisiane et de..."},"content":{"rendered":"<p>Carte de la Louisiane et de la Floride.<\/p>\n<p>Par M. Bonne, Ing\u00e9nieur Hydrographe de la Marine.<\/p>\n<p>Gravure sur cuivre.<\/p>\n<p>ca 1780.<br \/>\nColoris main.<\/p>\n<p>Dimension au coup de planche: 32,8 x 22,7 cm.<br \/>\nDimension du feuillet: 34,4 x 24,2 cm<\/p>\n<p>A noter une trace d&#8217;humidit\u00e9 dans le c\u00f4t\u00e9 inf\u00e9rieur droit et quelques marques de plis discrets dans la gravure.<\/p>\n<p><small>Le prix du port est calcule selon la destination et le poids du colis.<\/small><\/p>\n","protected":false},"excerpt":{"rendered":"<p>Carte de la Louisiane et de la Floride.<\/p>\n<p>Par M. Bonne, Ing\u00e9nieur Hydrographe de la Marine.<\/p>\n<p>Gravure sur cuivre.<\/p>\n<p>ca 1780.<br \/>\nColoris main.<\/p>\n","protected":false},"featured_media":24148,"template":"","meta":[],"product_brand":[],"product_cat":[10357,5158],"product_tag":[10445,912,909,913,911,914,10444],"class_list":{"0":"post-23406","1":"product","2":"type-product","3":"status-publish","4":"has-post-thumbnail","6":"product_cat-cartes-plans","7":"product_cat-gravures-et-estampes","8":"product_tag-18eme","9":"product_tag-caroline","10":"product_tag-etats-unis","11":"product_tag-floride","12":"product_tag-georgie","13":"product_tag-louisiane","14":"product_tag-virginie","15":"pa_etat-de-conservation-bon","16":"pa_langue-francais","18":"first","19":"instock","20":"shipping-taxable","21":"purchasable","22":"product-type-simple"},"_links":{"self":[{"href":"https:\/\/limage-et-le-livre.com\/en\/wp-json\/wp\/v2\/product\/23406","targetHints":{"allow":["GET"]}}],"collection":[{"href":"https:\/\/limage-et-le-livre.com\/en\/wp-json\/wp\/v2\/product"}],"about":[{"href":"https:\/\/limage-et-le-livre.com\/en\/wp-json\/wp\/v2\/types\/product"}],"version-history":[{"count":1,"href":"https:\/\/limage-et-le-livre.com\/en\/wp-json\/wp\/v2\/product\/23406\/revisions"}],"predecessor-version":[{"id":23536,"href":"https:\/\/limage-et-le-livre.com\/en\/wp-json\/wp\/v2\/product\/23406\/revisions\/23536"}],"wp:featuredmedia":[{"embeddable":true,"href":"https:\/\/limage-et-le-livre.com\/en\/wp-json\/wp\/v2\/media\/24148"}],"wp:attachment":[{"href":"https:\/\/limage-et-le-livre.com\/en\/wp-json\/wp\/v2\/media?parent=23406"}],"wp:term":[{"taxonomy":"product_brand","embeddable":true,"href":"https:\/\/limage-et-le-livre.com\/en\/wp-json\/wp\/v2\/product_brand?post=23406"},{"taxonomy":"product_cat","embeddable":true,"href":"https:\/\/limage-et-le-livre.com\/en\/wp-json\/wp\/v2\/product_cat?post=23406"},{"taxonomy":"product_tag","embeddable":true,"href":"https:\/\/limage-et-le-livre.com\/en\/wp-json\/wp\/v2\/product_tag?post=23406"}],"curies":[{"name":"wp","href":"https:\/\/api.w.org\/{rel}","templated":true}]}}