{"id":23419,"date":"2026-03-26T16:43:34","date_gmt":"2026-03-26T15:43:34","guid":{"rendered":"https:\/\/limage-et-le-livre.com\/non%20class\u00e9\/carte-de-lacadie-isle-royale-et-pais-voisins\/"},"modified":"2026-04-09T11:47:10","modified_gmt":"2026-04-09T09:47:10","slug":"carte-de-lacadie-isle-royale-et-pais-voisins","status":"publish","type":"product","link":"https:\/\/limage-et-le-livre.com\/en\/gravures-et-estampes\/cartes-plans\/carte-de-lacadie-isle-royale-et-pais-voisins\/","title":{"rendered":"Carte de l&#8217;Acadie, Isle Royale et..."},"content":{"rendered":"<p><strong>Paris, 1757<\/strong><\/p>\n<p>Carte de l&#8217;Acadie, Isle Royale et Pa\u00efs Voisins.<br \/>\nPour servir \u00e0 l&#8217;Histoire G\u00e9n\u00e9rale des Voyages.<br \/>\nPar M.B. Ingr de la Marine.<\/p>\n<p>Gravure sur cuivre, Paris, 1757.<\/p>\n<p>Coloris main.<\/p>\n<p>Dimensions au coup de planche: 22,3 x 34,6 cm.<br \/>\nDimension du feuillet: 25,3 x 36 cm.<\/p>\n<p>A noter: petites rousseurs et un petit manque san gravit\u00e9 dans les marges. Plis central.<\/p>\n<p><small>Le prix du port est calcule selon la destination et le poids du colis.<\/small><\/p>\n","protected":false},"excerpt":{"rendered":"<p>Carte de l&#8217;Acadie, Isle Royale et Pa\u00efs Voisins.<br \/>\nPour servir \u00e0 l&#8217;Histoire G\u00e9n\u00e9rale des Voyages.<\/p>\n<p>Par M.B. Ingr de la Marine.<\/p>\n<p>Gravure sur cuivre, Paris, 1757.<\/p>\n<p>Coloris main.<\/p>\n","protected":false},"featured_media":24138,"template":"","meta":[],"product_brand":[],"product_cat":[10357,5158],"product_tag":[9036,9032,920,908],"class_list":{"0":"post-23419","1":"product","2":"type-product","3":"status-publish","4":"has-post-thumbnail","6":"product_cat-cartes-plans","7":"product_cat-gravures-et-estampes","8":"product_tag-acadie","9":"product_tag-amerique-du-nord","10":"product_tag-canada","11":"product_tag-carte","12":"pa_annee-de-publication-505","13":"pa_etat-de-conservation-bon","14":"pa_langue-francais","15":"pa_lieu-de-publication-paris","17":"first","18":"instock","19":"shipping-taxable","20":"purchasable","21":"product-type-simple"},"_links":{"self":[{"href":"https:\/\/limage-et-le-livre.com\/en\/wp-json\/wp\/v2\/product\/23419","targetHints":{"allow":["GET"]}}],"collection":[{"href":"https:\/\/limage-et-le-livre.com\/en\/wp-json\/wp\/v2\/product"}],"about":[{"href":"https:\/\/limage-et-le-livre.com\/en\/wp-json\/wp\/v2\/types\/product"}],"version-history":[{"count":1,"href":"https:\/\/limage-et-le-livre.com\/en\/wp-json\/wp\/v2\/product\/23419\/revisions"}],"predecessor-version":[{"id":23432,"href":"https:\/\/limage-et-le-livre.com\/en\/wp-json\/wp\/v2\/product\/23419\/revisions\/23432"}],"wp:featuredmedia":[{"embeddable":true,"href":"https:\/\/limage-et-le-livre.com\/en\/wp-json\/wp\/v2\/media\/24138"}],"wp:attachment":[{"href":"https:\/\/limage-et-le-livre.com\/en\/wp-json\/wp\/v2\/media?parent=23419"}],"wp:term":[{"taxonomy":"product_brand","embeddable":true,"href":"https:\/\/limage-et-le-livre.com\/en\/wp-json\/wp\/v2\/product_brand?post=23419"},{"taxonomy":"product_cat","embeddable":true,"href":"https:\/\/limage-et-le-livre.com\/en\/wp-json\/wp\/v2\/product_cat?post=23419"},{"taxonomy":"product_tag","embeddable":true,"href":"https:\/\/limage-et-le-livre.com\/en\/wp-json\/wp\/v2\/product_tag?post=23419"}],"curies":[{"name":"wp","href":"https:\/\/api.w.org\/{rel}","templated":true}]}}