{"id":23457,"date":"2026-03-26T18:10:04","date_gmt":"2026-03-26T17:10:04","guid":{"rendered":"https:\/\/limage-et-le-livre.com\/non%20class\u00e9\/palais-de-la-bourse-et-tribunal-de-commerce-a-paris\/"},"modified":"2026-03-31T15:50:18","modified_gmt":"2026-03-31T13:50:18","slug":"palais-de-la-bourse-et-tribunal-de-commerce-a-paris","status":"publish","type":"product","link":"https:\/\/limage-et-le-livre.com\/en\/books\/fine-arts\/architecture-en\/palais-de-la-bourse-et-tribunal-de-commerce-a-paris\/","title":{"rendered":"Palais de la Bourse et Tribunal..."},"content":{"rendered":"<p><strong>Paris, Rittner et Goupli, 1838<\/strong><\/p>\n<p>William WYLD<\/p>\n<p>Palais de la Bourse et Tribunal de Commerce \u00e0 Paris.<\/p>\n<p>Lithographie originale.<\/p>\n<p>Paris, Rittner et Goupil, 1838.<\/p>\n<p>Dimension du sujet: 25,5 x 38 cm<br \/>\nDimension du feuillet: 36,3 x 53,5 cm<br \/>\nBel encrage et bon \u00e9tat.<\/p>\n<p>William Wyld (1806\u20111889) \u2013 Lithographie du Palais de la Bourse, Paris, 1838<br \/>\nT\u00e9moignage visuel peu fr\u00e9quent de Paris avant les transformations haussmanniennes. William Wyld, peintre et lithographe anglais s&#8217;est install\u00e9 \u00e0 Paris d\u00e8s 1834. Initialement attir\u00e9 par des sc\u00e8nes orientalistes, il se tourne rapidement vers l\u2019architecture classique, privil\u00e9giant le d\u00e9tail et la pr\u00e9cision.<br \/>\nCette lithographie montre le Palais de la Bourse et la vie urbaine alentour, offrant un pr\u00e9cieux document historique et artistique du Paris des ann\u00e9es 1830. L\u2019attention de Wyld pour l\u2019architecture et le mouvement de la ville rend cette planche particuli\u00e8rement vivante et repr\u00e9sentative de son style.\n<\/p>\n<p><small>Le prix du port est calcule selon la destination et le poids du colis.<\/small><\/p>\n","protected":false},"excerpt":{"rendered":"<p>William WYLD<\/p>\n<p>Palais de la Bourse et Tribunal de Commerce \u00e0 Paris.<\/p>\n<p>Lithographie originale. 1838.<\/p>\n","protected":false},"featured_media":23495,"template":"","meta":[],"product_brand":[],"product_cat":[5241,5158,5114,10361],"product_tag":[10449,10448,1044,10450],"class_list":{"0":"post-23457","1":"product","2":"type-product","3":"status-publish","4":"has-post-thumbnail","6":"product_cat-architecture","7":"product_cat-gravures-et-estampes","8":"product_cat-livres","9":"product_cat-vues","10":"product_tag-bourse","11":"product_tag-palais-brongniart","12":"product_tag-paris","13":"product_tag-tribunal-de-commerce","14":"pa_annee-de-publication-276","15":"pa_editeur-rittner-et-goupli","16":"pa_etat-de-conservation-bon","17":"pa_langue-francais","18":"pa_lieu-de-publication-paris","20":"first","21":"instock","22":"shipping-taxable","23":"purchasable","24":"product-type-simple"},"_links":{"self":[{"href":"https:\/\/limage-et-le-livre.com\/en\/wp-json\/wp\/v2\/product\/23457","targetHints":{"allow":["GET"]}}],"collection":[{"href":"https:\/\/limage-et-le-livre.com\/en\/wp-json\/wp\/v2\/product"}],"about":[{"href":"https:\/\/limage-et-le-livre.com\/en\/wp-json\/wp\/v2\/types\/product"}],"version-history":[{"count":1,"href":"https:\/\/limage-et-le-livre.com\/en\/wp-json\/wp\/v2\/product\/23457\/revisions"}],"predecessor-version":[{"id":23507,"href":"https:\/\/limage-et-le-livre.com\/en\/wp-json\/wp\/v2\/product\/23457\/revisions\/23507"}],"wp:featuredmedia":[{"embeddable":true,"href":"https:\/\/limage-et-le-livre.com\/en\/wp-json\/wp\/v2\/media\/23495"}],"wp:attachment":[{"href":"https:\/\/limage-et-le-livre.com\/en\/wp-json\/wp\/v2\/media?parent=23457"}],"wp:term":[{"taxonomy":"product_brand","embeddable":true,"href":"https:\/\/limage-et-le-livre.com\/en\/wp-json\/wp\/v2\/product_brand?post=23457"},{"taxonomy":"product_cat","embeddable":true,"href":"https:\/\/limage-et-le-livre.com\/en\/wp-json\/wp\/v2\/product_cat?post=23457"},{"taxonomy":"product_tag","embeddable":true,"href":"https:\/\/limage-et-le-livre.com\/en\/wp-json\/wp\/v2\/product_tag?post=23457"}],"curies":[{"name":"wp","href":"https:\/\/api.w.org\/{rel}","templated":true}]}}