{"id":23592,"date":"2026-04-08T11:53:59","date_gmt":"2026-04-08T09:53:59","guid":{"rendered":"https:\/\/limage-et-le-livre.com\/non%20class\u00e9\/non-perservare-in-bono-la-nef-des-fous\/"},"modified":"2026-04-08T17:49:16","modified_gmt":"2026-04-08T15:49:16","slug":"non-perservare-in-bono-la-nef-des-fous","status":"publish","type":"product","link":"https:\/\/limage-et-le-livre.com\/en\/dessins-et-aquarelles\/caricatures\/non-perservare-in-bono-la-nef-des-fous\/","title":{"rendered":"Non perservare in bono &#8211; La..."},"content":{"rendered":"<p><strong>B\u00e2le, 1497<\/strong><\/p>\n<p>Albrecht D\u00fcrer<br \/>\n1471 Nuremberg 1528<\/p>\n<p>Non perservare in bono<br \/>\nRefuser les bons conseils. 1494<\/p>\n<p>La Nef des Fous, \u00e9dition latine, B\u00e2le 1497<\/p>\n<p>Gravure sur bois.<\/p>\n<p>Dimension du sujet: 11,5 x 8,5 cm<br \/>\nDimension du feuillet: 21,4 x 15,3 cm<\/p>\n<p>Tr\u00e8s belle pi\u00e8ce d&#8217;un incunable de r\u00e9f\u00e9rence, \u00e9crit par l&#8217;Humaniste alsacien S\u00e9bastien Brant.<\/p>\n<p><small>Le prix du port est calcule selon la destination et le poids du colis.<\/small><\/p>\n","protected":false},"excerpt":{"rendered":"<p>Albrecht D\u00fcrer<br \/>\n1471 Nuremberg 1528<\/p>\n<p>Non perservare in bono<br \/>\nRefuser les bons conseils. 1494<\/p>\n<p>La Nef des Fous, \u00e9dition latine, B\u00e2le 1497<\/p>\n<p>Gravure sur bois.<br \/>\nTr\u00e8s belle pi\u00e8ce d&#8217;un incunable de r\u00e9f\u00e9rence, \u00e9crit par l&#8217;Humaniste alsacien S\u00e9bastien Brant.<\/p>\n","protected":false},"featured_media":24019,"template":"","meta":[],"product_brand":[],"product_cat":[10466,5158,10467,10465],"product_tag":[870,10470,10468,8269,10469],"class_list":{"0":"post-23592","1":"product","2":"type-product","3":"status-publish","4":"has-post-thumbnail","6":"product_cat-caricatures","7":"product_cat-gravures-et-estampes","8":"product_cat-religieux","9":"product_cat-scenes-genre","10":"product_tag-alsatique","11":"product_tag-durer","12":"product_tag-incunable","13":"product_tag-sebastien-brant","14":"product_tag-stultifera-navis","15":"pa_annee-de-publication-10471","16":"pa_etat-de-conservation-bon","17":"pa_illustrateur-albrecht-durer","18":"pa_langue-latin","19":"pa_lieu-de-publication-bale","21":"first","22":"outofstock","23":"shipping-taxable","24":"purchasable","25":"product-type-simple"},"_links":{"self":[{"href":"https:\/\/limage-et-le-livre.com\/en\/wp-json\/wp\/v2\/product\/23592","targetHints":{"allow":["GET"]}}],"collection":[{"href":"https:\/\/limage-et-le-livre.com\/en\/wp-json\/wp\/v2\/product"}],"about":[{"href":"https:\/\/limage-et-le-livre.com\/en\/wp-json\/wp\/v2\/types\/product"}],"version-history":[{"count":1,"href":"https:\/\/limage-et-le-livre.com\/en\/wp-json\/wp\/v2\/product\/23592\/revisions"}],"predecessor-version":[{"id":23601,"href":"https:\/\/limage-et-le-livre.com\/en\/wp-json\/wp\/v2\/product\/23592\/revisions\/23601"}],"wp:featuredmedia":[{"embeddable":true,"href":"https:\/\/limage-et-le-livre.com\/en\/wp-json\/wp\/v2\/media\/24019"}],"wp:attachment":[{"href":"https:\/\/limage-et-le-livre.com\/en\/wp-json\/wp\/v2\/media?parent=23592"}],"wp:term":[{"taxonomy":"product_brand","embeddable":true,"href":"https:\/\/limage-et-le-livre.com\/en\/wp-json\/wp\/v2\/product_brand?post=23592"},{"taxonomy":"product_cat","embeddable":true,"href":"https:\/\/limage-et-le-livre.com\/en\/wp-json\/wp\/v2\/product_cat?post=23592"},{"taxonomy":"product_tag","embeddable":true,"href":"https:\/\/limage-et-le-livre.com\/en\/wp-json\/wp\/v2\/product_tag?post=23592"}],"curies":[{"name":"wp","href":"https:\/\/api.w.org\/{rel}","templated":true}]}}