{"id":23618,"date":"2026-04-08T12:12:14","date_gmt":"2026-04-08T10:12:14","guid":{"rendered":"https:\/\/limage-et-le-livre.com\/non class\u00e9\/de-vitio-ingratitudinis-la-nef-des-fous\/"},"modified":"2026-04-08T17:49:02","modified_gmt":"2026-04-08T15:49:02","slug":"de-vitio-ingratitudinis-la-nef-des-fous","status":"publish","type":"product","link":"https:\/\/limage-et-le-livre.com\/en\/dessins-et-aquarelles\/caricatures\/de-vitio-ingratitudinis-la-nef-des-fous\/","title":{"rendered":"De vitio Ingratitudinis \u2013 La Nef..."},"content":{"rendered":"<p><strong>B\u00e2le, 1497<\/strong><\/p>\n<p>Albrecht D\u00fcrer<br \/>\n1471 Nuremberg 1528<\/p>\n<p>Non perservare in bono<br \/>\nRefuser les bons conseils. 1494<\/p>\n<p>La Nef des Fous, \u00e9dition latine, B\u00e2le 1497<\/p>\n<p>Gravure sur bois.<\/p>\n<p>Dimension du sujet: 11,5 x 8,5 cm<br \/>\nDimension du feuillet: 21,5 x 15,5 cm<\/p>\n<p>Tr\u00e8s belle pi\u00e8ce d\u2019un incunable de r\u00e9f\u00e9rence, \u00e9crit par l\u2019Humaniste alsacien S\u00e9bastien Brant.<\/p>\n<p><small>Le prix du port est calcule selon la destination et le poids du colis.<\/small><\/p>\n","protected":false},"excerpt":{"rendered":"<p>Albrecht D\u00fcrer<br \/>\n1471 Nuremberg 1528<\/p>\n<p>Non perservare in bono<br \/>\nRefuser les bons conseils. 1494<\/p>\n<p>La Nef des Fous, \u00e9dition latine, B\u00e2le 1497<\/p>\n<p>Gravure sur bois.<\/p>\n<p>Tr\u00e8s belle pi\u00e8ce d\u2019un incunable de r\u00e9f\u00e9rence, \u00e9crit par l\u2019Humaniste alsacien S\u00e9bastien Brant.<\/p>\n","protected":false},"featured_media":24011,"template":"","meta":[],"product_brand":[],"product_cat":[10466,5158,10467,10465],"product_tag":[870,10468,8269,10469],"class_list":{"0":"post-23618","1":"product","2":"type-product","3":"status-publish","4":"has-post-thumbnail","6":"product_cat-caricatures","7":"product_cat-gravures-et-estampes","8":"product_cat-religieux","9":"product_cat-scenes-genre","10":"product_tag-alsatique","11":"product_tag-incunable","12":"product_tag-sebastien-brant","13":"product_tag-stultifera-navis","14":"pa_annee-de-publication-10471","15":"pa_etat-de-conservation-bon","16":"pa_illustrateur-albrecht-durer","17":"pa_langue-latin","18":"pa_lieu-de-publication-bale","20":"first","21":"outofstock","22":"shipping-taxable","23":"purchasable","24":"product-type-simple"},"_links":{"self":[{"href":"https:\/\/limage-et-le-livre.com\/en\/wp-json\/wp\/v2\/product\/23618","targetHints":{"allow":["GET"]}}],"collection":[{"href":"https:\/\/limage-et-le-livre.com\/en\/wp-json\/wp\/v2\/product"}],"about":[{"href":"https:\/\/limage-et-le-livre.com\/en\/wp-json\/wp\/v2\/types\/product"}],"version-history":[{"count":0,"href":"https:\/\/limage-et-le-livre.com\/en\/wp-json\/wp\/v2\/product\/23618\/revisions"}],"wp:featuredmedia":[{"embeddable":true,"href":"https:\/\/limage-et-le-livre.com\/en\/wp-json\/wp\/v2\/media\/24011"}],"wp:attachment":[{"href":"https:\/\/limage-et-le-livre.com\/en\/wp-json\/wp\/v2\/media?parent=23618"}],"wp:term":[{"taxonomy":"product_brand","embeddable":true,"href":"https:\/\/limage-et-le-livre.com\/en\/wp-json\/wp\/v2\/product_brand?post=23618"},{"taxonomy":"product_cat","embeddable":true,"href":"https:\/\/limage-et-le-livre.com\/en\/wp-json\/wp\/v2\/product_cat?post=23618"},{"taxonomy":"product_tag","embeddable":true,"href":"https:\/\/limage-et-le-livre.com\/en\/wp-json\/wp\/v2\/product_tag?post=23618"}],"curies":[{"name":"wp","href":"https:\/\/api.w.org\/{rel}","templated":true}]}}