{"id":23993,"date":"2026-04-08T16:06:57","date_gmt":"2026-04-08T14:06:57","guid":{"rendered":"https:\/\/limage-et-le-livre.com\/non%20class\u00e9\/plan-de-la-ville-de-strasbourg-et-vues-de-ses-principaux-edifices\/"},"modified":"2026-04-08T16:52:37","modified_gmt":"2026-04-08T14:52:37","slug":"plan-de-la-ville-de-strasbourg-et-vues-de-ses-principaux-edifices","status":"publish","type":"product","link":"https:\/\/limage-et-le-livre.com\/en\/books\/fine-arts\/architecture-en\/plan-de-la-ville-de-strasbourg-et-vues-de-ses-principaux-edifices\/","title":{"rendered":"Plan de la Ville de Strasbourg..."},"content":{"rendered":"<p><strong>Strasbourg, 1840<\/strong><\/p>\n<p>Plan de la Ville de Strasbourg et Vues de ses principaux \u00e9difices.<\/p>\n<p>Dessin et gravure par Massinger.<\/p>\n<p>Lithographie, Strasbourg, E. Simon fils, 1840.<\/p>\n<p>Dimension du sujet: 38,5 x 45,2 cm<br \/>\nDimension de la feuille: 43,7 x 54 cm<\/p>\n<p>Restauration d&#8217;une d\u00e9chirure dans la marge sup\u00e9rieure gauche, n&#8217;alt\u00e9rant pas le sujet.<br \/>\nVue peu fr\u00e9quente.<\/p>\n<p>1000 pages<\/p>\n<p><small>Le prix du port est calcule selon la destination et le poids du colis.<\/small><\/p>\n","protected":false},"excerpt":{"rendered":"<p>Plan de la Ville de Strasbourg et Vues de ses principaux \u00e9difices.<\/p>\n<p>Dessin et gravure par Massinger.<\/p>\n<p>Lithographie, Strasbourg, E. Simon fils, 1840.<br \/>\nRestauration d&#8217;une d\u00e9chirure dans la marge sup\u00e9rieure gauche, n&#8217;alt\u00e9rant pas le sujet.<br \/>\nVue peu fr\u00e9qu<\/p>\n","protected":false},"featured_media":23994,"template":"","meta":[],"product_brand":[],"product_cat":[5241,10357,5158,5114],"product_tag":[870,8594,2350],"class_list":{"0":"post-23993","1":"product","2":"type-product","3":"status-publish","4":"has-post-thumbnail","6":"product_cat-architecture","7":"product_cat-cartes-plans","8":"product_cat-gravures-et-estampes","9":"product_cat-livres","10":"product_tag-alsatique","11":"product_tag-cathedrale-de-strasbourg","12":"product_tag-strasbourg","13":"pa_annee-de-publication-391","14":"pa_etat-de-conservation-bon","15":"pa_illustrateur-massinger","16":"pa_langue-francais","17":"pa_lieu-de-publication-strasbourg","19":"first","20":"instock","21":"shipping-taxable","22":"purchasable","23":"product-type-simple"},"_links":{"self":[{"href":"https:\/\/limage-et-le-livre.com\/en\/wp-json\/wp\/v2\/product\/23993","targetHints":{"allow":["GET"]}}],"collection":[{"href":"https:\/\/limage-et-le-livre.com\/en\/wp-json\/wp\/v2\/product"}],"about":[{"href":"https:\/\/limage-et-le-livre.com\/en\/wp-json\/wp\/v2\/types\/product"}],"version-history":[{"count":1,"href":"https:\/\/limage-et-le-livre.com\/en\/wp-json\/wp\/v2\/product\/23993\/revisions"}],"predecessor-version":[{"id":24010,"href":"https:\/\/limage-et-le-livre.com\/en\/wp-json\/wp\/v2\/product\/23993\/revisions\/24010"}],"wp:featuredmedia":[{"embeddable":true,"href":"https:\/\/limage-et-le-livre.com\/en\/wp-json\/wp\/v2\/media\/23994"}],"wp:attachment":[{"href":"https:\/\/limage-et-le-livre.com\/en\/wp-json\/wp\/v2\/media?parent=23993"}],"wp:term":[{"taxonomy":"product_brand","embeddable":true,"href":"https:\/\/limage-et-le-livre.com\/en\/wp-json\/wp\/v2\/product_brand?post=23993"},{"taxonomy":"product_cat","embeddable":true,"href":"https:\/\/limage-et-le-livre.com\/en\/wp-json\/wp\/v2\/product_cat?post=23993"},{"taxonomy":"product_tag","embeddable":true,"href":"https:\/\/limage-et-le-livre.com\/en\/wp-json\/wp\/v2\/product_tag?post=23993"}],"curies":[{"name":"wp","href":"https:\/\/api.w.org\/{rel}","templated":true}]}}