{"id":24045,"date":"2026-04-08T17:47:11","date_gmt":"2026-04-08T15:47:11","guid":{"rendered":"https:\/\/limage-et-le-livre.com\/non class\u00e9\/carte-de-la-region-rhenane-cote-francais-et-allemand\/"},"modified":"2026-04-08T17:47:11","modified_gmt":"2026-04-08T15:47:11","slug":"carte-de-la-region-rhenane-cote-francais-et-allemand","status":"publish","type":"product","link":"https:\/\/limage-et-le-livre.com\/en\/gravures-et-estampes\/cartes-plans\/carte-de-la-region-rhenane-cote-francais-et-allemand\/","title":{"rendered":"Carte de la r\u00e9gion Rh\u00e9nane, c\u00f4t\u00e9..."},"content":{"rendered":"<p><strong>Paris, 1801<\/strong><\/p>\n<p>Carte de la r\u00e9gion Rh\u00e9nane, c\u00f4t\u00e9 fran\u00e7ais et allemand.<\/p>\n<p>A Paris, chez D\u00e9bauche, 1801.<\/p>\n<p>Gravure sur cuivre.<\/p>\n<p>Dimensions au coup de planche: 62,5 x 73 cm<br \/>\nDimension du feuillet: 67,7 x 87 cm<br \/>\nFormat Grand Aigle.<\/p>\n<p>Plis vertical et horizontal. Consolidation au verso \u00e0 l&#8217;intersection des plis.<br \/>\nBon \u00e9tat et granges marges.<\/p>\n<p>Carte tr\u00e8s d\u00e9taill\u00e9e allant de Chalon \u00e0 Stuttgart d&#8217;Ouest en Est et de Grumbach \u00e0 Neuch\u00e2tel du Nord au Sud.<br \/>\nEn son milieu l&#8217;Alsace et le Pays de Bade.<\/p>\n<p>Carte issue de la Carte G\u00e9n\u00e9rale de l&#8217;Empire d&#8217;Allemagne, vraisemblablement \u00e0 usage militaire.<br \/>\nEchelle double, en lieues communes de France et en lieues communes d&#8217;Allemagne.<\/p>\n<p><small>Le prix du port est calcule selon la destination et le poids du colis.<\/small><\/p>\n","protected":false},"excerpt":{"rendered":"<p>Carte de la r\u00e9gion Rh\u00e9nane, c\u00f4t\u00e9 fran\u00e7ais et allemand &#8211; Alsace.<br \/>\nParis, chez D\u00e9bauche, 1801.<\/p>\n<p>Format Grand Aigle.<br \/>\nCarte tr\u00e8s d\u00e9taill\u00e9e allant de Chalon \u00e0 Stuttgart d&#8217;Ouest en Est et de Grumbach \u00e0 Neuch\u00e2tel du Nord au Sud.<\/p>\n","protected":false},"featured_media":24027,"template":"","meta":[],"product_brand":[],"product_cat":[10357,5158,5114],"product_tag":[834,877,10181,8604,904],"class_list":{"0":"post-24045","1":"product","2":"type-product","3":"status-publish","4":"has-post-thumbnail","6":"product_cat-cartes-plans","7":"product_cat-gravures-et-estampes","8":"product_cat-livres","9":"product_tag-allemagne","10":"product_tag-alsace","11":"product_tag-empire-allemand","12":"product_tag-rhin","13":"product_tag-suisse","14":"pa_annee-de-publication-363","15":"pa_etat-de-conservation-bon","16":"pa_illustrateur-attribue-a-bellanger","17":"pa_langue-francais","18":"pa_lieu-de-publication-paris","20":"first","21":"instock","22":"shipping-taxable","23":"purchasable","24":"product-type-simple"},"_links":{"self":[{"href":"https:\/\/limage-et-le-livre.com\/en\/wp-json\/wp\/v2\/product\/24045","targetHints":{"allow":["GET"]}}],"collection":[{"href":"https:\/\/limage-et-le-livre.com\/en\/wp-json\/wp\/v2\/product"}],"about":[{"href":"https:\/\/limage-et-le-livre.com\/en\/wp-json\/wp\/v2\/types\/product"}],"version-history":[{"count":0,"href":"https:\/\/limage-et-le-livre.com\/en\/wp-json\/wp\/v2\/product\/24045\/revisions"}],"wp:featuredmedia":[{"embeddable":true,"href":"https:\/\/limage-et-le-livre.com\/en\/wp-json\/wp\/v2\/media\/24027"}],"wp:attachment":[{"href":"https:\/\/limage-et-le-livre.com\/en\/wp-json\/wp\/v2\/media?parent=24045"}],"wp:term":[{"taxonomy":"product_brand","embeddable":true,"href":"https:\/\/limage-et-le-livre.com\/en\/wp-json\/wp\/v2\/product_brand?post=24045"},{"taxonomy":"product_cat","embeddable":true,"href":"https:\/\/limage-et-le-livre.com\/en\/wp-json\/wp\/v2\/product_cat?post=24045"},{"taxonomy":"product_tag","embeddable":true,"href":"https:\/\/limage-et-le-livre.com\/en\/wp-json\/wp\/v2\/product_tag?post=24045"}],"curies":[{"name":"wp","href":"https:\/\/api.w.org\/{rel}","templated":true}]}}