{"id":24052,"date":"2026-04-09T11:08:16","date_gmt":"2026-04-09T09:08:16","guid":{"rendered":"https:\/\/limage-et-le-livre.com\/non class\u00e9\/vue-de-la-chapelle-sixtine-a-rome\/"},"modified":"2026-04-09T11:35:15","modified_gmt":"2026-04-09T09:35:15","slug":"vue-de-la-chapelle-sixtine-a-rome","status":"publish","type":"product","link":"https:\/\/limage-et-le-livre.com\/en\/gravures-et-estampes\/paysages\/vue-de-la-chapelle-sixtine-a-rome\/","title":{"rendered":"Vue de la Chapelle Sixtine a..."},"content":{"rendered":"<p><strong>Paris, 1804<\/strong><\/p>\n<p>Bourgeois (Constant)<\/p>\n<p>Vue de la Chapelle Sixtine \u00e0 Rome.<\/p>\n<p>Gravure sur cuivre, Paris, 1804.<\/p>\n<p>Dimension au coup de planche: 24,3 x 32,6 cm<br \/>\nDimension du feuillet: 30,2 x 36,1 cm<\/p>\n<p>Petite tache dans la marge sup\u00e9rieure, bon \u00e9tat g\u00e9n\u00e9ral.<\/p>\n<p><small>Le prix du port est calcule selon la destination et le poids du colis.<\/small><\/p>\n","protected":false},"excerpt":{"rendered":"<p>Bourgeois (Constant)<\/p>\n<p>Vue de la Chapelle Sixtine \u00e0 Rome.<\/p>\n<p>Gravure sur cuivre, 1804.<\/p>\n","protected":false},"featured_media":24059,"template":"","meta":[],"product_brand":[],"product_cat":[5158,10375],"product_tag":[829,10480,901,8769],"class_list":{"0":"post-24052","1":"product","2":"type-product","3":"status-publish","4":"has-post-thumbnail","6":"product_cat-gravures-et-estampes","7":"product_cat-paysages","8":"product_tag-architecture","9":"product_tag-chapelle-sixtine","10":"product_tag-italie","11":"product_tag-rome","12":"pa_annee-de-publication-2784","13":"pa_etat-de-conservation-bon","14":"pa_langue-francais","15":"pa_lieu-de-publication-paris","17":"first","18":"instock","19":"shipping-taxable","20":"purchasable","21":"product-type-simple"},"_links":{"self":[{"href":"https:\/\/limage-et-le-livre.com\/en\/wp-json\/wp\/v2\/product\/24052","targetHints":{"allow":["GET"]}}],"collection":[{"href":"https:\/\/limage-et-le-livre.com\/en\/wp-json\/wp\/v2\/product"}],"about":[{"href":"https:\/\/limage-et-le-livre.com\/en\/wp-json\/wp\/v2\/types\/product"}],"version-history":[{"count":0,"href":"https:\/\/limage-et-le-livre.com\/en\/wp-json\/wp\/v2\/product\/24052\/revisions"}],"wp:featuredmedia":[{"embeddable":true,"href":"https:\/\/limage-et-le-livre.com\/en\/wp-json\/wp\/v2\/media\/24059"}],"wp:attachment":[{"href":"https:\/\/limage-et-le-livre.com\/en\/wp-json\/wp\/v2\/media?parent=24052"}],"wp:term":[{"taxonomy":"product_brand","embeddable":true,"href":"https:\/\/limage-et-le-livre.com\/en\/wp-json\/wp\/v2\/product_brand?post=24052"},{"taxonomy":"product_cat","embeddable":true,"href":"https:\/\/limage-et-le-livre.com\/en\/wp-json\/wp\/v2\/product_cat?post=24052"},{"taxonomy":"product_tag","embeddable":true,"href":"https:\/\/limage-et-le-livre.com\/en\/wp-json\/wp\/v2\/product_tag?post=24052"}],"curies":[{"name":"wp","href":"https:\/\/api.w.org\/{rel}","templated":true}]}}