{"id":24283,"date":"2026-04-10T11:09:53","date_gmt":"2026-04-10T09:09:53","guid":{"rendered":"https:\/\/limage-et-le-livre.com\/non%20class\u00e9\/hortus-deliciarum-le-jardin-des-delices-3\/"},"modified":"2026-04-10T11:17:29","modified_gmt":"2026-04-10T09:17:29","slug":"hortus-deliciarum-le-jardin-des-delices-3","status":"publish","type":"product","link":"https:\/\/limage-et-le-livre.com\/en\/livres\/arts\/hortus-deliciarum-le-jardin-des-delices-3\/","title":{"rendered":"Hortus Deliciarum &#8211; Le Jardin des..."},"content":{"rendered":"<p>Hortus Deliciarum. <\/p>\n<p>Herrade de Landsberg.<\/p>\n<p>Strasbourg et Paris, Editions F.-X. Le Roux, 1952.<\/p>\n<p>Hortus deliciarum. Recueil de cinquante planches &#8211; dont vingt-deux en couleurs selon l&#8217;original et vingt-huit en trois tons &#8211; avec texte d&#8217;introduction historique, litt\u00e9raire et arch\u00e9ologique, suivi du catalogue complet de 344 miniatures et du commentaire iconographique des cinquante planches par Joseph Walter, biblioth\u00e9caire et archiviste de la Ville de S\u00e9lestat.<\/p>\n<p>Plein veau, dos \u00e0 nerfs titr\u00e9, orn\u00e9 de filets, de frises et de motifs \u00e0 froid, plats estamp\u00e9s \u00e0 froid orn\u00e9s de rinceaux habit\u00e9s et titr\u00e9.<br \/>\nGrand in-folio de 116 pages et 50 planches sous serpentes.<br \/>\nTirage num\u00e9rot\u00e9, n\u00b0698 sur 1200 exemplaires.<br \/>\nTr\u00e8s bel exemplaire dans une reliure d\u2019Ernest Valenta (Rybna en Boh\u00eame, 1883\u2013Strasbourg, 1967).<\/p>\n<p>On note des marques au stylo en 2\u00e8me de couverture, discret. Bel \u00e9tat.<\/p>\n<p><small>Le prix du port est calcule selon la destination et le poids du colis.<\/small><\/p>\n","protected":false},"excerpt":{"rendered":"<p>Hortus Deliciarum. <\/p>\n<p>Herrade de Landsberg.<\/p>\n<p>Tr\u00e8s bel exemplaire dans une reliure d\u2019Ernest Valenta (Rybna en Boh\u00eame, 1883\u2013Strasbourg, 1967).<br \/>\nStrasbourg et Paris, Editions F.-X. Le Roux, 1952.<\/p>\n","protected":false},"featured_media":24353,"template":"","meta":[],"product_brand":[],"product_cat":[10482,10483,10346,5114,5134],"product_tag":[8696,877,870,9595,8772,10486,5337,10485,727,10484],"class_list":{"0":"post-24283","1":"product","2":"type-product","3":"status-publish","4":"has-post-thumbnail","6":"product_cat-arts","7":"product_cat-chasse-peche","8":"product_cat-histoire","9":"product_cat-livres","10":"product_cat-religion","11":"product_tag-agriculture","12":"product_tag-alsace","13":"product_tag-alsatique","14":"product_tag-belle-reliure","15":"product_tag-enfers","16":"product_tag-ernest-valenta","17":"product_tag-jardin-des-delices","18":"product_tag-joseph-walter","19":"product_tag-religion","20":"product_tag-reliure-dart","21":"pa_etat-de-conservation-bon","22":"pa_langue-francais","24":"first","25":"instock","26":"shipping-taxable","27":"purchasable","28":"product-type-simple"},"_links":{"self":[{"href":"https:\/\/limage-et-le-livre.com\/en\/wp-json\/wp\/v2\/product\/24283","targetHints":{"allow":["GET"]}}],"collection":[{"href":"https:\/\/limage-et-le-livre.com\/en\/wp-json\/wp\/v2\/product"}],"about":[{"href":"https:\/\/limage-et-le-livre.com\/en\/wp-json\/wp\/v2\/types\/product"}],"version-history":[{"count":1,"href":"https:\/\/limage-et-le-livre.com\/en\/wp-json\/wp\/v2\/product\/24283\/revisions"}],"predecessor-version":[{"id":24330,"href":"https:\/\/limage-et-le-livre.com\/en\/wp-json\/wp\/v2\/product\/24283\/revisions\/24330"}],"wp:featuredmedia":[{"embeddable":true,"href":"https:\/\/limage-et-le-livre.com\/en\/wp-json\/wp\/v2\/media\/24353"}],"wp:attachment":[{"href":"https:\/\/limage-et-le-livre.com\/en\/wp-json\/wp\/v2\/media?parent=24283"}],"wp:term":[{"taxonomy":"product_brand","embeddable":true,"href":"https:\/\/limage-et-le-livre.com\/en\/wp-json\/wp\/v2\/product_brand?post=24283"},{"taxonomy":"product_cat","embeddable":true,"href":"https:\/\/limage-et-le-livre.com\/en\/wp-json\/wp\/v2\/product_cat?post=24283"},{"taxonomy":"product_tag","embeddable":true,"href":"https:\/\/limage-et-le-livre.com\/en\/wp-json\/wp\/v2\/product_tag?post=24283"}],"curies":[{"name":"wp","href":"https:\/\/api.w.org\/{rel}","templated":true}]}}