{"id":24391,"date":"2026-04-10T12:02:53","date_gmt":"2026-04-10T10:02:53","guid":{"rendered":"https:\/\/limage-et-le-livre.com\/non class\u00e9\/plaque-en-fonte-vue-de-la-cathedrale-de-strasbourg\/"},"modified":"2026-04-10T12:02:53","modified_gmt":"2026-04-10T10:02:53","slug":"plaque-en-fonte-vue-de-la-cathedrale-de-strasbourg","status":"publish","type":"product","link":"https:\/\/limage-et-le-livre.com\/en\/varia\/objets\/plaque-en-fonte-vue-de-la-cathedrale-de-strasbourg\/","title":{"rendered":"Plaque en fonte &#8211; vue de..."},"content":{"rendered":"<p>Plaque en fonte &#8211; Vue de la Cath\u00e9drale de Strasbourg.<\/p>\n<p>Premi\u00e8re fusion en Duplex. Plaque comm\u00e9morative.<\/p>\n<p>Fonderie De Dietrich \u00e0 Niederbronn-les-Bains, 1975.<\/p>\n<p>Dimension: 31,2 x 19,5 cm<\/p>\n<p>Pi\u00e8ce peu courante avec la mention comm\u00e9morative.<\/p>\n<p>Elle est un t\u00e9moin d&#8217;une histoire industrielle importante en Alsace et de la modernisation des proc\u00e9d\u00e9s de production.<\/p>\n<p>La fonderie de Niederbronn-les-Bains, historiquement li\u00e9e \u00e0 la famille De Dietrich, a mis en \u0153uvre le proc\u00e9d\u00e9 de fusion en duplex en 1975, dont cette plaque comm\u00e9more l&#8217;inauguration.<br \/>\nCette technique consiste \u00e0 r\u00e9aliser la fusion du m\u00e9tal en deux \u00e9tapes successives dans des fours distincts : un premier four, g\u00e9n\u00e9ralement un cubilot, assure une fusion rapide des mati\u00e8res premi\u00e8res, tandis qu\u2019un second four, le plus souvent \u00e0 induction, permet d\u2019affiner la composition chimique et d\u2019ajuster pr\u00e9cis\u00e9ment la temp\u00e9rature avant la coul\u00e9e. Ce proc\u00e9d\u00e9 offre une meilleure ma\u00eetrise de la qualit\u00e9 m\u00e9tallurgique et une grande flexibilit\u00e9 de production, bien qu\u2019il implique des \u00e9quipements et une organisation plus complexes. Il t\u00e9moigne du niveau de technicit\u00e9 et du savoir-faire industriel d\u00e9velopp\u00e9s sur le site de Niederbronn.<\/p>\n<p><small>Le prix du port est calcule selon la destination et le poids du colis.<\/small><\/p>\n","protected":false},"excerpt":{"rendered":"<p>Plaque en fonte &#8211; Vue de la Cath\u00e9drale de Strasbourg.<\/p>\n<p>Premi\u00e8re fusion en Duplex<\/p>\n<p>Fonderie De Dietrich \u00e0 Niederbronn-les-Bains, 1975.<\/p>\n","protected":false},"featured_media":24385,"template":"","meta":[],"product_brand":[],"product_cat":[10487,5223],"product_tag":[877,8594,10489,10490,10488,8555,2350,1046],"class_list":{"0":"post-24391","1":"product","2":"type-product","3":"status-publish","4":"has-post-thumbnail","6":"product_cat-objets","7":"product_cat-varia","8":"product_tag-alsace","9":"product_tag-cathedrale-de-strasbourg","10":"product_tag-de-dietrich","11":"product_tag-fonderie","12":"product_tag-fonte","13":"product_tag-niederbronn-les-bains","14":"product_tag-strasbourg","15":"product_tag-techniques","16":"pa_etat-de-conservation-tres-bon","17":"pa_langue-francais","19":"first","20":"instock","21":"shipping-taxable","22":"purchasable","23":"product-type-simple"},"_links":{"self":[{"href":"https:\/\/limage-et-le-livre.com\/en\/wp-json\/wp\/v2\/product\/24391","targetHints":{"allow":["GET"]}}],"collection":[{"href":"https:\/\/limage-et-le-livre.com\/en\/wp-json\/wp\/v2\/product"}],"about":[{"href":"https:\/\/limage-et-le-livre.com\/en\/wp-json\/wp\/v2\/types\/product"}],"version-history":[{"count":0,"href":"https:\/\/limage-et-le-livre.com\/en\/wp-json\/wp\/v2\/product\/24391\/revisions"}],"wp:featuredmedia":[{"embeddable":true,"href":"https:\/\/limage-et-le-livre.com\/en\/wp-json\/wp\/v2\/media\/24385"}],"wp:attachment":[{"href":"https:\/\/limage-et-le-livre.com\/en\/wp-json\/wp\/v2\/media?parent=24391"}],"wp:term":[{"taxonomy":"product_brand","embeddable":true,"href":"https:\/\/limage-et-le-livre.com\/en\/wp-json\/wp\/v2\/product_brand?post=24391"},{"taxonomy":"product_cat","embeddable":true,"href":"https:\/\/limage-et-le-livre.com\/en\/wp-json\/wp\/v2\/product_cat?post=24391"},{"taxonomy":"product_tag","embeddable":true,"href":"https:\/\/limage-et-le-livre.com\/en\/wp-json\/wp\/v2\/product_tag?post=24391"}],"curies":[{"name":"wp","href":"https:\/\/api.w.org\/{rel}","templated":true}]}}