{"id":24420,"date":"2026-04-14T18:02:16","date_gmt":"2026-04-14T16:02:16","guid":{"rendered":"https:\/\/limage-et-le-livre.com\/non class\u00e9\/la-cote-de-nuits-les-vins-de-bourgogne\/"},"modified":"2026-04-14T18:02:16","modified_gmt":"2026-04-14T16:02:16","slug":"la-cote-de-nuits-les-vins-de-bourgogne","status":"publish","type":"product","link":"https:\/\/limage-et-le-livre.com\/en\/prints-and-engravings\/prints\/botany\/la-cote-de-nuits-les-vins-de-bourgogne\/","title":{"rendered":"La c\u00f4te de Nuits &#8211; Les..."},"content":{"rendered":"<p><strong>Paris, 1942<\/strong><\/p>\n<p>La c\u00f4te de Nuits.<br \/>\nLes Vins de Bourgogne.<\/p>\n<p>Louis Larmat, Paris, 1942.<\/p>\n<p>Edition originale.<\/p>\n<p>Dimension 119,2 x 44,1 cm.<br \/>\nBon \u00e9tat, l\u00e9g\u00e8re oxydation aux plis.<\/p>\n<p>Publi\u00e9e dans le volume Les Vins de Bourgogne de l\u2019Atlas de la France vinicole, la carte de la C\u00f4te de Nuits r\u00e9alis\u00e9e par Louis Larmat constitue l\u2019une des repr\u00e9sentations les plus pr\u00e9cises et les plus embl\u00e9matiques du vignoble bourguignon au XXe si\u00e8cle. Elle offre une cartographie d\u00e9taill\u00e9e des communes et des climats prestigieux de la C\u00f4te de Nuits, tels que Gevrey-Chambertin, Vosne-Roman\u00e9e ou Chambolle-Musigny, en distinguant les crus selon un code couleur refl\u00e9tant leur hi\u00e9rarchie qualitative. Par la finesse de son trac\u00e9 et la richesse de ses informations, cette carte t\u00e9moigne de l\u2019effort de structuration et de reconnaissance des appellations d\u2019origine contr\u00f4l\u00e9e en cours \u00e0 cette \u00e9poque.<br \/>\nAu-del\u00e0 de son int\u00e9r\u00eat propre, cette carte s\u2019inscrit dans un projet \u00e9ditorial plus vaste : l\u2019Atlas de la France vinicole de Larmat, entrepris entre 1941 et 1947, qui constitue l\u2019une des premi\u00e8res tentatives de cartographie syst\u00e9matique des vignobles fran\u00e7ais. \u00c0 la fois outil scientifique et objet esth\u00e9tique, cet atlas a durablement marqu\u00e9 l\u2019histoire de la repr\u00e9sentation des terroirs viticoles. Aujourd\u2019hui, les cartes qui le composent, souvent extraites de leur volume d\u2019origine, sont particuli\u00e8rement recherch\u00e9es pour leur valeur documentaire autant que pour leurs qualit\u00e9s graphiques.\n<\/p>\n<p><small>Le prix du port est calcule selon la destination et le poids du colis.<\/small><\/p>\n","protected":false},"excerpt":{"rendered":"<p>La c\u00f4te de Nuits.<br \/>\nLes Vins de Bourgogne.<br \/>\nEdition originale, 1942.<br \/>\nCette carte t\u00e9moigne de l\u2019effort de structuration et de reconnaissance des appellations d\u2019origine contr\u00f4l\u00e9e en cours \u00e0 cette \u00e9poque.<\/p>\n","protected":false},"featured_media":24392,"template":"","meta":[],"product_brand":[],"product_cat":[5237,10357,5158],"product_tag":[934,10493,10491,10492,888],"class_list":{"0":"post-24420","1":"product","2":"type-product","3":"status-publish","4":"has-post-thumbnail","6":"product_cat-botanique","7":"product_cat-cartes-plans","8":"product_cat-gravures-et-estampes","9":"product_tag-bourgogne","10":"product_tag-carte-viticole","11":"product_tag-cote-de-nuits","12":"product_tag-larmat","13":"product_tag-vin","14":"pa_annee-de-publication-419","15":"pa_etat-de-conservation-bon","16":"pa_langue-francais","17":"pa_lieu-de-publication-paris","19":"first","20":"instock","21":"shipping-taxable","22":"purchasable","23":"product-type-simple"},"_links":{"self":[{"href":"https:\/\/limage-et-le-livre.com\/en\/wp-json\/wp\/v2\/product\/24420","targetHints":{"allow":["GET"]}}],"collection":[{"href":"https:\/\/limage-et-le-livre.com\/en\/wp-json\/wp\/v2\/product"}],"about":[{"href":"https:\/\/limage-et-le-livre.com\/en\/wp-json\/wp\/v2\/types\/product"}],"version-history":[{"count":0,"href":"https:\/\/limage-et-le-livre.com\/en\/wp-json\/wp\/v2\/product\/24420\/revisions"}],"wp:featuredmedia":[{"embeddable":true,"href":"https:\/\/limage-et-le-livre.com\/en\/wp-json\/wp\/v2\/media\/24392"}],"wp:attachment":[{"href":"https:\/\/limage-et-le-livre.com\/en\/wp-json\/wp\/v2\/media?parent=24420"}],"wp:term":[{"taxonomy":"product_brand","embeddable":true,"href":"https:\/\/limage-et-le-livre.com\/en\/wp-json\/wp\/v2\/product_brand?post=24420"},{"taxonomy":"product_cat","embeddable":true,"href":"https:\/\/limage-et-le-livre.com\/en\/wp-json\/wp\/v2\/product_cat?post=24420"},{"taxonomy":"product_tag","embeddable":true,"href":"https:\/\/limage-et-le-livre.com\/en\/wp-json\/wp\/v2\/product_tag?post=24420"}],"curies":[{"name":"wp","href":"https:\/\/api.w.org\/{rel}","templated":true}]}}