{"id":24447,"date":"2026-04-14T18:03:31","date_gmt":"2026-04-14T16:03:31","guid":{"rendered":"https:\/\/limage-et-le-livre.com\/non class\u00e9\/decouvertes-de-lalsace\/"},"modified":"2026-04-14T18:03:31","modified_gmt":"2026-04-14T16:03:31","slug":"decouvertes-de-lalsace","status":"publish","type":"product","link":"https:\/\/limage-et-le-livre.com\/en\/livres\/arts\/decouvertes-de-lalsace\/","title":{"rendered":"D\u00e9couvertes de l&#8217;Alsace"},"content":{"rendered":"<p>D\u00e9couverte de l&#8217;Alsace.<\/p>\n<p>Editions Hier &amp; Demain<\/p>\n<p>Exemplaire num\u00e9rot\u00e9  578 sur 599.<br \/>\nGrand in-folio<br \/>\nDimensions: 57 x 40,5 cm.<\/p>\n<p>Emboitage de l&#8217;\u00e9diteur, dos et premier plat titr\u00e9. Bien complet des 42 planches, de la page de titre et de la table.<\/p>\n<p>Bon \u00e9tat g\u00e9n\u00e9ral, quelques frottements au dos. L\u00e9g\u00e8re usure du tissu de couverture au mors sup\u00e9rieur.<\/p>\n<p>D\u00e9couverte de l&#8217;Alsace  \u00e0 travers 42 estampes, cartes &#8220;\u00e0 vol d&#8217;oiseau&#8221;, vues panoramiques, vues cavali\u00e8res, dessins de manuscrits, repr\u00e9sentations de la Terre, des Hommes et des Femmes d&#8217;Alsace.<\/p>\n<p>Joli ensemble pr\u00e9sentant les vues les plus embl\u00e9matiques de l&#8217;Alsace au cours de si\u00e8cles.<\/p>\n<p><small>Le prix du port est calcule selon la destination et le poids du colis.<\/small><\/p>\n","protected":false},"excerpt":{"rendered":"<p>Exemplaire num\u00e9rot\u00e9  578 sur 599.<\/p>\n<p>Emboitage de l&#8217;\u00e9diteur, dos et premier plat titr\u00e9. Bien complet des 42 planches.<\/p>\n<p>Joli ensemble pr\u00e9sentant les vues les plus embl\u00e9matiques de l&#8217;Alsace au cours de si\u00e8cles.<\/p>\n","protected":false},"featured_media":24421,"template":"","meta":[],"product_brand":[],"product_cat":[10482,5128,5114,10422],"product_tag":[877,870],"class_list":{"0":"post-24447","1":"product","2":"type-product","3":"status-publish","4":"has-post-thumbnail","6":"product_cat-arts","7":"product_cat-histoire","8":"product_cat-livres","9":"product_cat-voyages","10":"product_tag-alsace","11":"product_tag-alsatique","12":"pa_etat-de-conservation-bon","13":"pa_langue-francais","15":"first","16":"instock","17":"shipping-taxable","18":"purchasable","19":"product-type-simple"},"_links":{"self":[{"href":"https:\/\/limage-et-le-livre.com\/en\/wp-json\/wp\/v2\/product\/24447","targetHints":{"allow":["GET"]}}],"collection":[{"href":"https:\/\/limage-et-le-livre.com\/en\/wp-json\/wp\/v2\/product"}],"about":[{"href":"https:\/\/limage-et-le-livre.com\/en\/wp-json\/wp\/v2\/types\/product"}],"version-history":[{"count":0,"href":"https:\/\/limage-et-le-livre.com\/en\/wp-json\/wp\/v2\/product\/24447\/revisions"}],"wp:featuredmedia":[{"embeddable":true,"href":"https:\/\/limage-et-le-livre.com\/en\/wp-json\/wp\/v2\/media\/24421"}],"wp:attachment":[{"href":"https:\/\/limage-et-le-livre.com\/en\/wp-json\/wp\/v2\/media?parent=24447"}],"wp:term":[{"taxonomy":"product_brand","embeddable":true,"href":"https:\/\/limage-et-le-livre.com\/en\/wp-json\/wp\/v2\/product_brand?post=24447"},{"taxonomy":"product_cat","embeddable":true,"href":"https:\/\/limage-et-le-livre.com\/en\/wp-json\/wp\/v2\/product_cat?post=24447"},{"taxonomy":"product_tag","embeddable":true,"href":"https:\/\/limage-et-le-livre.com\/en\/wp-json\/wp\/v2\/product_tag?post=24447"}],"curies":[{"name":"wp","href":"https:\/\/api.w.org\/{rel}","templated":true}]}}