{"id":24470,"date":"2026-04-15T09:23:10","date_gmt":"2026-04-15T07:23:10","guid":{"rendered":"https:\/\/limage-et-le-livre.com\/non class\u00e9\/strasbourg-disparu-krutenau-une-citadelle\/"},"modified":"2026-04-15T09:23:10","modified_gmt":"2026-04-15T07:23:10","slug":"strasbourg-disparu-krutenau-une-citadelle","status":"publish","type":"product","link":"https:\/\/limage-et-le-livre.com\/en\/books\/history\/strasbourg-disparu-krutenau-une-citadelle\/","title":{"rendered":"Strasbourg disparu , Kr\u00fctenau une Citadelle"},"content":{"rendered":"<p>Strasbourg disparu , Kr\u00fctenau une Citadelle.<\/p>\n<p>Marcel Burckel, Louis Rieffel, Marcel Rubert, Th\u00e9odore Floriani<\/p>\n<p>Strasbourg, 1930.<\/p>\n<p>Ouvrage tir\u00e9 \u00e0 17 exemplaires.<\/p>\n<p>Grand in-4 carr\u00e9 ( 28,3 x 22,2 cm), 4 ff. 28 pp. non num\u00e9rot\u00e9es, 4 ff.<br \/>\nReliure \u00e0 dos chagrin orn\u00e9 de faux nerfs, couvertures conserv\u00e9es.<br \/>\nPage de titre rehauss\u00e9e de dorure.<br \/>\n14 illustrations de la Kr\u00fctenau en plein page.<br \/>\nExcellent \u00e9tat.<\/p>\n<p>Ouvrage extr\u00eamement rare et quasiment unique, n&#8217;ayant \u00e9t\u00e9 tir\u00e9 \u00e0 17 exemplaires.<br \/>\nLe quartier de la Kr\u00fctenau \u00e0 Strasbourg fait par ailleurs l&#8217;objet d&#8217;assez peu de publication.<\/p>\n<p><small>Le prix du port est calcule selon la destination et le poids du colis.<\/small><\/p>\n","protected":false},"excerpt":{"rendered":"<p>Edition originale.<br \/>\nOuvrage tir\u00e9 \u00e0 17 exemplaires.<br \/>\nTr\u00e8s rare et presque unique dans un excellent \u00e9tat et bien illustr\u00e9.<br \/>\nUn alsatique sur la Kr\u00fctenau \u00e0 Strasbourg, sujet peu trait\u00e9.<\/p>\n","protected":false},"featured_media":24448,"template":"","meta":[],"product_brand":[],"product_cat":[5128,5114],"product_tag":[877,652,10496,2350],"class_list":{"0":"post-24470","1":"product","2":"type-product","3":"status-publish","4":"has-post-thumbnail","6":"product_cat-histoire","7":"product_cat-livres","8":"product_tag-alsace","9":"product_tag-histoire","10":"product_tag-krutenau","11":"product_tag-strasbourg","12":"pa_etat-de-conservation-tres-bon","13":"pa_langue-alsacien","15":"first","16":"instock","17":"shipping-taxable","18":"purchasable","19":"product-type-simple"},"_links":{"self":[{"href":"https:\/\/limage-et-le-livre.com\/en\/wp-json\/wp\/v2\/product\/24470","targetHints":{"allow":["GET"]}}],"collection":[{"href":"https:\/\/limage-et-le-livre.com\/en\/wp-json\/wp\/v2\/product"}],"about":[{"href":"https:\/\/limage-et-le-livre.com\/en\/wp-json\/wp\/v2\/types\/product"}],"version-history":[{"count":0,"href":"https:\/\/limage-et-le-livre.com\/en\/wp-json\/wp\/v2\/product\/24470\/revisions"}],"wp:featuredmedia":[{"embeddable":true,"href":"https:\/\/limage-et-le-livre.com\/en\/wp-json\/wp\/v2\/media\/24448"}],"wp:attachment":[{"href":"https:\/\/limage-et-le-livre.com\/en\/wp-json\/wp\/v2\/media?parent=24470"}],"wp:term":[{"taxonomy":"product_brand","embeddable":true,"href":"https:\/\/limage-et-le-livre.com\/en\/wp-json\/wp\/v2\/product_brand?post=24470"},{"taxonomy":"product_cat","embeddable":true,"href":"https:\/\/limage-et-le-livre.com\/en\/wp-json\/wp\/v2\/product_cat?post=24470"},{"taxonomy":"product_tag","embeddable":true,"href":"https:\/\/limage-et-le-livre.com\/en\/wp-json\/wp\/v2\/product_tag?post=24470"}],"curies":[{"name":"wp","href":"https:\/\/api.w.org\/{rel}","templated":true}]}}