{"id":24477,"date":"2026-04-15T11:05:21","date_gmt":"2026-04-15T09:05:21","guid":{"rendered":"https:\/\/limage-et-le-livre.com\/non%20class\u00e9\/tournoi-des-6-nations-natation-plongeon\/"},"modified":"2026-04-15T11:05:47","modified_gmt":"2026-04-15T09:05:47","slug":"tournoi-des-6-nations-natation-plongeon","status":"publish","type":"product","link":"https:\/\/limage-et-le-livre.com\/en\/books\/art-of-living\/mode-en\/tournoi-des-6-nations-natation-plongeon\/","title":{"rendered":"Tournoi des 6 Nations Natation Plongeon"},"content":{"rendered":"<p>Tournoi des 6 Nations &#8211; Natation Plongeon.<br \/>\nPiscine de la Kibizenau \u00e0 Strasbourg<br \/>\nDames et Messieurs<br \/>\nAvec la participation des \u00e9quipes nationales d&#8217;Allemagne, Hollande, Grande-Bretagne, Italie, Su\u00e8de et France.<\/p>\n<p>Imprimerie Georges Fr\u00e8re &#8211; Paris &#8211; Tourcoing, 1966.<\/p>\n<p>Dimensions: 78 x 28,8 cm<br \/>\nPli central.<br \/>\nBon \u00e9tat. <\/p>\n<p>Affiche pour le tournoi des 6 nations de plongeon organis\u00e9 par Strasbourg \u00e0 la piscine de la Kibitzenau. La piscine ayant \u00e9t\u00e9 inaugur\u00e9e l&#8217;ann\u00e9e pr\u00e9c\u00e9dente en 1965.  <\/p>\n<p><small>Le prix du port est calcule selon la destination et le poids du colis.<\/small><\/p>\n","protected":false},"excerpt":{"rendered":"<p>Tournoi des 6 Nations &#8211; Natation Plongeon.<\/p>\n<p>Affiche pour le tournoi des 6 nations de plongeon, organis\u00e9 par Strasbourg \u00e0 la piscine de la Kibitzenau. La piscine ayant \u00e9t\u00e9 inaugur\u00e9e l&#8217;ann\u00e9e pr\u00e9c\u00e9dente en 1965.  <\/p>\n","protected":false},"featured_media":24478,"template":"","meta":[],"product_brand":[],"product_cat":[5158,5127],"product_tag":[10142,10499,10498,10500,9924,2350],"class_list":{"0":"post-24477","1":"product","2":"type-product","3":"status-publish","4":"has-post-thumbnail","6":"product_cat-gravures-et-estampes","7":"product_cat-mode","8":"product_tag-affiche","9":"product_tag-kibizenau","10":"product_tag-natation","11":"product_tag-piscine","12":"product_tag-sport","13":"product_tag-strasbourg","14":"pa_etat-de-conservation-bon","15":"pa_illustrateur-p-walter","16":"pa_langue-francais","18":"first","19":"instock","20":"shipping-taxable","21":"purchasable","22":"product-type-simple"},"_links":{"self":[{"href":"https:\/\/limage-et-le-livre.com\/en\/wp-json\/wp\/v2\/product\/24477","targetHints":{"allow":["GET"]}}],"collection":[{"href":"https:\/\/limage-et-le-livre.com\/en\/wp-json\/wp\/v2\/product"}],"about":[{"href":"https:\/\/limage-et-le-livre.com\/en\/wp-json\/wp\/v2\/types\/product"}],"version-history":[{"count":1,"href":"https:\/\/limage-et-le-livre.com\/en\/wp-json\/wp\/v2\/product\/24477\/revisions"}],"predecessor-version":[{"id":24484,"href":"https:\/\/limage-et-le-livre.com\/en\/wp-json\/wp\/v2\/product\/24477\/revisions\/24484"}],"wp:featuredmedia":[{"embeddable":true,"href":"https:\/\/limage-et-le-livre.com\/en\/wp-json\/wp\/v2\/media\/24478"}],"wp:attachment":[{"href":"https:\/\/limage-et-le-livre.com\/en\/wp-json\/wp\/v2\/media?parent=24477"}],"wp:term":[{"taxonomy":"product_brand","embeddable":true,"href":"https:\/\/limage-et-le-livre.com\/en\/wp-json\/wp\/v2\/product_brand?post=24477"},{"taxonomy":"product_cat","embeddable":true,"href":"https:\/\/limage-et-le-livre.com\/en\/wp-json\/wp\/v2\/product_cat?post=24477"},{"taxonomy":"product_tag","embeddable":true,"href":"https:\/\/limage-et-le-livre.com\/en\/wp-json\/wp\/v2\/product_tag?post=24477"}],"curies":[{"name":"wp","href":"https:\/\/api.w.org\/{rel}","templated":true}]}}