{"id":24524,"date":"2026-04-16T08:37:35","date_gmt":"2026-04-16T06:37:35","guid":{"rendered":"https:\/\/limage-et-le-livre.com\/non class\u00e9\/le-pot-pourri-epitre-a-qui-on-voudra-suivie-dune-autre-epitre\/"},"modified":"2026-04-16T08:37:35","modified_gmt":"2026-04-16T06:37:35","slug":"le-pot-pourri-epitre-a-qui-on-voudra-suivie-dune-autre-epitre","status":"publish","type":"product","link":"https:\/\/limage-et-le-livre.com\/en\/books\/literature\/le-pot-pourri-epitre-a-qui-on-voudra-suivie-dune-autre-epitre\/","title":{"rendered":"Le Pot-pourri, \u00e9pitre \u00e0 qui on..."},"content":{"rendered":"<p>[Masson de Pezay] et [Claude-Joseph Dorat].<br \/>\nLe Pot-pourri, \u00e9pitre \u00e0 qui on voudra ; suivie d&#8217;une autre \u00e9p\u00eetre, par l&#8217;auteur de Z\u00e9lis au bain <\/p>\n<p>Gen\u00e8ve et Paris, S\u00e9bastien Jorry, 1764 ; in-12 de 53 pp.. Plein veau d\u2019\u00e9poque, dos lisse avec pi\u00e8ce de titre, orn\u00e9 de caissons, encadrement de filets \u00e0 froid sur les plats.<br \/>\nQuelques frottements et \u00e9pidermures.<br \/>\n\u00c9dition originale de ce \u00ab charmant volume tr\u00e8s \u00e9l\u00e9gamment illustr\u00e9 \u00bb (Cohen, 796) de 2 frontispices, 2 vignettes et 2 culs-de-lampe grav\u00e9s par Aliamet, Le Mire et de Longueil d&#8217;apr\u00e8s Eisen.<\/p>\n<p>Petit recueil po\u00e9tique attribu\u00e9 \u00e0 Claude-Joseph Dorat, parfois associ\u00e9 au marquis de Masson de Pezay pour la seconde \u00e9p\u00eetre. L\u2019ouvrage appartient \u00e0 la litt\u00e9rature l\u00e9g\u00e8re et mondaine du XVIII\u1d49 si\u00e8cle, typique de l\u2019esprit des salons aristocratiques. Il se compose de deux po\u00e8mes sous forme de lettres en vers, o\u00f9 l\u2019auteur adopte un ton \u00e9l\u00e9gant, souvent ironique et frivole, pour \u00e9voquer les m\u0153urs et la vie sociale de son \u00e9poque. Le titre \u201cpot-pourri\u201d refl\u00e8te bien le m\u00e9lange de sujets et de tons qui caract\u00e9rise le texte. Plus qu\u2019un ouvrage philosophique, il s\u2019agit d\u2019un \u00e9crit de divertissement, repr\u00e9sentatif du go\u00fbt galant et satirique de la soci\u00e9t\u00e9 cultiv\u00e9e des Lumi\u00e8res, et il est aussi appr\u00e9ci\u00e9 aujourd\u2019hui pour la qualit\u00e9 de ses \u00e9ditions illustr\u00e9es que pour son contenu litt\u00e9raire.<\/p>\n<p><small>Le prix du port est calcule selon la destination et le poids du colis.<\/small><\/p>\n","protected":false},"excerpt":{"rendered":"<p>Edition originale de 1764.<br \/>\nEcrit de divertissement, galant et satirique, dans l&#8217;esprit des Lumi\u00e8res.<br \/>\nBelle \u00e9dition, bien illustr\u00e9e.<\/p>\n","protected":false},"featured_media":24504,"template":"","meta":[],"product_brand":[],"product_cat":[5123,5114,10364],"product_tag":[],"class_list":{"0":"post-24524","1":"product","2":"type-product","3":"status-publish","4":"has-post-thumbnail","6":"product_cat-litterature","7":"product_cat-livres","8":"product_cat-philosophie","9":"pa_etat-de-conservation-bon","10":"pa_illustrateur-aliamet-le-mire-et-de-longueil-dapres-eisen","11":"pa_langue-francais","13":"first","14":"instock","15":"shipping-taxable","16":"purchasable","17":"product-type-simple"},"_links":{"self":[{"href":"https:\/\/limage-et-le-livre.com\/en\/wp-json\/wp\/v2\/product\/24524","targetHints":{"allow":["GET"]}}],"collection":[{"href":"https:\/\/limage-et-le-livre.com\/en\/wp-json\/wp\/v2\/product"}],"about":[{"href":"https:\/\/limage-et-le-livre.com\/en\/wp-json\/wp\/v2\/types\/product"}],"version-history":[{"count":0,"href":"https:\/\/limage-et-le-livre.com\/en\/wp-json\/wp\/v2\/product\/24524\/revisions"}],"wp:featuredmedia":[{"embeddable":true,"href":"https:\/\/limage-et-le-livre.com\/en\/wp-json\/wp\/v2\/media\/24504"}],"wp:attachment":[{"href":"https:\/\/limage-et-le-livre.com\/en\/wp-json\/wp\/v2\/media?parent=24524"}],"wp:term":[{"taxonomy":"product_brand","embeddable":true,"href":"https:\/\/limage-et-le-livre.com\/en\/wp-json\/wp\/v2\/product_brand?post=24524"},{"taxonomy":"product_cat","embeddable":true,"href":"https:\/\/limage-et-le-livre.com\/en\/wp-json\/wp\/v2\/product_cat?post=24524"},{"taxonomy":"product_tag","embeddable":true,"href":"https:\/\/limage-et-le-livre.com\/en\/wp-json\/wp\/v2\/product_tag?post=24524"}],"curies":[{"name":"wp","href":"https:\/\/api.w.org\/{rel}","templated":true}]}}