{"id":24547,"date":"2026-04-16T08:38:57","date_gmt":"2026-04-16T06:38:57","guid":{"rendered":"https:\/\/limage-et-le-livre.com\/non class\u00e9\/histoire-du-ciel-considere-selon-les-idees-des-poetes-des-philosophes-et-de-moise\/"},"modified":"2026-04-16T08:38:57","modified_gmt":"2026-04-16T06:38:57","slug":"histoire-du-ciel-considere-selon-les-idees-des-poetes-des-philosophes-et-de-moise","status":"publish","type":"product","link":"https:\/\/limage-et-le-livre.com\/en\/livres\/philosophie\/histoire-du-ciel-considere-selon-les-idees-des-poetes-des-philosophes-et-de-moise\/","title":{"rendered":"Histoire du ciel consid\u00e9r\u00e9 selon les..."},"content":{"rendered":"<p>PLUCHE, No\u00ebl Antoine<\/p>\n<p>Histoire du ciel consid\u00e9r\u00e9 selon les id\u00e9es des po\u00e8tes, des philosophes et de Mo\u00efse<\/p>\n<p>Veuve Estienne, Paris, 1739 ; 2 volumes in-12 de (2) + 411 + (1) + (4) + 459 + (1) pp.<\/p>\n<p>Edition originale. <\/p>\n<p>Pleine basane de l&#8217;\u00e9poque, dos \u00e0 cinq nerfs, caissons orn\u00e9s, pi\u00e8ces de titre et de tomaison. Quelques trous de vers dans les reliures uniquement, frottements. Reliure solide.<br \/>\nInt\u00e9rieur tr\u00e8s frais.<\/p>\n<p>Bien complet des 25 gravures de Jacques-Philippe Le Bas (frontispice et 23 dans le 1er tome, 1 dans le second) repr\u00e9sentant des dieux \u00e9gyptiens et grecs, nombreux symboles et attributs. Indications int\u00e9ressantes sur le Zodiaque, la divination, les c\u00e9r\u00e9monies symboliques, l\u2019alchimie\u2026<br \/>\nCaillet (III, 8755).<\/p>\n<p>Dans Histoire du ciel consid\u00e9r\u00e9 selon les id\u00e9es des po\u00e8tes, des philosophes et de Mo\u00efse, l\u2019abb\u00e9 No\u00ebl-Antoine Pluche propose une vaste enqu\u00eate sur la mani\u00e8re dont les civilisations ont imagin\u00e9 le ciel et expliqu\u00e9 l\u2019univers. Il confronte les r\u00e9cits mythologiques antiques (grecs, \u00e9gyptiens, ph\u00e9niciens), les th\u00e9ories des philosophes naturels, et le r\u00e9cit biblique de Mo\u00efse, pour d\u00e9fendre l\u2019id\u00e9e que les mythes sont des d\u00e9formations symboliques de ph\u00e9nom\u00e8nes naturels, tandis que la Gen\u00e8se conserverait, selon lui, une v\u00e9rit\u00e9 cosmologique plus juste. L\u2019ouvrage m\u00eale \u00e9rudition, histoire des religions, astronomie ancienne et apolog\u00e9tique chr\u00e9tienne, et constitue un t\u00e9moignage important de la pens\u00e9e savante du XVIIIe si\u00e8cle, \u00e0 mi-chemin entre science des Lumi\u00e8res et th\u00e9ologie.<\/p>\n<p><small>Le prix du port est calcule selon la destination et le poids du colis.<\/small><\/p>\n","protected":false},"excerpt":{"rendered":"<p>Edition originale, int\u00e9rieur tr\u00e8s frais.<br \/>\nBelles gravures.<br \/>\nL&#8217;auteur compare mythes, philosophies antiques et Gen\u00e8se pour expliquer le ciel. Il affirme que les mythes d\u00e9forment la nature, tandis que Mo\u00efse conserverait la v\u00e9rit\u00e9 cosmologique originelle.<\/p>\n","protected":false},"featured_media":24525,"template":"","meta":[],"product_brand":[],"product_cat":[5114,10364,5134,5314],"product_tag":[10460,9242,8397,10433,727,9651,10506],"class_list":{"0":"post-24547","1":"product","2":"type-product","3":"status-publish","4":"has-post-thumbnail","6":"product_cat-livres","7":"product_cat-philosophie","8":"product_cat-religion","9":"product_cat-sciences","10":"product_tag-ciel","11":"product_tag-esoterisme","12":"product_tag-mythologie","13":"product_tag-occultisme","14":"product_tag-religion","15":"product_tag-siecle-des-lumieres","16":"product_tag-sychretisme","17":"pa_etat-de-conservation-bon","18":"pa_langue-francais","20":"first","21":"instock","22":"shipping-taxable","23":"purchasable","24":"product-type-simple"},"_links":{"self":[{"href":"https:\/\/limage-et-le-livre.com\/en\/wp-json\/wp\/v2\/product\/24547","targetHints":{"allow":["GET"]}}],"collection":[{"href":"https:\/\/limage-et-le-livre.com\/en\/wp-json\/wp\/v2\/product"}],"about":[{"href":"https:\/\/limage-et-le-livre.com\/en\/wp-json\/wp\/v2\/types\/product"}],"version-history":[{"count":0,"href":"https:\/\/limage-et-le-livre.com\/en\/wp-json\/wp\/v2\/product\/24547\/revisions"}],"wp:featuredmedia":[{"embeddable":true,"href":"https:\/\/limage-et-le-livre.com\/en\/wp-json\/wp\/v2\/media\/24525"}],"wp:attachment":[{"href":"https:\/\/limage-et-le-livre.com\/en\/wp-json\/wp\/v2\/media?parent=24547"}],"wp:term":[{"taxonomy":"product_brand","embeddable":true,"href":"https:\/\/limage-et-le-livre.com\/en\/wp-json\/wp\/v2\/product_brand?post=24547"},{"taxonomy":"product_cat","embeddable":true,"href":"https:\/\/limage-et-le-livre.com\/en\/wp-json\/wp\/v2\/product_cat?post=24547"},{"taxonomy":"product_tag","embeddable":true,"href":"https:\/\/limage-et-le-livre.com\/en\/wp-json\/wp\/v2\/product_tag?post=24547"}],"curies":[{"name":"wp","href":"https:\/\/api.w.org\/{rel}","templated":true}]}}