{"id":24556,"date":"2026-04-20T17:27:47","date_gmt":"2026-04-20T15:27:47","guid":{"rendered":"https:\/\/limage-et-le-livre.com\/non class\u00e9\/saint-martin-le-philosphe-inconnu-sa-vie-et-ses-ecrits\/"},"modified":"2026-04-20T17:27:47","modified_gmt":"2026-04-20T15:27:47","slug":"saint-martin-le-philosphe-inconnu-sa-vie-et-ses-ecrits","status":"publish","type":"product","link":"https:\/\/limage-et-le-livre.com\/en\/livres\/esoterisme\/saint-martin-le-philosphe-inconnu-sa-vie-et-ses-ecrits\/","title":{"rendered":"Saint-Martin, le Philosphe Inconnu, sa vie..."},"content":{"rendered":"<p>Jacques Matter.<\/p>\n<p>Saint-Martin, le philosophe inconnu : sa vie et ses \u00e9crits, son ma\u00eetre Martinez et leurs groupes.<\/p>\n<p>In-12, dos chagrin \u00e0 4 nerfs, couverture cartonn\u00e9e. Tranches mouchet\u00e9es. Coins, mors et coiffes en bon \u00e9tat.<br \/>\nPr\u00e9face XI pp. + 460 pp.<br \/>\nQuelques rousseurs \u00e0 l&#8217;int\u00e9rieur mais \u00e9tat tr\u00e8s satisfaisant.<\/p>\n<p>Ouvrage de Jacques Matter, publi\u00e9 \u00e0 Paris en 1864 (deuxi\u00e8me \u00e9dition), consacr\u00e9 \u00e0 Louis-Claude de Saint-Martin (1743\u20131803), dit \u00ab le Philosophe inconnu \u00bb. Cette \u00e9tude biographique et historique retrace la vie, la formation et l\u2019\u00e9volution spirituelle de Saint-Martin, figure majeure du mysticisme chr\u00e9tien fran\u00e7ais du XVIIIe si\u00e8cle. L\u2019auteur y examine \u00e9galement l\u2019influence d\u00e9terminante de Martinez de Pasqually et des cercles des \u00c9lus Co\u00ebns sur la pens\u00e9e de Saint-Martin, ainsi que la naissance des courants martinistes. S\u2019appuyant sur des documents et t\u00e9moignages de son \u00e9poque, Matter propose une analyse \u00e9rudite du cheminement intellectuel et mystique de son sujet, mettant en lumi\u00e8re son passage d\u2019une th\u00e9urgie initiatique vers une spiritualit\u00e9 int\u00e9rieure et contemplative. <\/p>\n<p>\u00c0 Strasbourg, o\u00f9 il s\u00e9journe environ un an (vers 1788\u20131789), Saint-Martin s\u2019\u00e9loigne des cercles initiatiques pour se tourner vers une mystique plus int\u00e9rieure. Ce passage marque un tournant vers une spiritualit\u00e9 centr\u00e9e sur la relation directe de l\u2019\u00e2me avec Dieu.<\/p>\n<p>Consid\u00e9r\u00e9 comme l\u2019une des premi\u00e8res grandes biographies de r\u00e9f\u00e9rence sur Saint-Martin, cet ouvrage demeure une source importante pour l\u2019\u00e9tude de l\u2019\u00e9sot\u00e9risme et de la pens\u00e9e mystique en France au XVIIIe si\u00e8cle.<\/p>\n<p><small>Le prix du port est calcule selon la destination et le poids du colis.<\/small><\/p>\n","protected":false},"excerpt":{"rendered":"<p>L&#8217;une des premi\u00e8res biographies de r\u00e9f\u00e9rence sur Saint-Martin, cet ouvrage est une source importante pour l\u2019\u00e9tude de l\u2019\u00e9sot\u00e9risme et de la pens\u00e9e mystique en France au XVIIIe si\u00e8cle si\u00e8cle.<\/p>\n","protected":false},"featured_media":24548,"template":"","meta":[],"product_brand":[],"product_cat":[10508,5114,10364],"product_tag":[10513,9242,10510,10512,10509,10511,727],"class_list":{"0":"post-24556","1":"product","2":"type-product","3":"status-publish","4":"has-post-thumbnail","6":"product_cat-esoterisme","7":"product_cat-livres","8":"product_cat-philosophie","9":"product_tag-elus-coens","10":"product_tag-esoterisme","11":"product_tag-louis-claude-de-saint-martin","12":"product_tag-martinez-de-pasqually","13":"product_tag-martinisme","14":"product_tag-mysticisme","15":"product_tag-religion","16":"pa_etat-de-conservation-bon","17":"pa_langue-francais","19":"first","20":"instock","21":"shipping-taxable","22":"purchasable","23":"product-type-simple"},"_links":{"self":[{"href":"https:\/\/limage-et-le-livre.com\/en\/wp-json\/wp\/v2\/product\/24556","targetHints":{"allow":["GET"]}}],"collection":[{"href":"https:\/\/limage-et-le-livre.com\/en\/wp-json\/wp\/v2\/product"}],"about":[{"href":"https:\/\/limage-et-le-livre.com\/en\/wp-json\/wp\/v2\/types\/product"}],"version-history":[{"count":0,"href":"https:\/\/limage-et-le-livre.com\/en\/wp-json\/wp\/v2\/product\/24556\/revisions"}],"wp:featuredmedia":[{"embeddable":true,"href":"https:\/\/limage-et-le-livre.com\/en\/wp-json\/wp\/v2\/media\/24548"}],"wp:attachment":[{"href":"https:\/\/limage-et-le-livre.com\/en\/wp-json\/wp\/v2\/media?parent=24556"}],"wp:term":[{"taxonomy":"product_brand","embeddable":true,"href":"https:\/\/limage-et-le-livre.com\/en\/wp-json\/wp\/v2\/product_brand?post=24556"},{"taxonomy":"product_cat","embeddable":true,"href":"https:\/\/limage-et-le-livre.com\/en\/wp-json\/wp\/v2\/product_cat?post=24556"},{"taxonomy":"product_tag","embeddable":true,"href":"https:\/\/limage-et-le-livre.com\/en\/wp-json\/wp\/v2\/product_tag?post=24556"}],"curies":[{"name":"wp","href":"https:\/\/api.w.org\/{rel}","templated":true}]}}