{"id":24577,"date":"2026-04-20T17:28:38","date_gmt":"2026-04-20T15:28:38","guid":{"rendered":"https:\/\/limage-et-le-livre.com\/non class\u00e9\/les-reliures-aux-armoiries-de-pierre-ernest-de-mansfeld\/"},"modified":"2026-04-20T17:28:38","modified_gmt":"2026-04-20T15:28:38","slug":"les-reliures-aux-armoiries-de-pierre-ernest-de-mansfeld","status":"publish","type":"product","link":"https:\/\/limage-et-le-livre.com\/en\/books\/history\/les-reliures-aux-armoiries-de-pierre-ernest-de-mansfeld\/","title":{"rendered":"Les reliures aux armoiries de Pierre..."},"content":{"rendered":"<p>Les reliures aux armoiries de Pierre Ernest de Mansfeld.<\/p>\n<p>Imprimerie Saint-Paul, Luxembourg, 1978.<br \/>\nExemplaire num\u00e9rot\u00e9 527.<br \/>\nBon \u00e9tat.<\/p>\n<p>Les reliures aux armoiries de Pierre Ernest de Mansfeld (1978) est un ouvrage sp\u00e9cialis\u00e9 qui pr\u00e9sente et d\u00e9crit des reliures anciennes portant les armoiries de Pierre Ernest de Mansfeld. Pierre Ernest de Mansfeld est un grand seigneur et homme d\u2019\u00c9tat du XVIe si\u00e8cle, gouverneur du Luxembourg au service des Habsbourg, connu pour son r\u00f4le politique et militaire en Europe. Le livre s\u2019int\u00e9resse \u00e0 l\u2019histoire de ces reliures, \u00e0 leur fabrication et \u00e0 leur usage comme objets de prestige marquant la propri\u00e9t\u00e9 et le rang social de leur commanditaire.<\/p>\n<p><small>Le prix du port est calcule selon la destination et le poids du colis.<\/small><\/p>\n","protected":false},"excerpt":{"rendered":"<p>Exemplaire num\u00e9rot\u00e9 527.<br \/>\nSource d\u00e9taill\u00e9e sur les reliures aux armes d&#8217;Ernest de Mansfeld, Gouverneur du Luxembourg au service des Habsbourg au 16\u00e8me si\u00e8cle.<\/p>\n","protected":false},"featured_media":24557,"template":"","meta":[],"product_brand":[],"product_cat":[5128,5114],"product_tag":[8929,10515,1130],"class_list":{"0":"post-24577","1":"product","2":"type-product","3":"status-publish","4":"has-post-thumbnail","6":"product_cat-histoire","7":"product_cat-livres","8":"product_tag-luxembourg","9":"product_tag-pierre-ernest-de-mansfeld","10":"product_tag-reliure-aux-armes","11":"pa_etat-de-conservation-bon","12":"pa_langue-francais","14":"first","15":"instock","16":"shipping-taxable","17":"purchasable","18":"product-type-simple"},"_links":{"self":[{"href":"https:\/\/limage-et-le-livre.com\/en\/wp-json\/wp\/v2\/product\/24577","targetHints":{"allow":["GET"]}}],"collection":[{"href":"https:\/\/limage-et-le-livre.com\/en\/wp-json\/wp\/v2\/product"}],"about":[{"href":"https:\/\/limage-et-le-livre.com\/en\/wp-json\/wp\/v2\/types\/product"}],"version-history":[{"count":0,"href":"https:\/\/limage-et-le-livre.com\/en\/wp-json\/wp\/v2\/product\/24577\/revisions"}],"wp:featuredmedia":[{"embeddable":true,"href":"https:\/\/limage-et-le-livre.com\/en\/wp-json\/wp\/v2\/media\/24557"}],"wp:attachment":[{"href":"https:\/\/limage-et-le-livre.com\/en\/wp-json\/wp\/v2\/media?parent=24577"}],"wp:term":[{"taxonomy":"product_brand","embeddable":true,"href":"https:\/\/limage-et-le-livre.com\/en\/wp-json\/wp\/v2\/product_brand?post=24577"},{"taxonomy":"product_cat","embeddable":true,"href":"https:\/\/limage-et-le-livre.com\/en\/wp-json\/wp\/v2\/product_cat?post=24577"},{"taxonomy":"product_tag","embeddable":true,"href":"https:\/\/limage-et-le-livre.com\/en\/wp-json\/wp\/v2\/product_tag?post=24577"}],"curies":[{"name":"wp","href":"https:\/\/api.w.org\/{rel}","templated":true}]}}