{"id":24598,"date":"2026-04-21T18:13:06","date_gmt":"2026-04-21T16:13:06","guid":{"rendered":"https:\/\/limage-et-le-livre.com\/non%20class\u00e9\/plan-manuscrit-de-strasbourg-et-de-kehl\/"},"modified":"2026-04-21T21:05:15","modified_gmt":"2026-04-21T19:05:15","slug":"plan-manuscrit-de-strasbourg-et-de-kehl","status":"publish","type":"product","link":"https:\/\/limage-et-le-livre.com\/en\/books\/fine-arts\/architecture-en\/plan-manuscrit-de-strasbourg-et-de-kehl\/","title":{"rendered":"Plan manuscrit de Strasbourg et de..."},"content":{"rendered":"<p>Strasbourg et le fort de Kehl et Les attaques en 1703.<\/p>\n<p>Anonyme<\/p>\n<p>Manuscrit, ca 1730.<br \/>\nColoris d&#8217;\u00e9poque.<\/p>\n<p>Dimension du plan: 45,5 x 68 cm<br \/>\nDimension du feuillet: 47,2 x 69,6 cm<\/p>\n<p>Plan finement ex\u00e9cut\u00e9 et aquarell\u00e9.<\/p>\n<p>Inachev\u00e9, le cartouche &#8220;Carte particuli\u00e8re des environs&#8221; n&#8217;est pas dessin\u00e9 bien que l&#8217;emplacement soit pr\u00e9vu.<br \/>\nLe titre de Strasbourg, sans le &#8220;G&#8221;, t\u00e9moigne d&#8217;une \u00e9poque o\u00f9 les noms de villes pouvaient encore couramment varier dans leur orthographe.<br \/>\nSous le titre \u00e0 la plume on lit finement au crayon le titre de travail.<br \/>\nQuelques voies terrestres sont dessin\u00e9es mais pas encore aquarell\u00e9es.<\/p>\n<p>On notera des restaurations de renforcement de trois plis longitudinaux, au verso. Et quelques tr\u00e8s l\u00e9gers manques, mais sans gravit\u00e9, au bord inf\u00e9rieur gauche, milieu inf\u00e9rieur et  au bord sup\u00e9rieur gauche. Salissures au coin inf\u00e9rieur gauche.<br \/>\nL&#8217;ensemble du dessin est encadr\u00e9 d&#8217;un liser\u00e9 vert.<\/p>\n<p>En 1703, le mar\u00e9chal Claude Louis Hector de Villars prend le fort de Kehl, cl\u00e9 du passage du Rhin. C&#8217;est une victoire fran\u00e7aise qui s\u00e9curise l\u2019Alsace face au Saint-Empire.<\/p>\n<p><small>Le prix du port est calcule selon la destination et le poids du colis.<\/small><\/p>\n","protected":false},"excerpt":{"rendered":"<p>Manuscrit, ca 1730.<br \/>\nColoris d&#8217;\u00e9poque.<\/p>\n","protected":false},"featured_media":24620,"template":"","meta":[],"product_brand":[],"product_cat":[5241,10357,10348,5158,5114,5151],"product_tag":[10445,877,10517,9930,1112,9808,2350],"class_list":{"0":"post-24598","1":"product","2":"type-product","3":"status-publish","4":"has-post-thumbnail","6":"product_cat-architecture","7":"product_cat-cartes-plans","8":"product_cat-documents","9":"product_cat-gravures-et-estampes","10":"product_cat-livres","11":"product_cat-manuscrits","12":"product_tag-18eme","13":"product_tag-alsace","14":"product_tag-claude-louis-hector-de-villars","15":"product_tag-kehl","16":"product_tag-manuscrit","17":"product_tag-plan-manuscrit","18":"product_tag-strasbourg","19":"pa_etat-de-conservation-bon","20":"pa_langue-francais","22":"first","23":"instock","24":"shipping-taxable","25":"purchasable","26":"product-type-simple"},"_links":{"self":[{"href":"https:\/\/limage-et-le-livre.com\/en\/wp-json\/wp\/v2\/product\/24598","targetHints":{"allow":["GET"]}}],"collection":[{"href":"https:\/\/limage-et-le-livre.com\/en\/wp-json\/wp\/v2\/product"}],"about":[{"href":"https:\/\/limage-et-le-livre.com\/en\/wp-json\/wp\/v2\/types\/product"}],"version-history":[{"count":2,"href":"https:\/\/limage-et-le-livre.com\/en\/wp-json\/wp\/v2\/product\/24598\/revisions"}],"predecessor-version":[{"id":24640,"href":"https:\/\/limage-et-le-livre.com\/en\/wp-json\/wp\/v2\/product\/24598\/revisions\/24640"}],"wp:featuredmedia":[{"embeddable":true,"href":"https:\/\/limage-et-le-livre.com\/en\/wp-json\/wp\/v2\/media\/24620"}],"wp:attachment":[{"href":"https:\/\/limage-et-le-livre.com\/en\/wp-json\/wp\/v2\/media?parent=24598"}],"wp:term":[{"taxonomy":"product_brand","embeddable":true,"href":"https:\/\/limage-et-le-livre.com\/en\/wp-json\/wp\/v2\/product_brand?post=24598"},{"taxonomy":"product_cat","embeddable":true,"href":"https:\/\/limage-et-le-livre.com\/en\/wp-json\/wp\/v2\/product_cat?post=24598"},{"taxonomy":"product_tag","embeddable":true,"href":"https:\/\/limage-et-le-livre.com\/en\/wp-json\/wp\/v2\/product_tag?post=24598"}],"curies":[{"name":"wp","href":"https:\/\/api.w.org\/{rel}","templated":true}]}}